{"id":4537,"date":"2020-01-02T14:08:31","date_gmt":"2020-01-02T14:08:31","guid":{"rendered":"https:\/\/bioera.es\/producto\/bioradis-sem\/"},"modified":"2026-02-12T08:16:21","modified_gmt":"2026-02-12T08:16:21","slug":"bioradis-sem","status":"publish","type":"product","link":"https:\/\/bioera.es\/pt-pt\/producto\/bioradis-sem\/","title":{"rendered":"Bioradis Sem"},"content":{"rendered":"<div class=\"row\"  id=\"row-1738091195\">\n\n\t<div id=\"col-745183568\" class=\"col small-12 large-12\"  >\n\t\t\t\t<div class=\"col-inner\"  >\n\t\t\t\n\t\t\t\n<div class=\"container section-title-container\" ><h4 class=\"section-title section-title-normal\"><b aria-hidden=\"true\"><\/b><span class=\"section-title-main\" >Adequado para<\/span><b aria-hidden=\"true\"><\/b><\/h4><\/div>\n\t\t<\/div>\n\t\t\t\t\n<style>\n#col-745183568 > .col-inner {\n  margin: 0px 0px -45px 0px;\n}\n<\/style>\n\t<\/div>\n\n\t\n\n\t<div id=\"col-1313367167\" class=\"col small-12 large-12\"  >\n\t\t\t\t<div class=\"col-inner\"  >\n\t\t\t\n\t\t\t\n<div class=\"row\"  id=\"row-560962647\">\n\n\t<div id=\"col-561726487\" class=\"col medium-3 small-12 large-3\"  >\n\t\t\t\t<div class=\"col-inner\"  >\n\t\t\t\n\t\t\t\n\t<div id=\"stack-11005085\" class=\"stack stack-row justify-start items-stretch sm:stack-row sm:justify-start sm:items-stretch\">\n\t\t\n\t<div class=\"img has-hover x md-x lg-x y md-y lg-y\" id=\"image_472508105\">\n\t\t\t\t\t\t\t\t<div class=\"img-inner dark\" >\n\t\t\t<img loading=\"lazy\" decoding=\"async\" width=\"303\" height=\"311\" src=\"https:\/\/bioera.es\/wp-content\/uploads\/2019\/11\/8Recurso-23V3.png\" class=\"attachment-large size-large\" alt=\"\" srcset=\"https:\/\/bioera.es\/wp-content\/uploads\/2019\/11\/8Recurso-23V3.png 303w, https:\/\/bioera.es\/wp-content\/uploads\/2019\/11\/8Recurso-23V3-292x300.png 292w\" sizes=\"auto, (max-width: 303px) 100vw, 303px\" \/>\t\t\t\t\t\t\n\t\t\t\t\t<\/div>\n\t\t\t\t\t\t\t\t\n<style>\n#image_472508105 {\n  width: 100%;\n}\n<\/style>\n\t<\/div>\n\t\n\t<div class=\"img has-hover x md-x lg-x y md-y lg-y\" id=\"image_1701835092\">\n\t\t\t\t\t\t\t\t<div class=\"img-inner dark\" >\n\t\t\t<img loading=\"lazy\" decoding=\"async\" width=\"303\" height=\"308\" src=\"https:\/\/bioera.es\/wp-content\/uploads\/2019\/11\/8Recurso-22V3.png\" class=\"attachment-large size-large\" alt=\"\" srcset=\"https:\/\/bioera.es\/wp-content\/uploads\/2019\/11\/8Recurso-22V3.png 303w, https:\/\/bioera.es\/wp-content\/uploads\/2019\/11\/8Recurso-22V3-295x300.png 295w\" sizes=\"auto, (max-width: 303px) 100vw, 303px\" \/>\t\t\t\t\t\t\n\t\t\t\t\t<\/div>\n\t\t\t\t\t\t\t\t\n<style>\n#image_1701835092 {\n  width: 100%;\n}\n<\/style>\n\t<\/div>\n\t\n\t<div class=\"img has-hover x md-x lg-x y md-y lg-y\" id=\"image_2060623863\">\n\t\t\t\t\t\t\t\t<div class=\"img-inner dark\" >\n\t\t\t<img loading=\"lazy\" decoding=\"async\" width=\"302\" height=\"357\" src=\"https:\/\/bioera.es\/wp-content\/uploads\/2019\/11\/8Recurso-15V3.png\" class=\"attachment-large size-large\" alt=\"\" srcset=\"https:\/\/bioera.es\/wp-content\/uploads\/2019\/11\/8Recurso-15V3.png 302w, https:\/\/bioera.es\/wp-content\/uploads\/2019\/11\/8Recurso-15V3-254x300.png 254w\" sizes=\"auto, (max-width: 302px) 100vw, 302px\" \/>\t\t\t\t\t\t\n\t\t\t\t\t<\/div>\n\t\t\t\t\t\t\t\t\n<style>\n#image_2060623863 {\n  width: 100%;\n}\n<\/style>\n\t<\/div>\n\t\n\t\t\n<style>\n#stack-11005085 > * {\n  --stack-gap: 0rem;\n}\n@media (min-width:550px) {\n  #stack-11005085 > * {\n    --stack-gap: 0rem;\n  }\n}\n<\/style>\n\t<\/div>\n\t\n\t\t<\/div>\n\t\t\t\t\t<\/div>\n\n\t\n<\/div>\n\t\t<\/div>\n\t\t\t\t\t<\/div>\n\n\t\n<\/div>\n<div class=\"row row-large\"  id=\"row-1522581759\">\n\n\t<div id=\"col-1015517885\" class=\"col medium-4 small-12 large-4\"  data-animate=\"fadeInDown\">\n\t\t\t\t<div class=\"col-inner\"  >\n\t\t\t\n\t\t\t\n<div class=\"container section-title-container\" ><h4 class=\"section-title section-title-normal\"><b aria-hidden=\"true\"><\/b><span class=\"section-title-main\" style=\"font-size:84%;\">Instru\u00e7\u00f5es de utiliza\u00e7\u00e3o<\/span><b aria-hidden=\"true\"><\/b><\/h4><\/div>\n<p class=\"p1\">O produto est\u00e1 formulado para ser misturado com substratos em sementeiras e sistemas de propaga\u00e7\u00e3o em massa com tabuleiros alveolares com uma capacidade inferior a 250 cc por alv\u00e9olo. Camas de sementes hort\u00edcolas e propaga\u00e7\u00e3o em massa em tabuleiros alveolares: Mistura com o meio de cultivo: 5Kg\/m3 <\/p>\n\t\t<\/div>\n\t\t\t\t\t<\/div>\n\n\t\n\n\t<div id=\"col-1239733926\" class=\"col medium-4 small-12 large-4\"  data-animate=\"fadeInDown\">\n\t\t\t\t<div class=\"col-inner\"  >\n\t\t\t\n\t\t\t\n<div class=\"container section-title-container\" ><h4 class=\"section-title section-title-normal\"><b aria-hidden=\"true\"><\/b><span class=\"section-title-main\" style=\"font-size:84%;\">\u00cdNDICE<\/span><b aria-hidden=\"true\"><\/b><\/h4><\/div>\n<p class=\"p1\">Inoculante biol\u00f3gico composto por 5 esp\u00e9cies de micorrizas arbusculares (Rhizophagus irregularis, Septoglomus deserticola, Funneliformis mosseae, Claroideoglomus etunicatum e C. claroideum) e 4 estirpes de bact\u00e9rias PGP (Bacillus megaterium, B. altitudinis, B. subtilis e B. licheniformis).<\/p>\n\t\t<\/div>\n\t\t\t\t\t<\/div>\n\n\t\n\n\t<div id=\"col-1562857959\" class=\"col medium-4 small-12 large-4\"  data-animate=\"fadeInDown\">\n\t\t\t\t<div class=\"col-inner\"  >\n\t\t\t\n\t\t\t\n<div class=\"container section-title-container\" ><h4 class=\"section-title section-title-normal\"><b aria-hidden=\"true\"><\/b><span class=\"section-title-main\" style=\"font-size:84%;\">Fornecido em:<\/span><b aria-hidden=\"true\"><\/b><\/h4><\/div>\n<p class=\"p1\">Baldes de 5 kg<\/p>\n\t\t<\/div>\n\t\t\t\t\t<\/div>\n\n\t\n<\/div>\n<p><i>Composi\u00e7\u00e3o conforme distribu\u00edda na Espanha. Para cumprir as regulamenta\u00e7\u00f5es nacionais e internacionais vigentes, a formula\u00e7\u00e3o do produto pode variar em outros pa\u00edses. Por favor, entre em contato com nosso servi\u00e7o t\u00e9cnico ou representante de vendas para verificar a formula\u00e7\u00e3o<\/i>.<\/p>\n","protected":false},"excerpt":{"rendered":"<h4>Inoculante endomicorr\u00edzico enriquecido com rizobact\u00e9rias para misturas de pl\u00e2ntulas<\/h4>\n<ul>\n<li class=\"p1 bullet-checkmark\">Permite a micorriza\u00e7\u00e3o precoce da cultura<\/li>\n<li class=\"p1 bullet-checkmark\">Prepara a planta para tolerar situa\u00e7\u00f5es de stress no campo.<\/li>\n<li class=\"p1 bullet-checkmark\">Aumenta a sobreviv\u00eancia do transplante<\/li>\n<li class=\"p1 bullet-checkmark\">Promove a forma\u00e7\u00e3o de ra\u00edzes secund\u00e1rias<\/li>\n<\/ul>\n","protected":false},"featured_media":5698,"comment_status":"open","ping_status":"closed","template":"","meta":[],"product_brand":[],"product_cat":[73],"product_tag":[],"class_list":{"0":"post-4537","1":"product","2":"type-product","3":"status-publish","4":"has-post-thumbnail","6":"product_cat-microbios","8":"first","9":"instock","10":"shipping-taxable","11":"product-type-simple"},"_links":{"self":[{"href":"https:\/\/bioera.es\/pt-pt\/wp-json\/wp\/v2\/product\/4537","targetHints":{"allow":["GET"]}}],"collection":[{"href":"https:\/\/bioera.es\/pt-pt\/wp-json\/wp\/v2\/product"}],"about":[{"href":"https:\/\/bioera.es\/pt-pt\/wp-json\/wp\/v2\/types\/product"}],"replies":[{"embeddable":true,"href":"https:\/\/bioera.es\/pt-pt\/wp-json\/wp\/v2\/comments?post=4537"}],"wp:featuredmedia":[{"embeddable":true,"href":"https:\/\/bioera.es\/pt-pt\/wp-json\/wp\/v2\/media\/5698"}],"wp:attachment":[{"href":"https:\/\/bioera.es\/pt-pt\/wp-json\/wp\/v2\/media?parent=4537"}],"wp:term":[{"taxonomy":"product_brand","embeddable":true,"href":"https:\/\/bioera.es\/pt-pt\/wp-json\/wp\/v2\/product_brand?post=4537"},{"taxonomy":"product_cat","embeddable":true,"href":"https:\/\/bioera.es\/pt-pt\/wp-json\/wp\/v2\/product_cat?post=4537"},{"taxonomy":"product_tag","embeddable":true,"href":"https:\/\/bioera.es\/pt-pt\/wp-json\/wp\/v2\/product_tag?post=4537"}],"curies":[{"name":"wp","href":"https:\/\/api.w.org\/{rel}","templated":true}]}}