{"id":4489,"date":"2020-01-05T15:55:41","date_gmt":"2020-01-05T15:55:41","guid":{"rendered":"https:\/\/bioera.es\/producto\/bactifol\/"},"modified":"2025-11-14T11:02:38","modified_gmt":"2025-11-14T11:02:38","slug":"bactifol","status":"publish","type":"product","link":"https:\/\/bioera.es\/pt-pt\/producto\/bactifol\/","title":{"rendered":"Bactifol"},"content":{"rendered":"<div class=\"row\"  id=\"row-209472534\">\n\n\t<div id=\"col-1008708271\" class=\"col small-12 large-12\"  >\n\t\t\t\t<div class=\"col-inner\"  >\n\t\t\t\n\t\t\t\n<div class=\"container section-title-container\" ><h4 class=\"section-title section-title-normal\"><b aria-hidden=\"true\"><\/b><span class=\"section-title-main\" >Adequado para<\/span><b aria-hidden=\"true\"><\/b><\/h4><\/div>\n\t\t<\/div>\n\t\t\t\t\n<style>\n#col-1008708271 > .col-inner {\n  margin: 0px 0px -45px 0px;\n}\n<\/style>\n\t<\/div>\n\n\t\n\n\t<div id=\"col-67693655\" class=\"col small-12 large-12\"  >\n\t\t\t\t<div class=\"col-inner\"  >\n\t\t\t\n\t\t\t\n<div class=\"row\"  id=\"row-1300740580\">\n\n\t<div id=\"col-666870245\" class=\"col medium-8 small-12 large-8\"  >\n\t\t\t\t<div class=\"col-inner\"  >\n\t\t\t\n\t\t\t\n\t<div id=\"stack-4005935605\" class=\"stack stack-row justify-start items-stretch sm:stack-row sm:justify-start sm:items-stretch\">\n\t\t\n\t<div class=\"img has-hover x md-x lg-x y md-y lg-y\" id=\"image_1748775535\">\n\t\t\t\t\t\t\t\t<div class=\"img-inner dark\" >\n\t\t\t<img loading=\"lazy\" decoding=\"async\" width=\"303\" height=\"311\" src=\"https:\/\/bioera.es\/wp-content\/uploads\/2019\/11\/8Recurso-23V3.png\" class=\"attachment-large size-large\" alt=\"\" srcset=\"https:\/\/bioera.es\/wp-content\/uploads\/2019\/11\/8Recurso-23V3.png 303w, https:\/\/bioera.es\/wp-content\/uploads\/2019\/11\/8Recurso-23V3-292x300.png 292w\" sizes=\"auto, (max-width: 303px) 100vw, 303px\" \/>\t\t\t\t\t\t\n\t\t\t\t\t<\/div>\n\t\t\t\t\t\t\t\t\n<style>\n#image_1748775535 {\n  width: 100%;\n}\n<\/style>\n\t<\/div>\n\t\n\t<div class=\"img has-hover x md-x lg-x y md-y lg-y\" id=\"image_168110126\">\n\t\t\t\t\t\t\t\t<div class=\"img-inner dark\" >\n\t\t\t<img loading=\"lazy\" decoding=\"async\" width=\"302\" height=\"301\" src=\"https:\/\/bioera.es\/wp-content\/uploads\/2019\/11\/8Recurso-19V3.png\" class=\"attachment-large size-large\" alt=\"\" srcset=\"https:\/\/bioera.es\/wp-content\/uploads\/2019\/11\/8Recurso-19V3.png 302w, https:\/\/bioera.es\/wp-content\/uploads\/2019\/11\/8Recurso-19V3-300x300.png 300w, https:\/\/bioera.es\/wp-content\/uploads\/2019\/11\/8Recurso-19V3-150x150.png 150w, https:\/\/bioera.es\/wp-content\/uploads\/2019\/11\/8Recurso-19V3-100x100.png 100w\" sizes=\"auto, (max-width: 302px) 100vw, 302px\" \/>\t\t\t\t\t\t\n\t\t\t\t\t<\/div>\n\t\t\t\t\t\t\t\t\n<style>\n#image_168110126 {\n  width: 100%;\n}\n<\/style>\n\t<\/div>\n\t\n\t<div class=\"img has-hover x md-x lg-x y md-y lg-y\" id=\"image_2124742488\">\n\t\t\t\t\t\t\t\t<div class=\"img-inner dark\" >\n\t\t\t<img loading=\"lazy\" decoding=\"async\" width=\"303\" height=\"309\" src=\"https:\/\/bioera.es\/wp-content\/uploads\/2019\/11\/8Recurso-21V3.png\" class=\"attachment-large size-large\" alt=\"\" srcset=\"https:\/\/bioera.es\/wp-content\/uploads\/2019\/11\/8Recurso-21V3.png 303w, https:\/\/bioera.es\/wp-content\/uploads\/2019\/11\/8Recurso-21V3-294x300.png 294w\" sizes=\"auto, (max-width: 303px) 100vw, 303px\" \/>\t\t\t\t\t\t\n\t\t\t\t\t<\/div>\n\t\t\t\t\t\t\t\t\n<style>\n#image_2124742488 {\n  width: 100%;\n}\n<\/style>\n\t<\/div>\n\t\n\t<div class=\"img has-hover x md-x lg-x y md-y lg-y\" id=\"image_155965219\">\n\t\t\t\t\t\t\t\t<div class=\"img-inner dark\" >\n\t\t\t<img loading=\"lazy\" decoding=\"async\" width=\"303\" height=\"308\" src=\"https:\/\/bioera.es\/wp-content\/uploads\/2019\/11\/8Recurso-22V3.png\" class=\"attachment-large size-large\" alt=\"\" srcset=\"https:\/\/bioera.es\/wp-content\/uploads\/2019\/11\/8Recurso-22V3.png 303w, https:\/\/bioera.es\/wp-content\/uploads\/2019\/11\/8Recurso-22V3-295x300.png 295w\" sizes=\"auto, (max-width: 303px) 100vw, 303px\" \/>\t\t\t\t\t\t\n\t\t\t\t\t<\/div>\n\t\t\t\t\t\t\t\t\n<style>\n#image_155965219 {\n  width: 100%;\n}\n<\/style>\n\t<\/div>\n\t\n\t<div class=\"img has-hover x md-x lg-x y md-y lg-y\" id=\"image_2126597723\">\n\t\t\t\t\t\t\t\t<div class=\"img-inner dark\" >\n\t\t\t<img loading=\"lazy\" decoding=\"async\" width=\"302\" height=\"307\" src=\"https:\/\/bioera.es\/wp-content\/uploads\/2019\/11\/8Recurso-20V3.png\" class=\"attachment-large size-large\" alt=\"\" srcset=\"https:\/\/bioera.es\/wp-content\/uploads\/2019\/11\/8Recurso-20V3.png 302w, https:\/\/bioera.es\/wp-content\/uploads\/2019\/11\/8Recurso-20V3-295x300.png 295w\" sizes=\"auto, (max-width: 302px) 100vw, 302px\" \/>\t\t\t\t\t\t\n\t\t\t\t\t<\/div>\n\t\t\t\t\t\t\t\t\n<style>\n#image_2126597723 {\n  width: 100%;\n}\n<\/style>\n\t<\/div>\n\t\n\t<div class=\"img has-hover x md-x lg-x y md-y lg-y\" id=\"image_2019690198\">\n\t\t\t\t\t\t\t\t<div class=\"img-inner dark\" >\n\t\t\t<img loading=\"lazy\" decoding=\"async\" width=\"302\" height=\"357\" src=\"https:\/\/bioera.es\/wp-content\/uploads\/2019\/11\/8Recurso-15V3.png\" class=\"attachment-large size-large\" alt=\"\" srcset=\"https:\/\/bioera.es\/wp-content\/uploads\/2019\/11\/8Recurso-15V3.png 302w, https:\/\/bioera.es\/wp-content\/uploads\/2019\/11\/8Recurso-15V3-254x300.png 254w\" sizes=\"auto, (max-width: 302px) 100vw, 302px\" \/>\t\t\t\t\t\t\n\t\t\t\t\t<\/div>\n\t\t\t\t\t\t\t\t\n<style>\n#image_2019690198 {\n  width: 100%;\n}\n<\/style>\n\t<\/div>\n\t\n\t<div class=\"img has-hover x md-x lg-x y md-y lg-y\" id=\"image_1879894640\">\n\t\t\t\t\t\t\t\t<div class=\"img-inner dark\" >\n\t\t\t<img loading=\"lazy\" decoding=\"async\" width=\"333\" height=\"312\" src=\"https:\/\/bioera.es\/wp-content\/uploads\/2019\/11\/8Recurso-17V3.png\" class=\"attachment-large size-large\" alt=\"\" srcset=\"https:\/\/bioera.es\/wp-content\/uploads\/2019\/11\/8Recurso-17V3.png 333w, https:\/\/bioera.es\/wp-content\/uploads\/2019\/11\/8Recurso-17V3-300x281.png 300w\" sizes=\"auto, (max-width: 333px) 100vw, 333px\" \/>\t\t\t\t\t\t\n\t\t\t\t\t<\/div>\n\t\t\t\t\t\t\t\t\n<style>\n#image_1879894640 {\n  width: 100%;\n}\n<\/style>\n\t<\/div>\n\t\n\t<div class=\"img has-hover x md-x lg-x y md-y lg-y\" id=\"image_1926270039\">\n\t\t\t\t\t\t\t\t<div class=\"img-inner dark\" >\n\t\t\t<img loading=\"lazy\" decoding=\"async\" width=\"302\" height=\"306\" src=\"https:\/\/bioera.es\/wp-content\/uploads\/2019\/11\/8Recurso-16V3.png\" class=\"attachment-large size-large\" alt=\"\" srcset=\"https:\/\/bioera.es\/wp-content\/uploads\/2019\/11\/8Recurso-16V3.png 302w, https:\/\/bioera.es\/wp-content\/uploads\/2019\/11\/8Recurso-16V3-296x300.png 296w, https:\/\/bioera.es\/wp-content\/uploads\/2019\/11\/8Recurso-16V3-100x100.png 100w\" sizes=\"auto, (max-width: 302px) 100vw, 302px\" \/>\t\t\t\t\t\t\n\t\t\t\t\t<\/div>\n\t\t\t\t\t\t\t\t\n<style>\n#image_1926270039 {\n  width: 100%;\n}\n<\/style>\n\t<\/div>\n\t\n\t<div class=\"img has-hover x md-x lg-x y md-y lg-y\" id=\"image_1262892860\">\n\t\t\t\t\t\t\t\t<div class=\"img-inner dark\" >\n\t\t\t<img loading=\"lazy\" decoding=\"async\" width=\"302\" height=\"308\" src=\"https:\/\/bioera.es\/wp-content\/uploads\/2019\/11\/8Recurso-18V3.png\" class=\"attachment-large size-large\" alt=\"\" srcset=\"https:\/\/bioera.es\/wp-content\/uploads\/2019\/11\/8Recurso-18V3.png 302w, https:\/\/bioera.es\/wp-content\/uploads\/2019\/11\/8Recurso-18V3-294x300.png 294w\" sizes=\"auto, (max-width: 302px) 100vw, 302px\" \/>\t\t\t\t\t\t\n\t\t\t\t\t<\/div>\n\t\t\t\t\t\t\t\t\n<style>\n#image_1262892860 {\n  width: 100%;\n}\n<\/style>\n\t<\/div>\n\t\n\t\t\n<style>\n#stack-4005935605 > * {\n  --stack-gap: 0rem;\n}\n@media (min-width:550px) {\n  #stack-4005935605 > * {\n    --stack-gap: 0rem;\n  }\n}\n<\/style>\n\t<\/div>\n\t\n\t\t<\/div>\n\t\t\t\t\t<\/div>\n\n\t\n<\/div>\n\t\t<\/div>\n\t\t\t\t\t<\/div>\n\n\t\n<\/div>\n<div class=\"row row-large\"  id=\"row-1841419771\">\n\n\t<div id=\"col-596845789\" class=\"col medium-4 small-12 large-4\"  data-animate=\"fadeInDown\">\n\t\t\t\t<div class=\"col-inner\"  >\n\t\t\t\n\t\t\t\n<div class=\"container section-title-container\" ><h4 class=\"section-title section-title-normal\"><b aria-hidden=\"true\"><\/b><span class=\"section-title-main\" style=\"font-size:84%;\">Instru\u00e7\u00f5es de utiliza\u00e7\u00e3o<\/span><b aria-hidden=\"true\"><\/b><\/h4><\/div>\n<p class=\"p1\">Aplicar por pulveriza\u00e7\u00e3o foliar na dose de 1Kg\/Ha ou 1Kg\/1000L. Repete a aplica\u00e7\u00e3o ap\u00f3s 30 dias. Consulta o servi\u00e7o t\u00e9cnico para saberes a frequ\u00eancia de aplica\u00e7\u00e3o.  <\/p>\n\t\t<\/div>\n\t\t\t\t\t<\/div>\n\n\t\n\n\t<div id=\"col-817142136\" class=\"col medium-4 small-12 large-4\"  data-animate=\"fadeInDown\">\n\t\t\t\t<div class=\"col-inner\"  >\n\t\t\t\n\t\t\t\n<div class=\"container section-title-container\" ><h4 class=\"section-title section-title-normal\"><b aria-hidden=\"true\"><\/b><span class=\"section-title-main\" style=\"font-size:84%;\">\u00cdNDICE<\/span><b aria-hidden=\"true\"><\/b><\/h4><\/div>\n<p class=\"p1\">Inoculante biol\u00f3gico composto por 2 estirpes de bact\u00e9rias PGP (Bacillus subtilis e B. velezensis).<\/p>\n\t\t<\/div>\n\t\t\t\t\t<\/div>\n\n\t\n\n\t<div id=\"col-1869048075\" class=\"col medium-4 small-12 large-4\"  data-animate=\"fadeInDown\">\n\t\t\t\t<div class=\"col-inner\"  >\n\t\t\t\n\t\t\t\n<div class=\"container section-title-container\" ><h4 class=\"section-title section-title-normal\"><b aria-hidden=\"true\"><\/b><span class=\"section-title-main\" style=\"font-size:84%;\">Fornecido em:<\/span><b aria-hidden=\"true\"><\/b><\/h4><\/div>\n<p class=\"p1\">Frascos de 1Kg (Caixa de 12 unidades)<\/p>\n\t<div id=\"stack-2356138549\" class=\"stack stack-row justify-start items-baseline\">\n\t\t\n\t<div class=\"img has-hover x md-x lg-x y md-y lg-y\" id=\"image_2034662087\">\n\t\t\t\t\t\t\t\t<div class=\"img-inner dark\" >\n\t\t\t<img loading=\"lazy\" decoding=\"async\" width=\"591\" height=\"591\" src=\"https:\/\/bioera.es\/wp-content\/uploads\/2021\/08\/logo-CAAE-INSUMOS-UNE-142500-01.png\" class=\"attachment-large size-large\" alt=\"\" srcset=\"https:\/\/bioera.es\/wp-content\/uploads\/2021\/08\/logo-CAAE-INSUMOS-UNE-142500-01.png 591w, https:\/\/bioera.es\/wp-content\/uploads\/2021\/08\/logo-CAAE-INSUMOS-UNE-142500-01-300x300.png 300w, https:\/\/bioera.es\/wp-content\/uploads\/2021\/08\/logo-CAAE-INSUMOS-UNE-142500-01-150x150.png 150w, https:\/\/bioera.es\/wp-content\/uploads\/2021\/08\/logo-CAAE-INSUMOS-UNE-142500-01-100x100.png 100w\" sizes=\"auto, (max-width: 591px) 100vw, 591px\" \/>\t\t\t\t\t\t\n\t\t\t\t\t<\/div>\n\t\t\t\t\t\t\t\t\n<style>\n#image_2034662087 {\n  width: 34%;\n}\n<\/style>\n\t<\/div>\n\t\n\t<div class=\"img has-hover x md-x lg-x y md-y lg-y\" id=\"image_128202252\">\n\t\t\t\t\t\t\t\t<div class=\"img-inner dark\" >\n\t\t\t<img loading=\"lazy\" decoding=\"async\" width=\"1020\" height=\"677\" src=\"https:\/\/bioera.es\/wp-content\/uploads\/2020\/01\/insumo-nop-caae-1024x680.jpg\" class=\"attachment-large size-large\" alt=\"\" srcset=\"https:\/\/bioera.es\/wp-content\/uploads\/2020\/01\/insumo-nop-caae-1024x680.jpg 1024w, https:\/\/bioera.es\/wp-content\/uploads\/2020\/01\/insumo-nop-caae-300x199.jpg 300w, https:\/\/bioera.es\/wp-content\/uploads\/2020\/01\/insumo-nop-caae-768x510.jpg 768w, https:\/\/bioera.es\/wp-content\/uploads\/2020\/01\/insumo-nop-caae-600x399.jpg 600w, https:\/\/bioera.es\/wp-content\/uploads\/2020\/01\/insumo-nop-caae.jpg 1404w\" sizes=\"auto, (max-width: 1020px) 100vw, 1020px\" \/>\t\t\t\t\t\t\n\t\t\t\t\t<\/div>\n\t\t\t\t\t\t\t\t\n<style>\n#image_128202252 {\n  width: 30%;\n}\n<\/style>\n\t<\/div>\n\t\n\t<div class=\"img has-hover x md-x lg-x y md-y lg-y\" id=\"image_1781866463\">\n\t\t\t\t\t\t\t\t<div class=\"img-inner dark\" >\n\t\t\t<img loading=\"lazy\" decoding=\"async\" width=\"1020\" height=\"427\" src=\"https:\/\/bioera.es\/wp-content\/uploads\/2023\/05\/fibl-logo-1024x429.png\" class=\"attachment-large size-large\" alt=\"\" srcset=\"https:\/\/bioera.es\/wp-content\/uploads\/2023\/05\/fibl-logo-1024x429.png 1024w, https:\/\/bioera.es\/wp-content\/uploads\/2023\/05\/fibl-logo-300x126.png 300w, https:\/\/bioera.es\/wp-content\/uploads\/2023\/05\/fibl-logo-768x322.png 768w, https:\/\/bioera.es\/wp-content\/uploads\/2023\/05\/fibl-logo-1536x644.png 1536w, https:\/\/bioera.es\/wp-content\/uploads\/2023\/05\/fibl-logo-2048x859.png 2048w, https:\/\/bioera.es\/wp-content\/uploads\/2023\/05\/fibl-logo-600x252.png 600w\" sizes=\"auto, (max-width: 1020px) 100vw, 1020px\" \/>\t\t\t\t\t\t\n\t\t\t\t\t<\/div>\n\t\t\t\t\t\t\t\t\n<style>\n#image_1781866463 {\n  width: 30%;\n}\n<\/style>\n\t<\/div>\n\t\n\t\t\n<style>\n#stack-2356138549 > * {\n  --stack-gap: 2.25rem;\n}\n<\/style>\n\t<\/div>\n\t\n\t\t<\/div>\n\t\t\t\t\t<\/div>\n\n\t\n<\/div>\n","protected":false},"excerpt":{"rendered":"<h4>Cocktail bacteriano sol\u00favel para aplica\u00e7\u00e3o foliar.<\/h4>\n<ul>\n<li class=\"p1 bullet-checkmark\">Produto concentrado e sol\u00favel para uma aplica\u00e7\u00e3o foliar f\u00e1cil.<\/li>\n<li class=\"p1 bullet-checkmark\">Protege a cultura e promove o desenvolvimento de uma planta saud\u00e1vel.<\/li>\n<li class=\"p1 bullet-checkmark\">Combina\u00e7\u00e3o calibrada de bact\u00e9rias PGP com a\u00e7\u00e3o revigorante<\/li>\n<li class=\"p1 bullet-checkmark\">Melhora a produtividade das culturas<\/li>\n<\/ul>\n","protected":false},"featured_media":3909,"comment_status":"open","ping_status":"closed","template":"","meta":[],"product_brand":[],"product_cat":[73],"product_tag":[],"class_list":{"0":"post-4489","1":"product","2":"type-product","3":"status-publish","4":"has-post-thumbnail","6":"product_cat-microbios","8":"first","9":"instock","10":"shipping-taxable","11":"product-type-simple"},"_links":{"self":[{"href":"https:\/\/bioera.es\/pt-pt\/wp-json\/wp\/v2\/product\/4489","targetHints":{"allow":["GET"]}}],"collection":[{"href":"https:\/\/bioera.es\/pt-pt\/wp-json\/wp\/v2\/product"}],"about":[{"href":"https:\/\/bioera.es\/pt-pt\/wp-json\/wp\/v2\/types\/product"}],"replies":[{"embeddable":true,"href":"https:\/\/bioera.es\/pt-pt\/wp-json\/wp\/v2\/comments?post=4489"}],"wp:featuredmedia":[{"embeddable":true,"href":"https:\/\/bioera.es\/pt-pt\/wp-json\/wp\/v2\/media\/3909"}],"wp:attachment":[{"href":"https:\/\/bioera.es\/pt-pt\/wp-json\/wp\/v2\/media?parent=4489"}],"wp:term":[{"taxonomy":"product_brand","embeddable":true,"href":"https:\/\/bioera.es\/pt-pt\/wp-json\/wp\/v2\/product_brand?post=4489"},{"taxonomy":"product_cat","embeddable":true,"href":"https:\/\/bioera.es\/pt-pt\/wp-json\/wp\/v2\/product_cat?post=4489"},{"taxonomy":"product_tag","embeddable":true,"href":"https:\/\/bioera.es\/pt-pt\/wp-json\/wp\/v2\/product_tag?post=4489"}],"curies":[{"name":"wp","href":"https:\/\/api.w.org\/{rel}","templated":true}]}}