{"id":4479,"date":"2020-01-05T15:49:37","date_gmt":"2020-01-05T15:49:37","guid":{"rendered":"https:\/\/bioera.es\/producto\/radisane-hort\/"},"modified":"2025-11-14T11:02:12","modified_gmt":"2025-11-14T11:02:12","slug":"radisane-hort","status":"publish","type":"product","link":"https:\/\/bioera.es\/pt-pt\/producto\/radisane-hort\/","title":{"rendered":"Radisane Hort"},"content":{"rendered":"<div class=\"row\"  id=\"row-599061270\">\n\n\t<div id=\"col-1612029907\" class=\"col small-12 large-12\"  >\n\t\t\t\t<div class=\"col-inner\"  >\n\t\t\t\n\t\t\t\n<div class=\"container section-title-container\" ><h4 class=\"section-title section-title-normal\"><b aria-hidden=\"true\"><\/b><span class=\"section-title-main\" >Adequado para<\/span><b aria-hidden=\"true\"><\/b><\/h4><\/div>\n\t\t<\/div>\n\t\t\t\t\n<style>\n#col-1612029907 > .col-inner {\n  margin: 0px 0px -45px 0px;\n}\n<\/style>\n\t<\/div>\n\n\t\n\n\t<div id=\"col-1971985348\" class=\"col small-12 large-12\"  >\n\t\t\t\t<div class=\"col-inner\"  >\n\t\t\t\n\t\t\t\n<div class=\"row\"  id=\"row-2036439934\">\n\n\t<div id=\"col-2015187970\" class=\"col medium-5 small-12 large-5\"  >\n\t\t\t\t<div class=\"col-inner\"  >\n\t\t\t\n\t\t\t\n\t<div id=\"stack-2195180819\" class=\"stack stack-row justify-start items-stretch sm:stack-row sm:justify-start sm:items-stretch\">\n\t\t\n\t<div class=\"img has-hover x md-x lg-x y md-y lg-y\" id=\"image_1254130998\">\n\t\t\t\t\t\t\t\t<div class=\"img-inner dark\" >\n\t\t\t<img loading=\"lazy\" decoding=\"async\" width=\"303\" height=\"311\" src=\"https:\/\/bioera.es\/wp-content\/uploads\/2019\/11\/8Recurso-23V3.png\" class=\"attachment-large size-large\" alt=\"\" srcset=\"https:\/\/bioera.es\/wp-content\/uploads\/2019\/11\/8Recurso-23V3.png 303w, https:\/\/bioera.es\/wp-content\/uploads\/2019\/11\/8Recurso-23V3-292x300.png 292w\" sizes=\"auto, (max-width: 303px) 100vw, 303px\" \/>\t\t\t\t\t\t\n\t\t\t\t\t<\/div>\n\t\t\t\t\t\t\t\t\n<style>\n#image_1254130998 {\n  width: 100%;\n}\n<\/style>\n\t<\/div>\n\t\n\t<div class=\"img has-hover x md-x lg-x y md-y lg-y\" id=\"image_1522490615\">\n\t\t\t\t\t\t\t\t<div class=\"img-inner dark\" >\n\t\t\t<img loading=\"lazy\" decoding=\"async\" width=\"303\" height=\"309\" src=\"https:\/\/bioera.es\/wp-content\/uploads\/2019\/11\/8Recurso-21V3.png\" class=\"attachment-large size-large\" alt=\"\" srcset=\"https:\/\/bioera.es\/wp-content\/uploads\/2019\/11\/8Recurso-21V3.png 303w, https:\/\/bioera.es\/wp-content\/uploads\/2019\/11\/8Recurso-21V3-294x300.png 294w\" sizes=\"auto, (max-width: 303px) 100vw, 303px\" \/>\t\t\t\t\t\t\n\t\t\t\t\t<\/div>\n\t\t\t\t\t\t\t\t\n<style>\n#image_1522490615 {\n  width: 100%;\n}\n<\/style>\n\t<\/div>\n\t\n\t<div class=\"img has-hover x md-x lg-x y md-y lg-y\" id=\"image_924250259\">\n\t\t\t\t\t\t\t\t<div class=\"img-inner dark\" >\n\t\t\t<img loading=\"lazy\" decoding=\"async\" width=\"303\" height=\"308\" src=\"https:\/\/bioera.es\/wp-content\/uploads\/2019\/11\/8Recurso-22V3.png\" class=\"attachment-large size-large\" alt=\"\" srcset=\"https:\/\/bioera.es\/wp-content\/uploads\/2019\/11\/8Recurso-22V3.png 303w, https:\/\/bioera.es\/wp-content\/uploads\/2019\/11\/8Recurso-22V3-295x300.png 295w\" sizes=\"auto, (max-width: 303px) 100vw, 303px\" \/>\t\t\t\t\t\t\n\t\t\t\t\t<\/div>\n\t\t\t\t\t\t\t\t\n<style>\n#image_924250259 {\n  width: 100%;\n}\n<\/style>\n\t<\/div>\n\t\n\t<div class=\"img has-hover x md-x lg-x y md-y lg-y\" id=\"image_834310796\">\n\t\t\t\t\t\t\t\t<div class=\"img-inner dark\" >\n\t\t\t<img loading=\"lazy\" decoding=\"async\" width=\"302\" height=\"357\" src=\"https:\/\/bioera.es\/wp-content\/uploads\/2019\/11\/8Recurso-15V3.png\" class=\"attachment-large size-large\" alt=\"\" srcset=\"https:\/\/bioera.es\/wp-content\/uploads\/2019\/11\/8Recurso-15V3.png 302w, https:\/\/bioera.es\/wp-content\/uploads\/2019\/11\/8Recurso-15V3-254x300.png 254w\" sizes=\"auto, (max-width: 302px) 100vw, 302px\" \/>\t\t\t\t\t\t\n\t\t\t\t\t<\/div>\n\t\t\t\t\t\t\t\t\n<style>\n#image_834310796 {\n  width: 100%;\n}\n<\/style>\n\t<\/div>\n\t\n\t<div class=\"img has-hover x md-x lg-x y md-y lg-y\" id=\"image_1430338984\">\n\t\t\t\t\t\t\t\t<div class=\"img-inner dark\" >\n\t\t\t<img loading=\"lazy\" decoding=\"async\" width=\"302\" height=\"306\" src=\"https:\/\/bioera.es\/wp-content\/uploads\/2019\/11\/8Recurso-16V3.png\" class=\"attachment-large size-large\" alt=\"\" srcset=\"https:\/\/bioera.es\/wp-content\/uploads\/2019\/11\/8Recurso-16V3.png 302w, https:\/\/bioera.es\/wp-content\/uploads\/2019\/11\/8Recurso-16V3-296x300.png 296w, https:\/\/bioera.es\/wp-content\/uploads\/2019\/11\/8Recurso-16V3-100x100.png 100w\" sizes=\"auto, (max-width: 302px) 100vw, 302px\" \/>\t\t\t\t\t\t\n\t\t\t\t\t<\/div>\n\t\t\t\t\t\t\t\t\n<style>\n#image_1430338984 {\n  width: 100%;\n}\n<\/style>\n\t<\/div>\n\t\n\t\t\n<style>\n#stack-2195180819 > * {\n  --stack-gap: 0rem;\n}\n@media (min-width:550px) {\n  #stack-2195180819 > * {\n    --stack-gap: 0rem;\n  }\n}\n<\/style>\n\t<\/div>\n\t\n\t\t<\/div>\n\t\t\t\t\t<\/div>\n\n\t\n<\/div>\n\t\t<\/div>\n\t\t\t\t\t<\/div>\n\n\t\n<\/div>\n<div class=\"row row-large\"  id=\"row-1494107960\">\n\n\t<div id=\"col-2133631900\" class=\"col medium-4 small-12 large-4\"  data-animate=\"fadeInDown\">\n\t\t\t\t<div class=\"col-inner\"  >\n\t\t\t\n\t\t\t\n<div class=\"container section-title-container\" ><h4 class=\"section-title section-title-normal\"><b aria-hidden=\"true\"><\/b><span class=\"section-title-main\" style=\"font-size:84%;\">Instru\u00e7\u00f5es de utiliza\u00e7\u00e3o<\/span><b aria-hidden=\"true\"><\/b><\/h4><\/div>\n<p class=\"p1\">Aplicar por irriga\u00e7\u00e3o a uma dose de 1Kg\/Ha. Repete a aplica\u00e7\u00e3o ap\u00f3s 30 dias. Consultar o servi\u00e7o t\u00e9cnico para saber a frequ\u00eancia de aplica\u00e7\u00e3o.  <\/p>\n\t\t<\/div>\n\t\t\t\t\t<\/div>\n\n\t\n\n\t<div id=\"col-820070734\" class=\"col medium-4 small-12 large-4\"  data-animate=\"fadeInDown\">\n\t\t\t\t<div class=\"col-inner\"  >\n\t\t\t\n\t\t\t\n<div class=\"container section-title-container\" ><h4 class=\"section-title section-title-normal\"><b aria-hidden=\"true\"><\/b><span class=\"section-title-main\" style=\"font-size:84%;\">\u00cdNDICE<\/span><b aria-hidden=\"true\"><\/b><\/h4><\/div>\n<p class=\"p1\">Inoculante biol\u00f3gico composto por 3 estirpes de bact\u00e9rias PGP (Bacillus subtilis, B. amylolichefaciens e B. methylotrophicus).<\/p>\n\t\t<\/div>\n\t\t\t\t\t<\/div>\n\n\t\n\n\t<div id=\"col-1149974809\" class=\"col medium-4 small-12 large-4\"  data-animate=\"fadeInDown\">\n\t\t\t\t<div class=\"col-inner\"  >\n\t\t\t\n\t\t\t\n<div class=\"container section-title-container\" ><h4 class=\"section-title section-title-normal\"><b aria-hidden=\"true\"><\/b><span class=\"section-title-main\" style=\"font-size:84%;\">Fornecido em:<\/span><b aria-hidden=\"true\"><\/b><\/h4><\/div>\n<p class=\"p1\">Frascos de 1Kg (Caixa de 12 unidades)<\/p>\n\t<div class=\"img has-hover x md-x lg-x y md-y lg-y\" id=\"image_8906169\">\n\t\t\t\t\t\t\t\t<div class=\"img-inner dark\" >\n\t\t\t<img loading=\"lazy\" decoding=\"async\" width=\"591\" height=\"591\" src=\"https:\/\/bioera.es\/wp-content\/uploads\/2021\/08\/logo-CAAE-INSUMOS-UNE-142500-01.png\" class=\"attachment-large size-large\" alt=\"\" srcset=\"https:\/\/bioera.es\/wp-content\/uploads\/2021\/08\/logo-CAAE-INSUMOS-UNE-142500-01.png 591w, https:\/\/bioera.es\/wp-content\/uploads\/2021\/08\/logo-CAAE-INSUMOS-UNE-142500-01-300x300.png 300w, https:\/\/bioera.es\/wp-content\/uploads\/2021\/08\/logo-CAAE-INSUMOS-UNE-142500-01-150x150.png 150w, https:\/\/bioera.es\/wp-content\/uploads\/2021\/08\/logo-CAAE-INSUMOS-UNE-142500-01-100x100.png 100w\" sizes=\"auto, (max-width: 591px) 100vw, 591px\" \/>\t\t\t\t\t\t\n\t\t\t\t\t<\/div>\n\t\t\t\t\t\t\t\t\n<style>\n#image_8906169 {\n  width: 46%;\n}\n<\/style>\n\t<\/div>\n\t\n\t\t<\/div>\n\t\t\t\t\t<\/div>\n\n\t\n<\/div>\n","protected":false},"excerpt":{"rendered":"<h4>Prepara\u00e7\u00e3o microbiana sol\u00favel para aplica\u00e7\u00e3o em rega \u00e0 base de bact\u00e9rias PGP com efeito modulador na rizosfera.<\/h4>\n<ul>\n<li class=\"p1 bullet-checkmark\">Produto concentrado e sol\u00favel, f\u00e1cil de aplicar por rega.<\/li>\n<li class=\"p1 bullet-checkmark\">Favorece as intera\u00e7\u00f5es microbianas na rizosfera que minimizam a prolifera\u00e7\u00e3o de fungos patog\u00e9nicos.<\/li>\n<li class=\"p1 bullet-checkmark\">Ajuda a restabelecer o equil\u00edbrio biol\u00f3gico do solo<\/li>\n<\/ul>\n","protected":false},"featured_media":3903,"comment_status":"open","ping_status":"closed","template":"","meta":[],"product_brand":[],"product_cat":[73],"product_tag":[],"class_list":{"0":"post-4479","1":"product","2":"type-product","3":"status-publish","4":"has-post-thumbnail","6":"product_cat-microbios","8":"first","9":"instock","10":"shipping-taxable","11":"product-type-simple"},"_links":{"self":[{"href":"https:\/\/bioera.es\/pt-pt\/wp-json\/wp\/v2\/product\/4479","targetHints":{"allow":["GET"]}}],"collection":[{"href":"https:\/\/bioera.es\/pt-pt\/wp-json\/wp\/v2\/product"}],"about":[{"href":"https:\/\/bioera.es\/pt-pt\/wp-json\/wp\/v2\/types\/product"}],"replies":[{"embeddable":true,"href":"https:\/\/bioera.es\/pt-pt\/wp-json\/wp\/v2\/comments?post=4479"}],"wp:featuredmedia":[{"embeddable":true,"href":"https:\/\/bioera.es\/pt-pt\/wp-json\/wp\/v2\/media\/3903"}],"wp:attachment":[{"href":"https:\/\/bioera.es\/pt-pt\/wp-json\/wp\/v2\/media?parent=4479"}],"wp:term":[{"taxonomy":"product_brand","embeddable":true,"href":"https:\/\/bioera.es\/pt-pt\/wp-json\/wp\/v2\/product_brand?post=4479"},{"taxonomy":"product_cat","embeddable":true,"href":"https:\/\/bioera.es\/pt-pt\/wp-json\/wp\/v2\/product_cat?post=4479"},{"taxonomy":"product_tag","embeddable":true,"href":"https:\/\/bioera.es\/pt-pt\/wp-json\/wp\/v2\/product_tag?post=4479"}],"curies":[{"name":"wp","href":"https:\/\/api.w.org\/{rel}","templated":true}]}}