{"id":4472,"date":"2020-01-05T16:18:48","date_gmt":"2020-01-05T16:18:48","guid":{"rendered":"https:\/\/bioera.es\/producto\/neovit-calcium\/"},"modified":"2026-04-13T13:41:47","modified_gmt":"2026-04-13T13:41:47","slug":"neovit-calcium","status":"publish","type":"product","link":"https:\/\/bioera.es\/pt-pt\/producto\/neovit-calcium\/","title":{"rendered":"Neovit Calcio"},"content":{"rendered":"<div class=\"row row-large\"  id=\"row-1037736142\">\n\n\t<div id=\"col-81800724\" class=\"col medium-4 small-12 large-4\"  data-animate=\"fadeInDown\">\n\t\t\t\t<div class=\"col-inner\"  >\n\t\t\t\n\t\t\t\n<div class=\"container section-title-container\" ><h4 class=\"section-title section-title-normal\"><b aria-hidden=\"true\"><\/b><span class=\"section-title-main\" style=\"font-size:84%;\">Instru\u00e7\u00f5es de utiliza\u00e7\u00e3o<\/span><b aria-hidden=\"true\"><\/b><\/h4><\/div>\n<p class=\"p1\">Aplica\u00e7\u00e3o foliar: 200 &#8211; 300cc\/hl.\u00a0<\/p>\n\t\t<\/div>\n\t\t\t\t\t<\/div>\n\n\t\n\n\t<div id=\"col-1310262505\" class=\"col medium-4 small-12 large-4\"  data-animate=\"fadeInDown\">\n\t\t\t\t<div class=\"col-inner\"  >\n\t\t\t\n\t\t\t\n<div class=\"container section-title-container\" ><h4 class=\"section-title section-title-normal\"><b aria-hidden=\"true\"><\/b><span class=\"section-title-main\" style=\"font-size:84%;\">COMPOSI\u00c7\u00c3O<\/span><b aria-hidden=\"true\"><\/b><\/h4><\/div>\n<p class=\"p1\">Adubo especial com amino\u00e1cidos e c\u00e1lcio (Ca): 5,5% de CaO complexado com \u00e1cidos org\u00e2nicos e 4,5% de amino\u00e1cidos livres.<\/p>\n\t\t<\/div>\n\t\t\t\t\t<\/div>\n\n\t\n\n\t<div id=\"col-598902176\" class=\"col medium-4 small-12 large-4\"  data-animate=\"fadeInDown\">\n\t\t\t\t<div class=\"col-inner\"  >\n\t\t\t\n\t\t\t\n<div class=\"container section-title-container\" ><h4 class=\"section-title section-title-normal\"><b aria-hidden=\"true\"><\/b><span class=\"section-title-main\" style=\"font-size:84%;\">Fornecido em:<\/span><b aria-hidden=\"true\"><\/b><\/h4><\/div>\n<p class=\"p1\">Garrafas de 1 e 5l<\/p>\n\t<div class=\"img has-hover x md-x lg-x y md-y lg-y\" id=\"image_322952569\">\n\t\t\t\t\t\t\t\t<div class=\"img-inner dark\" >\n\t\t\t<img loading=\"lazy\" decoding=\"async\" width=\"591\" height=\"591\" src=\"https:\/\/bioera.es\/wp-content\/uploads\/2021\/09\/logo-CAAE-INSUMOS-UNE-142500-01.png\" class=\"attachment-large size-large\" alt=\"\" srcset=\"https:\/\/bioera.es\/wp-content\/uploads\/2021\/09\/logo-CAAE-INSUMOS-UNE-142500-01.png 591w, https:\/\/bioera.es\/wp-content\/uploads\/2021\/09\/logo-CAAE-INSUMOS-UNE-142500-01-300x300.png 300w, https:\/\/bioera.es\/wp-content\/uploads\/2021\/09\/logo-CAAE-INSUMOS-UNE-142500-01-150x150.png 150w, https:\/\/bioera.es\/wp-content\/uploads\/2021\/09\/logo-CAAE-INSUMOS-UNE-142500-01-100x100.png 100w\" sizes=\"auto, (max-width: 591px) 100vw, 591px\" \/>\t\t\t\t\t\t\n\t\t\t\t\t<\/div>\n\t\t\t\t\t\t\t\t\n<style>\n#image_322952569 {\n  width: 36%;\n}\n<\/style>\n\t<\/div>\n\t\n\t\t<\/div>\n\t\t\t\t\t<\/div>\n\n\t\n<\/div>\n<p><i>Composi\u00e7\u00e3o conforme distribu\u00edda na Espanha. Para cumprir as regulamenta\u00e7\u00f5es nacionais e internacionais vigentes, a formula\u00e7\u00e3o do produto pode variar em outros pa\u00edses. Por favor, entre em contato com nosso servi\u00e7o t\u00e9cnico ou representante de vendas para verificar a formula\u00e7\u00e3o<\/i>.<\/p>\n","protected":false},"excerpt":{"rendered":"<h4>Adubo especial com amino\u00e1cidos e c\u00e1lcio.<\/h4>\n<ul>\n<li class=\"p1 bullet-checkmark\">\n<p class=\"p1\">Gra\u00e7as \u00e0 sua f\u00f3rmula, o c\u00e1lcio penetra e transloca-se facilmente por toda a planta, estimulando processos como a divis\u00e3o celular e a forma\u00e7\u00e3o do p\u00f3len. Tamb\u00e9m desempenha um papel fundamental no correto desenvolvimento dos frutos, o que se traduz num aumento da sua conserva\u00e7\u00e3o e resist\u00eancia. <\/p>\n<\/li>\n<\/ul>\n<p>Adequado para:<\/p>\n<p><img loading=\"lazy\" decoding=\"async\" class=\"alignright size-full wp-image-1446\" src=\"https:\/\/bioera.es\/wp-content\/uploads\/2020\/01\/sol1.jpg\" alt=\"\" width=\"1284\" height=\"128\" srcset=\"https:\/\/bioera.es\/wp-content\/uploads\/2020\/01\/sol1.jpg 1284w, https:\/\/bioera.es\/wp-content\/uploads\/2020\/01\/sol1-300x30.jpg 300w, https:\/\/bioera.es\/wp-content\/uploads\/2020\/01\/sol1-1024x102.jpg 1024w, https:\/\/bioera.es\/wp-content\/uploads\/2020\/01\/sol1-768x77.jpg 768w, https:\/\/bioera.es\/wp-content\/uploads\/2020\/01\/sol1-600x60.jpg 600w\" sizes=\"auto, (max-width: 1284px) 100vw, 1284px\" \/><\/p>\n","protected":false},"featured_media":4473,"comment_status":"open","ping_status":"closed","template":"","meta":[],"product_brand":[],"product_cat":[66],"product_tag":[],"class_list":{"0":"post-4472","1":"product","2":"type-product","3":"status-publish","4":"has-post-thumbnail","6":"product_cat-anticarenciais","8":"first","9":"instock","10":"shipping-taxable","11":"product-type-simple"},"_links":{"self":[{"href":"https:\/\/bioera.es\/pt-pt\/wp-json\/wp\/v2\/product\/4472","targetHints":{"allow":["GET"]}}],"collection":[{"href":"https:\/\/bioera.es\/pt-pt\/wp-json\/wp\/v2\/product"}],"about":[{"href":"https:\/\/bioera.es\/pt-pt\/wp-json\/wp\/v2\/types\/product"}],"replies":[{"embeddable":true,"href":"https:\/\/bioera.es\/pt-pt\/wp-json\/wp\/v2\/comments?post=4472"}],"wp:featuredmedia":[{"embeddable":true,"href":"https:\/\/bioera.es\/pt-pt\/wp-json\/wp\/v2\/media\/4473"}],"wp:attachment":[{"href":"https:\/\/bioera.es\/pt-pt\/wp-json\/wp\/v2\/media?parent=4472"}],"wp:term":[{"taxonomy":"product_brand","embeddable":true,"href":"https:\/\/bioera.es\/pt-pt\/wp-json\/wp\/v2\/product_brand?post=4472"},{"taxonomy":"product_cat","embeddable":true,"href":"https:\/\/bioera.es\/pt-pt\/wp-json\/wp\/v2\/product_cat?post=4472"},{"taxonomy":"product_tag","embeddable":true,"href":"https:\/\/bioera.es\/pt-pt\/wp-json\/wp\/v2\/product_tag?post=4472"}],"curies":[{"name":"wp","href":"https:\/\/api.w.org\/{rel}","templated":true}]}}