{"id":4450,"date":"2020-01-05T17:15:29","date_gmt":"2020-01-05T17:15:29","guid":{"rendered":"https:\/\/bioera.es\/producto\/urtinemax\/"},"modified":"2025-02-17T17:06:07","modified_gmt":"2025-02-17T17:06:07","slug":"urtinemax","status":"publish","type":"product","link":"https:\/\/bioera.es\/pt-pt\/producto\/urtinemax\/","title":{"rendered":"Urtinemax"},"content":{"rendered":"<div class=\"row row-large\"  id=\"row-2113485358\">\n\n\t<div id=\"col-1531355368\" class=\"col medium-4 small-12 large-4\"  data-animate=\"fadeInDown\">\n\t\t\t\t<div class=\"col-inner\"  >\n\t\t\t\n\t\t\t\n<div class=\"container section-title-container\" ><h4 class=\"section-title section-title-normal\"><b aria-hidden=\"true\"><\/b><span class=\"section-title-main\" style=\"font-size:84%;\">Instru\u00e7\u00f5es de utiliza\u00e7\u00e3o<\/span><b aria-hidden=\"true\"><\/b><\/h4><\/div>\n<p class=\"p1\">\nAplica\u00e7\u00e3o foliar: 200-500cc\/100L. Recomenda-se molhar bem os dois lados das folhas para garantir um maior efeito.<\/p>\n<p>Recomenda-se a repeti\u00e7\u00e3o dos tratamentos a cada 5-15 dias.<\/p>\n\t\t<\/div>\n\t\t\t\t\t<\/div>\n\n\t\n\n\t<div id=\"col-1417509535\" class=\"col medium-4 small-12 large-4\"  data-animate=\"fadeInDown\">\n\t\t\t\t<div class=\"col-inner\"  >\n\t\t\t\n\t\t\t\n<div class=\"container section-title-container\" ><h4 class=\"section-title section-title-normal\"><b aria-hidden=\"true\"><\/b><span class=\"section-title-main\" style=\"font-size:84%;\">\u00cdNDICE<\/span><b aria-hidden=\"true\"><\/b><\/h4><\/div>\n<p class=\"p1\">Extrato aquoso de urtiga<\/p>\n\t\t<\/div>\n\t\t\t\t\t<\/div>\n\n\t\n\n\t<div id=\"col-284687058\" class=\"col medium-4 small-12 large-4\"  data-animate=\"fadeInDown\">\n\t\t\t\t<div class=\"col-inner\"  >\n\t\t\t\n\t\t\t\n<div class=\"container section-title-container\" ><h4 class=\"section-title section-title-normal\"><b aria-hidden=\"true\"><\/b><span class=\"section-title-main\" style=\"font-size:84%;\">Fornecido em:<\/span><b aria-hidden=\"true\"><\/b><\/h4><\/div>\n<p class=\"p1\">Recipientes de 1L e 5L<\/p>\n<p><img loading=\"lazy\" decoding=\"async\" class=\" wp-image-2623 alignleft\" src=\"https:\/\/bioera.es\/wp-content\/uploads\/2020\/01\/logo-CAAE-INSUMOS-UNE-315500-01.png\" alt=\"\" width=\"76\" height=\"76\" srcset=\"https:\/\/bioera.es\/wp-content\/uploads\/2020\/01\/logo-CAAE-INSUMOS-UNE-315500-01.png 591w, https:\/\/bioera.es\/wp-content\/uploads\/2020\/01\/logo-CAAE-INSUMOS-UNE-315500-01-300x300.png 300w, https:\/\/bioera.es\/wp-content\/uploads\/2020\/01\/logo-CAAE-INSUMOS-UNE-315500-01-150x150.png 150w, https:\/\/bioera.es\/wp-content\/uploads\/2020\/01\/logo-CAAE-INSUMOS-UNE-315500-01-100x100.png 100w\" sizes=\"auto, (max-width: 76px) 100vw, 76px\" \/><\/p>\n\t\t<\/div>\n\t\t\t\t\t<\/div>\n\n\t\n<\/div>\n","protected":false},"excerpt":{"rendered":"<h4>Extrato aquoso de urtiga.<\/h4>\n<ul>\n<li class=\"p1 bullet-checkmark\">Subst\u00e2ncia b\u00e1sica com efeito inseticida, acaricida e fungicida<\/li>\n<li class=\"p1 bullet-checkmark\">A\u00e7\u00e3o protetora contra pulg\u00f5es e \u00e1caros<\/li>\n<li class=\"p1 bullet-checkmark\">Permite a redu\u00e7\u00e3o dos tratamentos qu\u00edmicos<\/li>\n<\/ul>\n<p>Adequado para:<\/p>\n<p><img loading=\"lazy\" decoding=\"async\" class=\"alignright size-full wp-image-1446\" src=\"https:\/\/bioera.es\/wp-content\/uploads\/2020\/01\/sol1.jpg\" alt=\"\" width=\"1284\" height=\"128\" srcset=\"https:\/\/bioera.es\/wp-content\/uploads\/2020\/01\/sol1.jpg 1284w, https:\/\/bioera.es\/wp-content\/uploads\/2020\/01\/sol1-300x30.jpg 300w, https:\/\/bioera.es\/wp-content\/uploads\/2020\/01\/sol1-1024x102.jpg 1024w, https:\/\/bioera.es\/wp-content\/uploads\/2020\/01\/sol1-768x77.jpg 768w, https:\/\/bioera.es\/wp-content\/uploads\/2020\/01\/sol1-600x60.jpg 600w\" sizes=\"auto, (max-width: 1284px) 100vw, 1284px\" \/><\/p>\n","protected":false},"featured_media":2419,"comment_status":"open","ping_status":"closed","template":"","meta":[],"product_brand":[],"product_cat":[78],"product_tag":[],"class_list":{"0":"post-4450","1":"product","2":"type-product","3":"status-publish","4":"has-post-thumbnail","6":"product_cat-substancias-basicas","8":"first","9":"instock","10":"shipping-taxable","11":"product-type-simple"},"_links":{"self":[{"href":"https:\/\/bioera.es\/pt-pt\/wp-json\/wp\/v2\/product\/4450","targetHints":{"allow":["GET"]}}],"collection":[{"href":"https:\/\/bioera.es\/pt-pt\/wp-json\/wp\/v2\/product"}],"about":[{"href":"https:\/\/bioera.es\/pt-pt\/wp-json\/wp\/v2\/types\/product"}],"replies":[{"embeddable":true,"href":"https:\/\/bioera.es\/pt-pt\/wp-json\/wp\/v2\/comments?post=4450"}],"wp:featuredmedia":[{"embeddable":true,"href":"https:\/\/bioera.es\/pt-pt\/wp-json\/wp\/v2\/media\/2419"}],"wp:attachment":[{"href":"https:\/\/bioera.es\/pt-pt\/wp-json\/wp\/v2\/media?parent=4450"}],"wp:term":[{"taxonomy":"product_brand","embeddable":true,"href":"https:\/\/bioera.es\/pt-pt\/wp-json\/wp\/v2\/product_brand?post=4450"},{"taxonomy":"product_cat","embeddable":true,"href":"https:\/\/bioera.es\/pt-pt\/wp-json\/wp\/v2\/product_cat?post=4450"},{"taxonomy":"product_tag","embeddable":true,"href":"https:\/\/bioera.es\/pt-pt\/wp-json\/wp\/v2\/product_tag?post=4450"}],"curies":[{"name":"wp","href":"https:\/\/api.w.org\/{rel}","templated":true}]}}