{"id":4426,"date":"2020-01-07T09:30:27","date_gmt":"2025-02-17T17:05:51","guid":{"rendered":"https:\/\/bioera.es\/producto\/saviahumic-l\/"},"modified":"2025-11-20T17:51:09","modified_gmt":"2025-11-20T17:51:09","slug":"saviahumic-l","status":"publish","type":"product","link":"https:\/\/bioera.es\/pt-pt\/producto\/saviahumic-l\/","title":{"rendered":"Saviahumic L"},"content":{"rendered":"<div class=\"row row-large\"  id=\"row-1531946655\">\n\n\t<div id=\"col-2052208197\" class=\"col medium-4 small-12 large-4\"  data-animate=\"fadeInDown\">\n\t\t\t\t<div class=\"col-inner\"  >\n\t\t\t\n\t\t\t\n<div class=\"container section-title-container\" ><h4 class=\"section-title section-title-normal\"><b aria-hidden=\"true\"><\/b><span class=\"section-title-main\" style=\"font-size:84%;\">Instru\u00e7\u00f5es de utiliza\u00e7\u00e3o<\/span><b aria-hidden=\"true\"><\/b><\/h4><\/div>\n<p class=\"p1\">Destina-se principalmente \u00e0 aplica\u00e7\u00e3o de ra\u00edzes por fertirriga\u00e7\u00e3o. Hortali\u00e7as: 10-30L\/Ha. \u00c1rvores de fruto: 15-30L\/Ha. Plantas ornamentais: 20-30L\/Ha. Repetir a cada 7-15 dias, conforme necess\u00e1rio.    <\/p>\n\t\t<\/div>\n\t\t\t\t\t<\/div>\n\n\t\n\n\t<div id=\"col-1775246088\" class=\"col medium-4 small-12 large-4\"  data-animate=\"fadeInDown\">\n\t\t\t\t<div class=\"col-inner\"  >\n\t\t\t\n\t\t\t\n<div class=\"container section-title-container\" ><h4 class=\"section-title section-title-normal\"><b aria-hidden=\"true\"><\/b><span class=\"section-title-main\" style=\"font-size:84%;\">\u00cdNDICE<\/span><b aria-hidden=\"true\"><\/b><\/h4><\/div>\n<p class=\"p1\">30% de extrato h\u00famico total (4% de \u00e1cidos h\u00famicos, 29% de \u00e1cidos f\u00falvicos); 2,5% de azoto total (N) e 5% de pot\u00e1ssio (K2O). Aspeto: L\u00edquido viscoso castanho-escuro.   <\/p>\n\t\t<\/div>\n\t\t\t\t\t<\/div>\n\n\t\n\n\t<div id=\"col-944572002\" class=\"col medium-4 small-12 large-4\"  data-animate=\"fadeInDown\">\n\t\t\t\t<div class=\"col-inner\"  >\n\t\t\t\n\t\t\t\n<div class=\"container section-title-container\" ><h4 class=\"section-title section-title-normal\"><b aria-hidden=\"true\"><\/b><span class=\"section-title-main\" style=\"font-size:84%;\">Fornecido em:<\/span><b aria-hidden=\"true\"><\/b><\/h4><\/div>\n<p class=\"p1\">Recipientes de 5L, 20L, 200L e 1000L.<\/p>\n\t\t<\/div>\n\t\t\t\t\t<\/div>\n\n\t\n<\/div>\n<p><i>Composi\u00e7\u00e3o conforme distribu\u00edda na Espanha. Para cumprir as regulamenta\u00e7\u00f5es nacionais e internacionais vigentes, a formula\u00e7\u00e3o do produto pode variar em outros pa\u00edses. Por favor, entre em contato com nosso servi\u00e7o t\u00e9cnico ou representante de vendas para verificar a formula\u00e7\u00e3o<\/i>.<\/p>\n","protected":false},"excerpt":{"rendered":"<h4>Concentrado l\u00edquido de extractos h\u00famicos.<\/h4>\n<ul>\n<li class=\"p1 bullet-checkmark\">Estimula a absor\u00e7\u00e3o de nutrientes<\/li>\n<li class=\"p1 bullet-checkmark\">Aumenta a biomassa e a absor\u00e7\u00e3o radicular<\/li>\n<li class=\"p1 bullet-checkmark\"><span class=\"s1\">Melhorar a estrutura do solo e aumentar a reten\u00e7\u00e3o de \u00e1gua<\/span><\/li>\n<li class=\"p1 bullet-checkmark\">Aumenta a produtividade e a qualidade das culturas<\/li>\n<\/ul>\n<p>Adequado para:<\/p>\n<p><img loading=\"lazy\" decoding=\"async\" class=\"alignright size-full wp-image-1446\" src=\"https:\/\/bioera.es\/wp-content\/uploads\/2020\/01\/sol1.jpg\" alt=\"\" width=\"1284\" height=\"128\" srcset=\"https:\/\/bioera.es\/wp-content\/uploads\/2020\/01\/sol1.jpg 1284w, https:\/\/bioera.es\/wp-content\/uploads\/2020\/01\/sol1-300x30.jpg 300w, https:\/\/bioera.es\/wp-content\/uploads\/2020\/01\/sol1-1024x102.jpg 1024w, https:\/\/bioera.es\/wp-content\/uploads\/2020\/01\/sol1-768x77.jpg 768w, https:\/\/bioera.es\/wp-content\/uploads\/2020\/01\/sol1-600x60.jpg 600w\" sizes=\"auto, (max-width: 1284px) 100vw, 1284px\" \/><\/p>\n","protected":false},"featured_media":4429,"comment_status":"open","ping_status":"closed","template":"","meta":[],"product_brand":[],"product_cat":[74],"product_tag":[],"class_list":{"0":"post-4426","1":"product","2":"type-product","3":"status-publish","4":"has-post-thumbnail","6":"product_cat-complexos-organicos-e-extractos-humicos","8":"first","9":"instock","10":"shipping-taxable","11":"product-type-simple"},"_links":{"self":[{"href":"https:\/\/bioera.es\/pt-pt\/wp-json\/wp\/v2\/product\/4426","targetHints":{"allow":["GET"]}}],"collection":[{"href":"https:\/\/bioera.es\/pt-pt\/wp-json\/wp\/v2\/product"}],"about":[{"href":"https:\/\/bioera.es\/pt-pt\/wp-json\/wp\/v2\/types\/product"}],"replies":[{"embeddable":true,"href":"https:\/\/bioera.es\/pt-pt\/wp-json\/wp\/v2\/comments?post=4426"}],"wp:featuredmedia":[{"embeddable":true,"href":"https:\/\/bioera.es\/pt-pt\/wp-json\/wp\/v2\/media\/4429"}],"wp:attachment":[{"href":"https:\/\/bioera.es\/pt-pt\/wp-json\/wp\/v2\/media?parent=4426"}],"wp:term":[{"taxonomy":"product_brand","embeddable":true,"href":"https:\/\/bioera.es\/pt-pt\/wp-json\/wp\/v2\/product_brand?post=4426"},{"taxonomy":"product_cat","embeddable":true,"href":"https:\/\/bioera.es\/pt-pt\/wp-json\/wp\/v2\/product_cat?post=4426"},{"taxonomy":"product_tag","embeddable":true,"href":"https:\/\/bioera.es\/pt-pt\/wp-json\/wp\/v2\/product_tag?post=4426"}],"curies":[{"name":"wp","href":"https:\/\/api.w.org\/{rel}","templated":true}]}}