{"id":4424,"date":"2020-01-07T09:17:21","date_gmt":"2025-02-17T17:05:50","guid":{"rendered":"https:\/\/bioera.es\/producto\/saviavital-k\/"},"modified":"2025-02-17T17:05:56","modified_gmt":"2025-02-17T17:05:56","slug":"saviavital-k","status":"publish","type":"product","link":"https:\/\/bioera.es\/pt-pt\/producto\/saviavital-k\/","title":{"rendered":"Saviavital K"},"content":{"rendered":"<div class=\"row row-large\"  id=\"row-513480491\">\n\n\t<div id=\"col-1250097955\" class=\"col medium-4 small-12 large-4\"  data-animate=\"fadeInDown\">\n\t\t\t\t<div class=\"col-inner\"  >\n\t\t\t\n\t\t\t\n<div class=\"container section-title-container\" ><h4 class=\"section-title section-title-normal\"><b aria-hidden=\"true\"><\/b><span class=\"section-title-main\" style=\"font-size:84%;\">Instru\u00e7\u00f5es de utiliza\u00e7\u00e3o<\/span><b aria-hidden=\"true\"><\/b><\/h4><\/div>\n<p class=\"p1\">Aplica\u00e7\u00e3o foliar: 500cc\/hl. Aplica\u00e7\u00e3o radicular (rega localizada): Citrinos, \u00e1rvores de fruto, oliveiras e videiras: 20-50L\/Ha. Culturas hort\u00edcolas (irriga\u00e7\u00e3o localizada): 15-30L\/Ha. Culturas hort\u00edcolas (irriga\u00e7\u00e3o por inunda\u00e7\u00e3o): 25-50L\/Ha. Repete de 15 em 15 dias, enquanto for necess\u00e1rio.    <\/p>\n\t\t<\/div>\n\t\t\t\t\t<\/div>\n\n\t\n\n\t<div id=\"col-1556306642\" class=\"col medium-4 small-12 large-4\"  data-animate=\"fadeInDown\">\n\t\t\t\t<div class=\"col-inner\"  >\n\t\t\t\n\t\t\t\n<div class=\"container section-title-container\" ><h4 class=\"section-title section-title-normal\"><b aria-hidden=\"true\"><\/b><span class=\"section-title-main\" style=\"font-size:84%;\">\u00cdNDICE<\/span><b aria-hidden=\"true\"><\/b><\/h4><\/div>\n<p class=\"p1\">40% de mat\u00e9ria org\u00e2nica (proveniente de plantas fermentadas), 23% de extractos h\u00famicos totais; 2,5% de azoto total (N) e 7% de pot\u00e1ssio (K2O). Aspeto: L\u00edquido muito viscoso de cor escura. <\/p>\n\t\t<\/div>\n\t\t\t\t\t<\/div>\n\n\t\n\n\t<div id=\"col-11955322\" class=\"col medium-4 small-12 large-4\"  data-animate=\"fadeInDown\">\n\t\t\t\t<div class=\"col-inner\"  >\n\t\t\t\n\t\t\t\n<div class=\"container section-title-container\" ><h4 class=\"section-title section-title-normal\"><b aria-hidden=\"true\"><\/b><span class=\"section-title-main\" style=\"font-size:84%;\">Fornecido em:<\/span><b aria-hidden=\"true\"><\/b><\/h4><\/div>\n<p class=\"p1\">Contentores de 20L, 200L e 1000L.<\/p>\n\t<div id=\"stack-4039089081\" class=\"stack stack-row justify-start items-baseline\">\n\t\t\n\t<div class=\"img has-hover x md-x lg-x y md-y lg-y\" id=\"image_1876537101\">\n\t\t\t\t\t\t\t\t<div class=\"img-inner dark\" >\n\t\t\t<img loading=\"lazy\" decoding=\"async\" width=\"591\" height=\"591\" src=\"https:\/\/bioera.es\/wp-content\/uploads\/2021\/08\/logo-CAAE-INSUMOS-UNE-142500-01.png\" class=\"attachment-large size-large\" alt=\"\" srcset=\"https:\/\/bioera.es\/wp-content\/uploads\/2021\/08\/logo-CAAE-INSUMOS-UNE-142500-01.png 591w, https:\/\/bioera.es\/wp-content\/uploads\/2021\/08\/logo-CAAE-INSUMOS-UNE-142500-01-300x300.png 300w, https:\/\/bioera.es\/wp-content\/uploads\/2021\/08\/logo-CAAE-INSUMOS-UNE-142500-01-150x150.png 150w, https:\/\/bioera.es\/wp-content\/uploads\/2021\/08\/logo-CAAE-INSUMOS-UNE-142500-01-100x100.png 100w\" sizes=\"auto, (max-width: 591px) 100vw, 591px\" \/>\t\t\t\t\t\t\n\t\t\t\t\t<\/div>\n\t\t\t\t\t\t\t\t\n<style>\n#image_1876537101 {\n  width: 34%;\n}\n<\/style>\n\t<\/div>\n\t\n\t<div class=\"img has-hover x md-x lg-x y md-y lg-y\" id=\"image_649834387\">\n\t\t\t\t\t\t\t\t<div class=\"img-inner dark\" >\n\t\t\t<img loading=\"lazy\" decoding=\"async\" width=\"1020\" height=\"427\" src=\"https:\/\/bioera.es\/wp-content\/uploads\/2023\/05\/fibl-logo-1024x429.png\" class=\"attachment-large size-large\" alt=\"\" srcset=\"https:\/\/bioera.es\/wp-content\/uploads\/2023\/05\/fibl-logo-1024x429.png 1024w, https:\/\/bioera.es\/wp-content\/uploads\/2023\/05\/fibl-logo-300x126.png 300w, https:\/\/bioera.es\/wp-content\/uploads\/2023\/05\/fibl-logo-768x322.png 768w, https:\/\/bioera.es\/wp-content\/uploads\/2023\/05\/fibl-logo-1536x644.png 1536w, https:\/\/bioera.es\/wp-content\/uploads\/2023\/05\/fibl-logo-2048x859.png 2048w, https:\/\/bioera.es\/wp-content\/uploads\/2023\/05\/fibl-logo-600x252.png 600w\" sizes=\"auto, (max-width: 1020px) 100vw, 1020px\" \/>\t\t\t\t\t\t\n\t\t\t\t\t<\/div>\n\t\t\t\t\t\t\t\t\n<style>\n#image_649834387 {\n  width: 30%;\n}\n<\/style>\n\t<\/div>\n\t\n\t\t\n<style>\n#stack-4039089081 > * {\n  --stack-gap: 2.25rem;\n}\n<\/style>\n\t<\/div>\n\t\n\t\t<\/div>\n\t\t\t\t\t<\/div>\n\n\t\n<\/div>\n","protected":false},"excerpt":{"rendered":"<h4>Fertilizante org\u00e2nico l\u00edquido NK de origem vegetal<\/h4>\n<ul>\n<li class=\"p1 bullet-checkmark\">Melhora a atividade microbiana<\/li>\n<li class=\"p1 bullet-checkmark\">Melhora as carater\u00edsticas f\u00edsicas e qu\u00edmicas do solo<\/li>\n<li class=\"p1 bullet-checkmark\">Aumenta o desenvolvimento das ra\u00edzes<\/li>\n<li class=\"p1 bullet-checkmark\">Melhoria da disponibilidade de nutrientes<\/li>\n<\/ul>\n<p>Adequado para:<\/p>\n<p><img loading=\"lazy\" decoding=\"async\" class=\"alignright size-full wp-image-1446\" src=\"https:\/\/bioera.es\/wp-content\/uploads\/2020\/01\/sol1.jpg\" alt=\"\" width=\"1284\" height=\"128\" srcset=\"https:\/\/bioera.es\/wp-content\/uploads\/2020\/01\/sol1.jpg 1284w, https:\/\/bioera.es\/wp-content\/uploads\/2020\/01\/sol1-300x30.jpg 300w, https:\/\/bioera.es\/wp-content\/uploads\/2020\/01\/sol1-1024x102.jpg 1024w, https:\/\/bioera.es\/wp-content\/uploads\/2020\/01\/sol1-768x77.jpg 768w, https:\/\/bioera.es\/wp-content\/uploads\/2020\/01\/sol1-600x60.jpg 600w\" sizes=\"auto, (max-width: 1284px) 100vw, 1284px\" \/><\/p>\n","protected":false},"featured_media":4425,"comment_status":"open","ping_status":"closed","template":"","meta":[],"product_brand":[],"product_cat":[74],"product_tag":[],"class_list":{"0":"post-4424","1":"product","2":"type-product","3":"status-publish","4":"has-post-thumbnail","6":"product_cat-complexos-organicos-e-extractos-humicos","8":"first","9":"instock","10":"shipping-taxable","11":"product-type-simple"},"_links":{"self":[{"href":"https:\/\/bioera.es\/pt-pt\/wp-json\/wp\/v2\/product\/4424","targetHints":{"allow":["GET"]}}],"collection":[{"href":"https:\/\/bioera.es\/pt-pt\/wp-json\/wp\/v2\/product"}],"about":[{"href":"https:\/\/bioera.es\/pt-pt\/wp-json\/wp\/v2\/types\/product"}],"replies":[{"embeddable":true,"href":"https:\/\/bioera.es\/pt-pt\/wp-json\/wp\/v2\/comments?post=4424"}],"wp:featuredmedia":[{"embeddable":true,"href":"https:\/\/bioera.es\/pt-pt\/wp-json\/wp\/v2\/media\/4425"}],"wp:attachment":[{"href":"https:\/\/bioera.es\/pt-pt\/wp-json\/wp\/v2\/media?parent=4424"}],"wp:term":[{"taxonomy":"product_brand","embeddable":true,"href":"https:\/\/bioera.es\/pt-pt\/wp-json\/wp\/v2\/product_brand?post=4424"},{"taxonomy":"product_cat","embeddable":true,"href":"https:\/\/bioera.es\/pt-pt\/wp-json\/wp\/v2\/product_cat?post=4424"},{"taxonomy":"product_tag","embeddable":true,"href":"https:\/\/bioera.es\/pt-pt\/wp-json\/wp\/v2\/product_tag?post=4424"}],"curies":[{"name":"wp","href":"https:\/\/api.w.org\/{rel}","templated":true}]}}