{"id":4411,"date":"2020-01-07T09:46:44","date_gmt":"2025-02-17T17:05:44","guid":{"rendered":"https:\/\/bioera.es\/producto\/vitamax\/"},"modified":"2026-04-13T13:52:19","modified_gmt":"2026-04-13T13:52:19","slug":"vitamax","status":"publish","type":"product","link":"https:\/\/bioera.es\/pt-pt\/producto\/vitamax\/","title":{"rendered":"Vitamax"},"content":{"rendered":"<div class=\"row row-large\"  id=\"row-1343921109\">\n\n\t<div id=\"col-1635353882\" class=\"col medium-4 small-12 large-4\"  data-animate=\"fadeInDown\">\n\t\t\t\t<div class=\"col-inner\"  >\n\t\t\t\n\t\t\t\n<div class=\"container section-title-container\" ><h4 class=\"section-title section-title-normal\"><b aria-hidden=\"true\"><\/b><span class=\"section-title-main\" style=\"font-size:84%;\">Instru\u00e7\u00f5es de utiliza\u00e7\u00e3o<\/span><b aria-hidden=\"true\"><\/b><\/h4><\/div>\n<p class=\"p1\">Recomenda-se a realiza\u00e7\u00e3o de testes de miscibilidade antes da primeira utiliza\u00e7\u00e3o. DRIP 1,5-2 l\/Ha. FOLIAR 100-200 cc\/hl. HIDROP\u00d3NICO 2 l\/ha. Repete a cada 15 dias ou conforme apropriado.<\/p>\n\t\t<\/div>\n\t\t\t\t\t<\/div>\n\n\t\n\n\t<div id=\"col-1911255867\" class=\"col medium-4 small-12 large-4\"  data-animate=\"fadeInDown\">\n\t\t\t\t<div class=\"col-inner\"  >\n\t\t\t\n\t\t\t\n<div class=\"container section-title-container\" ><h4 class=\"section-title section-title-normal\"><b aria-hidden=\"true\"><\/b><span class=\"section-title-main\" style=\"font-size:84%;\">\u00cdNDICE<\/span><b aria-hidden=\"true\"><\/b><\/h4><\/div>\n<p class=\"p1\">35% de extrato de algas castanhas (Ascophyllun nodosum),1,5% de azoto (N) e 3,5% de pot\u00e1ssio (K2O).<\/p>\n\t\t<\/div>\n\t\t\t\t\t<\/div>\n\n\t\n\n\t<div id=\"col-1039323769\" class=\"col medium-4 small-12 large-4\"  data-animate=\"fadeInDown\">\n\t\t\t\t<div class=\"col-inner\"  >\n\t\t\t\n\t\t\t\n<div class=\"container section-title-container\" ><h4 class=\"section-title section-title-normal\"><b aria-hidden=\"true\"><\/b><span class=\"section-title-main\" style=\"font-size:84%;\">Fornecido em:<\/span><b aria-hidden=\"true\"><\/b><\/h4><\/div>\n<p class=\"p1\">Garrafas de 20 litros.<\/p>\n<p><img loading=\"lazy\" decoding=\"async\" class=\" wp-image-2627 alignleft\" src=\"https:\/\/bioera.es\/wp-content\/uploads\/2021\/09\/logo-CAAE-INSUMOS-UNE-142500-01.png\" alt=\"\" width=\"125\" height=\"125\" srcset=\"https:\/\/bioera.es\/wp-content\/uploads\/2021\/09\/logo-CAAE-INSUMOS-UNE-142500-01.png 591w, https:\/\/bioera.es\/wp-content\/uploads\/2021\/09\/logo-CAAE-INSUMOS-UNE-142500-01-300x300.png 300w, https:\/\/bioera.es\/wp-content\/uploads\/2021\/09\/logo-CAAE-INSUMOS-UNE-142500-01-150x150.png 150w, https:\/\/bioera.es\/wp-content\/uploads\/2021\/09\/logo-CAAE-INSUMOS-UNE-142500-01-100x100.png 100w\" sizes=\"auto, (max-width: 125px) 100vw, 125px\" \/><\/p>\n\t\t<\/div>\n\t\t\t\t\t<\/div>\n\n\t\n<\/div>\n","protected":false},"excerpt":{"rendered":"<h4>Extrato l\u00edquido de algas marinhas.<\/h4>\n<ul>\n<li class=\"p1 bullet-checkmark\">Estimula o desenvolvimento vegetativo<\/li>\n<li class=\"p1 bullet-checkmark\">Fornece complexos reguladores de crescimento<\/li>\n<li class=\"p1 bullet-checkmark\">Aumenta a uniformidade e o rendimento das culturas<\/li>\n<li class=\"p1 bullet-checkmark\">Revigora a planta e reduz os efeitos do stress.<\/li>\n<\/ul>\n<p>Adequado para:<\/p>\n<p><img loading=\"lazy\" decoding=\"async\" class=\"alignright size-full wp-image-1446\" src=\"https:\/\/bioera.es\/wp-content\/uploads\/2020\/01\/sol1.jpg\" alt=\"\" width=\"1284\" height=\"128\" srcset=\"https:\/\/bioera.es\/wp-content\/uploads\/2020\/01\/sol1.jpg 1284w, https:\/\/bioera.es\/wp-content\/uploads\/2020\/01\/sol1-300x30.jpg 300w, https:\/\/bioera.es\/wp-content\/uploads\/2020\/01\/sol1-1024x102.jpg 1024w, https:\/\/bioera.es\/wp-content\/uploads\/2020\/01\/sol1-768x77.jpg 768w, https:\/\/bioera.es\/wp-content\/uploads\/2020\/01\/sol1-600x60.jpg 600w\" sizes=\"auto, (max-width: 1284px) 100vw, 1284px\" \/><\/p>\n","protected":false},"featured_media":2400,"comment_status":"open","ping_status":"closed","template":"","meta":[],"product_brand":[],"product_cat":[72],"product_tag":[],"class_list":{"0":"post-4411","1":"product","2":"type-product","3":"status-publish","4":"has-post-thumbnail","6":"product_cat-estimulantes-pt-pt","8":"first","9":"instock","10":"shipping-taxable","11":"product-type-simple"},"_links":{"self":[{"href":"https:\/\/bioera.es\/pt-pt\/wp-json\/wp\/v2\/product\/4411","targetHints":{"allow":["GET"]}}],"collection":[{"href":"https:\/\/bioera.es\/pt-pt\/wp-json\/wp\/v2\/product"}],"about":[{"href":"https:\/\/bioera.es\/pt-pt\/wp-json\/wp\/v2\/types\/product"}],"replies":[{"embeddable":true,"href":"https:\/\/bioera.es\/pt-pt\/wp-json\/wp\/v2\/comments?post=4411"}],"wp:featuredmedia":[{"embeddable":true,"href":"https:\/\/bioera.es\/pt-pt\/wp-json\/wp\/v2\/media\/2400"}],"wp:attachment":[{"href":"https:\/\/bioera.es\/pt-pt\/wp-json\/wp\/v2\/media?parent=4411"}],"wp:term":[{"taxonomy":"product_brand","embeddable":true,"href":"https:\/\/bioera.es\/pt-pt\/wp-json\/wp\/v2\/product_brand?post=4411"},{"taxonomy":"product_cat","embeddable":true,"href":"https:\/\/bioera.es\/pt-pt\/wp-json\/wp\/v2\/product_cat?post=4411"},{"taxonomy":"product_tag","embeddable":true,"href":"https:\/\/bioera.es\/pt-pt\/wp-json\/wp\/v2\/product_tag?post=4411"}],"curies":[{"name":"wp","href":"https:\/\/api.w.org\/{rel}","templated":true}]}}