{"id":4410,"date":"2021-09-02T14:10:38","date_gmt":"2021-09-02T14:10:38","guid":{"rendered":"https:\/\/bioera.es\/producto\/bioradis-solex\/"},"modified":"2025-11-14T11:01:46","modified_gmt":"2025-11-14T11:01:46","slug":"bioradis-solex","status":"publish","type":"product","link":"https:\/\/bioera.es\/pt-pt\/producto\/bioradis-solex\/","title":{"rendered":"Bioradis Solex"},"content":{"rendered":"<div class=\"row\"  id=\"row-1385796412\">\n\n\t<div id=\"col-1945248030\" class=\"col small-12 large-12\"  >\n\t\t\t\t<div class=\"col-inner\"  >\n\t\t\t\n\t\t\t\n<div class=\"row\"  id=\"row-729305283\">\n\n\t<div id=\"col-1537303097\" class=\"col small-12 large-12\"  >\n\t\t\t\t<div class=\"col-inner\"  >\n\t\t\t\n\t\t\t\n<div class=\"container section-title-container\" ><h4 class=\"section-title section-title-normal\"><b aria-hidden=\"true\"><\/b><span class=\"section-title-main\" >Adequado para<\/span><b aria-hidden=\"true\"><\/b><\/h4><\/div>\n\t\t<\/div>\n\t\t\t\t\n<style>\n#col-1537303097 > .col-inner {\n  margin: 0px 0px -45px 0px;\n}\n<\/style>\n\t<\/div>\n\n\t\n\n\t<div id=\"col-1318334318\" class=\"col small-12 large-12\"  >\n\t\t\t\t<div class=\"col-inner\"  >\n\t\t\t\n\t\t\t\n<div class=\"row\"  id=\"row-1577764995\">\n\n\t<div id=\"col-983575670\" class=\"col medium-5 small-12 large-5\"  >\n\t\t\t\t<div class=\"col-inner\"  >\n\t\t\t\n\t\t\t\n\t<div id=\"stack-1842388611\" class=\"stack stack-row justify-start items-stretch sm:stack-row sm:justify-start sm:items-stretch\">\n\t\t\n\t<div class=\"img has-hover x md-x lg-x y md-y lg-y\" id=\"image_885171071\">\n\t\t\t\t\t\t\t\t<div class=\"img-inner dark\" >\n\t\t\t<img loading=\"lazy\" decoding=\"async\" width=\"302\" height=\"301\" src=\"https:\/\/bioera.es\/wp-content\/uploads\/2019\/11\/8Recurso-19V3.png\" class=\"attachment-large size-large\" alt=\"\" srcset=\"https:\/\/bioera.es\/wp-content\/uploads\/2019\/11\/8Recurso-19V3.png 302w, https:\/\/bioera.es\/wp-content\/uploads\/2019\/11\/8Recurso-19V3-300x300.png 300w, https:\/\/bioera.es\/wp-content\/uploads\/2019\/11\/8Recurso-19V3-150x150.png 150w, https:\/\/bioera.es\/wp-content\/uploads\/2019\/11\/8Recurso-19V3-100x100.png 100w\" sizes=\"auto, (max-width: 302px) 100vw, 302px\" \/>\t\t\t\t\t\t\n\t\t\t\t\t<\/div>\n\t\t\t\t\t\t\t\t\n<style>\n#image_885171071 {\n  width: 100%;\n}\n<\/style>\n\t<\/div>\n\t\n\t<div class=\"img has-hover x md-x lg-x y md-y lg-y\" id=\"image_732234482\">\n\t\t\t\t\t\t\t\t<div class=\"img-inner dark\" >\n\t\t\t<img loading=\"lazy\" decoding=\"async\" width=\"303\" height=\"309\" src=\"https:\/\/bioera.es\/wp-content\/uploads\/2019\/11\/8Recurso-21V3.png\" class=\"attachment-large size-large\" alt=\"\" srcset=\"https:\/\/bioera.es\/wp-content\/uploads\/2019\/11\/8Recurso-21V3.png 303w, https:\/\/bioera.es\/wp-content\/uploads\/2019\/11\/8Recurso-21V3-294x300.png 294w\" sizes=\"auto, (max-width: 303px) 100vw, 303px\" \/>\t\t\t\t\t\t\n\t\t\t\t\t<\/div>\n\t\t\t\t\t\t\t\t\n<style>\n#image_732234482 {\n  width: 100%;\n}\n<\/style>\n\t<\/div>\n\t\n\t<div class=\"img has-hover x md-x lg-x y md-y lg-y\" id=\"image_1298044833\">\n\t\t\t\t\t\t\t\t<div class=\"img-inner dark\" >\n\t\t\t<img loading=\"lazy\" decoding=\"async\" width=\"302\" height=\"307\" src=\"https:\/\/bioera.es\/wp-content\/uploads\/2019\/11\/8Recurso-20V3.png\" class=\"attachment-large size-large\" alt=\"\" srcset=\"https:\/\/bioera.es\/wp-content\/uploads\/2019\/11\/8Recurso-20V3.png 302w, https:\/\/bioera.es\/wp-content\/uploads\/2019\/11\/8Recurso-20V3-295x300.png 295w\" sizes=\"auto, (max-width: 302px) 100vw, 302px\" \/>\t\t\t\t\t\t\n\t\t\t\t\t<\/div>\n\t\t\t\t\t\t\t\t\n<style>\n#image_1298044833 {\n  width: 100%;\n}\n<\/style>\n\t<\/div>\n\t\n\t<div class=\"img has-hover x md-x lg-x y md-y lg-y\" id=\"image_189609002\">\n\t\t\t\t\t\t\t\t<div class=\"img-inner dark\" >\n\t\t\t<img loading=\"lazy\" decoding=\"async\" width=\"302\" height=\"306\" src=\"https:\/\/bioera.es\/wp-content\/uploads\/2019\/11\/8Recurso-16V3.png\" class=\"attachment-large size-large\" alt=\"\" srcset=\"https:\/\/bioera.es\/wp-content\/uploads\/2019\/11\/8Recurso-16V3.png 302w, https:\/\/bioera.es\/wp-content\/uploads\/2019\/11\/8Recurso-16V3-296x300.png 296w, https:\/\/bioera.es\/wp-content\/uploads\/2019\/11\/8Recurso-16V3-100x100.png 100w\" sizes=\"auto, (max-width: 302px) 100vw, 302px\" \/>\t\t\t\t\t\t\n\t\t\t\t\t<\/div>\n\t\t\t\t\t\t\t\t\n<style>\n#image_189609002 {\n  width: 100%;\n}\n<\/style>\n\t<\/div>\n\t\n\t<div class=\"img has-hover x md-x lg-x y md-y lg-y\" id=\"image_1406871181\">\n\t\t\t\t\t\t\t\t<div class=\"img-inner dark\" >\n\t\t\t<img loading=\"lazy\" decoding=\"async\" width=\"303\" height=\"307\" src=\"https:\/\/bioera.es\/wp-content\/uploads\/2019\/11\/8Recurso-27V3.png\" class=\"attachment-large size-large\" alt=\"\" srcset=\"https:\/\/bioera.es\/wp-content\/uploads\/2019\/11\/8Recurso-27V3.png 303w, https:\/\/bioera.es\/wp-content\/uploads\/2019\/11\/8Recurso-27V3-296x300.png 296w, https:\/\/bioera.es\/wp-content\/uploads\/2019\/11\/8Recurso-27V3-100x100.png 100w\" sizes=\"auto, (max-width: 303px) 100vw, 303px\" \/>\t\t\t\t\t\t\n\t\t\t\t\t<\/div>\n\t\t\t\t\t\t\t\t\n<style>\n#image_1406871181 {\n  width: 100%;\n}\n<\/style>\n\t<\/div>\n\t\n\t\t\n<style>\n#stack-1842388611 > * {\n  --stack-gap: 0rem;\n}\n@media (min-width:550px) {\n  #stack-1842388611 > * {\n    --stack-gap: 0rem;\n  }\n}\n<\/style>\n\t<\/div>\n\t\n\t\t<\/div>\n\t\t\t\t\t<\/div>\n\n\t\n<\/div>\n\t\t<\/div>\n\t\t\t\t\t<\/div>\n\n\t\n<\/div>\n<div class=\"row row-large\"  id=\"row-360939851\">\n\n\t<div id=\"col-1087333983\" class=\"col medium-4 small-12 large-4\"  data-animate=\"fadeInDown\">\n\t\t\t\t<div class=\"col-inner\"  >\n\t\t\t\n\t\t\t\n<div class=\"container section-title-container\" ><h4 class=\"section-title section-title-normal\"><b aria-hidden=\"true\"><\/b><span class=\"section-title-main\" style=\"font-size:84%;\">Instru\u00e7\u00f5es de utiliza\u00e7\u00e3o<\/span><b aria-hidden=\"true\"><\/b><\/h4><\/div>\n<p>Aplicar por irriga\u00e7\u00e3o ou pulveriza\u00e7\u00e3o no solo numa dose de 1-2 kg\/ha.<\/p>\n<p>Compat\u00edvel com herbicidas e insecticidas, adubos l\u00edquidos. N\u00e3o \u00e9 recomendada a mistura com fungicidas. <\/p>\n\t\t<\/div>\n\t\t\t\t\t<\/div>\n\n\t\n\n\t<div id=\"col-1374600796\" class=\"col medium-4 small-12 large-4\"  data-animate=\"fadeInDown\">\n\t\t\t\t<div class=\"col-inner\"  >\n\t\t\t\n\t\t\t\n<div class=\"container section-title-container\" ><h4 class=\"section-title section-title-normal\"><b aria-hidden=\"true\"><\/b><span class=\"section-title-main\" style=\"font-size:84%;\">\u00cdNDICE<\/span><b aria-hidden=\"true\"><\/b><\/h4><\/div>\n<p class=\"p1\">Inoculante biol\u00f3gico composto por 3 esp\u00e9cies de micorrizas arbusculares e 3 esp\u00e9cies de bact\u00e9rias PGP do g\u00e9nero <em>Bacillus<\/em>.<\/p>\n\t\t<\/div>\n\t\t\t\t\t<\/div>\n\n\t\n\n\t<div id=\"col-751391814\" class=\"col medium-4 small-12 large-4\"  data-animate=\"fadeInDown\">\n\t\t\t\t<div class=\"col-inner\"  >\n\t\t\t\n\t\t\t\n<div class=\"container section-title-container\" ><h4 class=\"section-title section-title-normal\"><b aria-hidden=\"true\"><\/b><span class=\"section-title-main\" style=\"font-size:84%;\">Fornecido em:<\/span><b aria-hidden=\"true\"><\/b><\/h4><\/div>\n<p class=\"p1\">Sacos de 1 kg e 5 kg.<\/p>\n\t<div class=\"img has-hover x md-x lg-x y md-y lg-y\" id=\"image_7829196\">\n\t\t\t\t\t\t\t\t<div class=\"img-inner dark\" >\n\t\t\t<img loading=\"lazy\" decoding=\"async\" width=\"591\" height=\"591\" src=\"https:\/\/bioera.es\/wp-content\/uploads\/2021\/09\/logo-CAAE-INSUMOS-UNE-142500-01.png\" class=\"attachment-large size-large\" alt=\"\" srcset=\"https:\/\/bioera.es\/wp-content\/uploads\/2021\/09\/logo-CAAE-INSUMOS-UNE-142500-01.png 591w, https:\/\/bioera.es\/wp-content\/uploads\/2021\/09\/logo-CAAE-INSUMOS-UNE-142500-01-300x300.png 300w, https:\/\/bioera.es\/wp-content\/uploads\/2021\/09\/logo-CAAE-INSUMOS-UNE-142500-01-150x150.png 150w, https:\/\/bioera.es\/wp-content\/uploads\/2021\/09\/logo-CAAE-INSUMOS-UNE-142500-01-100x100.png 100w\" sizes=\"auto, (max-width: 591px) 100vw, 591px\" \/>\t\t\t\t\t\t\n\t\t\t\t\t<\/div>\n\t\t\t\t\t\t\t\t\n<style>\n#image_7829196 {\n  width: 32%;\n}\n<\/style>\n\t<\/div>\n\t\n\t\t<\/div>\n\t\t\t\t\t<\/div>\n\n\t\n<\/div>\n<div class=\"video video-fit mb\" style=\"padding-top:56.25%;\"><p><iframe loading=\"lazy\" title=\"Bioradis Solex - Micorr\u00edzate y Bacter\u00edzate - BIOERA\" width=\"1020\" height=\"574\" src=\"https:\/\/www.youtube.com\/embed\/3WjEEGXrzH4?feature=oembed\" frameborder=\"0\" allow=\"accelerometer; autoplay; clipboard-write; encrypted-media; gyroscope; picture-in-picture; web-share\" referrerpolicy=\"strict-origin-when-cross-origin\" allowfullscreen><\/iframe><\/p>\n<\/div>\n\t\t<\/div>\n\t\t\t\t\t<\/div>\n\n\t\n<\/div>\n","protected":false},"excerpt":{"rendered":"<h4>Inoculante endomicorr\u00edzico com bact\u00e9rias PGP para fertirriga\u00e7\u00e3o ou pulveriza\u00e7\u00e3o em culturas extensivas.<\/h4>\n<ul>\n<li class=\"bullet-checkmark\">Aumenta a toler\u00e2ncia da cultura \u00e0 seca e \u00e0 salinidade<\/li>\n<li class=\"bullet-checkmark\">Aumenta a efici\u00eancia da utiliza\u00e7\u00e3o dos nutrientes<\/li>\n<li class=\"bullet-checkmark\">Promove a forma\u00e7\u00e3o de ra\u00edzes secund\u00e1rias<\/li>\n<li class=\"bullet-checkmark\">Produto f\u00e1cil de aplicar por irriga\u00e7\u00e3o ou pulveriza\u00e7\u00e3o no solo<\/li>\n<\/ul>\n","protected":false},"featured_media":4412,"comment_status":"open","ping_status":"closed","template":"","meta":[],"product_brand":[],"product_cat":[73],"product_tag":[],"class_list":{"0":"post-4410","1":"product","2":"type-product","3":"status-publish","4":"has-post-thumbnail","6":"product_cat-microbios","8":"first","9":"instock","10":"shipping-taxable","11":"product-type-simple"},"_links":{"self":[{"href":"https:\/\/bioera.es\/pt-pt\/wp-json\/wp\/v2\/product\/4410","targetHints":{"allow":["GET"]}}],"collection":[{"href":"https:\/\/bioera.es\/pt-pt\/wp-json\/wp\/v2\/product"}],"about":[{"href":"https:\/\/bioera.es\/pt-pt\/wp-json\/wp\/v2\/types\/product"}],"replies":[{"embeddable":true,"href":"https:\/\/bioera.es\/pt-pt\/wp-json\/wp\/v2\/comments?post=4410"}],"wp:featuredmedia":[{"embeddable":true,"href":"https:\/\/bioera.es\/pt-pt\/wp-json\/wp\/v2\/media\/4412"}],"wp:attachment":[{"href":"https:\/\/bioera.es\/pt-pt\/wp-json\/wp\/v2\/media?parent=4410"}],"wp:term":[{"taxonomy":"product_brand","embeddable":true,"href":"https:\/\/bioera.es\/pt-pt\/wp-json\/wp\/v2\/product_brand?post=4410"},{"taxonomy":"product_cat","embeddable":true,"href":"https:\/\/bioera.es\/pt-pt\/wp-json\/wp\/v2\/product_cat?post=4410"},{"taxonomy":"product_tag","embeddable":true,"href":"https:\/\/bioera.es\/pt-pt\/wp-json\/wp\/v2\/product_tag?post=4410"}],"curies":[{"name":"wp","href":"https:\/\/api.w.org\/{rel}","templated":true}]}}