{"id":4402,"date":"2020-01-07T10:02:03","date_gmt":"2020-01-07T10:02:03","guid":{"rendered":"https:\/\/bioera.es\/producto\/novamine-nitrogenio-plus\/"},"modified":"2026-04-13T13:51:10","modified_gmt":"2026-04-13T13:51:10","slug":"novamine-nitrogenio-plus","status":"publish","type":"product","link":"https:\/\/bioera.es\/pt-pt\/producto\/novamine-nitrogenio-plus\/","title":{"rendered":"Novamine Nitr\u00f3geno Plus"},"content":{"rendered":"<div class=\"row row-large\"  id=\"row-1715224164\">\n\n\t<div id=\"col-1490711818\" class=\"col medium-4 small-12 large-4\"  data-animate=\"fadeInDown\">\n\t\t\t\t<div class=\"col-inner\"  >\n\t\t\t\n\t\t\t\n<div class=\"container section-title-container\" ><h4 class=\"section-title section-title-normal\"><b aria-hidden=\"true\"><\/b><span class=\"section-title-main\" style=\"font-size:84%;\">Instru\u00e7\u00f5es de utiliza\u00e7\u00e3o<\/span><b aria-hidden=\"true\"><\/b><\/h4><\/div>\n<p class=\"p1\">Aplica\u00e7\u00e3o foliar: 100-150 g\/hl \/\/ Aplica\u00e7\u00e3o radicular: 1,5-3 kg\/ha \/\/ Hidroponia: 0,8-1 kg\/ha. Repete a cada 15 dias, desde que seja conveniente.<\/p>\n\t\t<\/div>\n\t\t\t\t\t<\/div>\n\n\t\n\n\t<div id=\"col-1456138424\" class=\"col medium-4 small-12 large-4\"  data-animate=\"fadeInDown\">\n\t\t\t\t<div class=\"col-inner\"  >\n\t\t\t\n\t\t\t\n<div class=\"container section-title-container\" ><h4 class=\"section-title section-title-normal\"><b aria-hidden=\"true\"><\/b><span class=\"section-title-main\" style=\"font-size:84%;\">\u00cdNDICE<\/span><b aria-hidden=\"true\"><\/b><\/h4><\/div>\n<p class=\"p1\">80% de amino\u00e1cidos livres, 70% de mat\u00e9ria org\u00e2nica e 13% de azoto (N).<\/p>\n\t\t<\/div>\n\t\t\t\t\t<\/div>\n\n\t\n\n\t<div id=\"col-1938938729\" class=\"col medium-4 small-12 large-4\"  data-animate=\"fadeInDown\">\n\t\t\t\t<div class=\"col-inner\"  >\n\t\t\t\n\t\t\t\n<div class=\"container section-title-container\" ><h4 class=\"section-title section-title-normal\"><b aria-hidden=\"true\"><\/b><span class=\"section-title-main\" style=\"font-size:84%;\">Fornecido em:<\/span><b aria-hidden=\"true\"><\/b><\/h4><\/div>\n<p class=\"p1\">Embalagens de 1 kg (caixa de 12 unidades) e baldes de 5 kg.<\/p>\n\t<div id=\"stack-1321707477\" class=\"stack stack-row justify-start items-baseline\">\n\t\t\n\t<div class=\"img has-hover x md-x lg-x y md-y lg-y\" id=\"image_1428119382\">\n\t\t\t\t\t\t\t\t<div class=\"img-inner dark\" >\n\t\t\t<img loading=\"lazy\" decoding=\"async\" width=\"591\" height=\"591\" src=\"https:\/\/bioera.es\/wp-content\/uploads\/2021\/08\/logo-CAAE-INSUMOS-UNE-142500-01.png\" class=\"attachment-large size-large\" alt=\"\" srcset=\"https:\/\/bioera.es\/wp-content\/uploads\/2021\/08\/logo-CAAE-INSUMOS-UNE-142500-01.png 591w, https:\/\/bioera.es\/wp-content\/uploads\/2021\/08\/logo-CAAE-INSUMOS-UNE-142500-01-300x300.png 300w, https:\/\/bioera.es\/wp-content\/uploads\/2021\/08\/logo-CAAE-INSUMOS-UNE-142500-01-150x150.png 150w, https:\/\/bioera.es\/wp-content\/uploads\/2021\/08\/logo-CAAE-INSUMOS-UNE-142500-01-100x100.png 100w\" sizes=\"auto, (max-width: 591px) 100vw, 591px\" \/>\t\t\t\t\t\t\n\t\t\t\t\t<\/div>\n\t\t\t\t\t\t\t\t\n<style>\n#image_1428119382 {\n  width: 34%;\n}\n<\/style>\n\t<\/div>\n\t\n\t<div class=\"img has-hover x md-x lg-x y md-y lg-y\" id=\"image_1145390760\">\n\t\t\t\t\t\t\t\t<div class=\"img-inner dark\" >\n\t\t\t<img loading=\"lazy\" decoding=\"async\" width=\"1020\" height=\"677\" src=\"https:\/\/bioera.es\/wp-content\/uploads\/2020\/01\/insumo-nop-caae-1024x680.jpg\" class=\"attachment-large size-large\" alt=\"\" srcset=\"https:\/\/bioera.es\/wp-content\/uploads\/2020\/01\/insumo-nop-caae-1024x680.jpg 1024w, https:\/\/bioera.es\/wp-content\/uploads\/2020\/01\/insumo-nop-caae-300x199.jpg 300w, https:\/\/bioera.es\/wp-content\/uploads\/2020\/01\/insumo-nop-caae-768x510.jpg 768w, https:\/\/bioera.es\/wp-content\/uploads\/2020\/01\/insumo-nop-caae-600x399.jpg 600w, https:\/\/bioera.es\/wp-content\/uploads\/2020\/01\/insumo-nop-caae.jpg 1404w\" sizes=\"auto, (max-width: 1020px) 100vw, 1020px\" \/>\t\t\t\t\t\t\n\t\t\t\t\t<\/div>\n\t\t\t\t\t\t\t\t\n<style>\n#image_1145390760 {\n  width: 30%;\n}\n<\/style>\n\t<\/div>\n\t\n\t<div class=\"img has-hover x md-x lg-x y md-y lg-y\" id=\"image_719612683\">\n\t\t\t\t\t\t\t\t<div class=\"img-inner dark\" >\n\t\t\t<img loading=\"lazy\" decoding=\"async\" width=\"1020\" height=\"427\" src=\"https:\/\/bioera.es\/wp-content\/uploads\/2023\/05\/fibl-logo-1024x429.png\" class=\"attachment-large size-large\" alt=\"\" srcset=\"https:\/\/bioera.es\/wp-content\/uploads\/2023\/05\/fibl-logo-1024x429.png 1024w, https:\/\/bioera.es\/wp-content\/uploads\/2023\/05\/fibl-logo-300x126.png 300w, https:\/\/bioera.es\/wp-content\/uploads\/2023\/05\/fibl-logo-768x322.png 768w, https:\/\/bioera.es\/wp-content\/uploads\/2023\/05\/fibl-logo-1536x644.png 1536w, https:\/\/bioera.es\/wp-content\/uploads\/2023\/05\/fibl-logo-2048x859.png 2048w, https:\/\/bioera.es\/wp-content\/uploads\/2023\/05\/fibl-logo-600x252.png 600w\" sizes=\"auto, (max-width: 1020px) 100vw, 1020px\" \/>\t\t\t\t\t\t\n\t\t\t\t\t<\/div>\n\t\t\t\t\t\t\t\t\n<style>\n#image_719612683 {\n  width: 30%;\n}\n<\/style>\n\t<\/div>\n\t\n\t\t\n<style>\n#stack-1321707477 > * {\n  --stack-gap: 2.25rem;\n}\n<\/style>\n\t<\/div>\n\t\n\t\t<\/div>\n\t\t\t\t\t<\/div>\n\n\t\n<\/div>\n","protected":false},"excerpt":{"rendered":"<h4>Concentrado s\u00f3lido sol\u00favel de amino\u00e1cidos vegetais<\/h4>\n<ul>\n<li class=\"p1 bullet-checkmark\">Revigora e estimula o crescimento vegetativo<\/li>\n<li class=\"p1 bullet-checkmark\"><span class=\"s1\">Poder para as plantas em situa\u00e7\u00f5es de stress de qualquer tipo.<\/span><\/li>\n<li class=\"p1 bullet-checkmark\">Previne e elimina os sintomas de defici\u00eancia de azoto.<\/li>\n<li class=\"p1 bullet-checkmark\">Fornece amino\u00e1cidos obtidos por hidr\u00f3lise enzim\u00e1tica.<\/li>\n<\/ul>\n<p>Adequado para:<\/p>\n<p><img loading=\"lazy\" decoding=\"async\" class=\"alignright size-full wp-image-1446\" src=\"https:\/\/bioera.es\/wp-content\/uploads\/2020\/01\/sol1.jpg\" alt=\"\" width=\"1284\" height=\"128\" srcset=\"https:\/\/bioera.es\/wp-content\/uploads\/2020\/01\/sol1.jpg 1284w, https:\/\/bioera.es\/wp-content\/uploads\/2020\/01\/sol1-300x30.jpg 300w, https:\/\/bioera.es\/wp-content\/uploads\/2020\/01\/sol1-1024x102.jpg 1024w, https:\/\/bioera.es\/wp-content\/uploads\/2020\/01\/sol1-768x77.jpg 768w, https:\/\/bioera.es\/wp-content\/uploads\/2020\/01\/sol1-600x60.jpg 600w\" sizes=\"auto, (max-width: 1284px) 100vw, 1284px\" \/><\/p>\n","protected":false},"featured_media":4403,"comment_status":"open","ping_status":"closed","template":"","meta":[],"product_brand":[],"product_cat":[72],"product_tag":[],"class_list":{"0":"post-4402","1":"product","2":"type-product","3":"status-publish","4":"has-post-thumbnail","6":"product_cat-estimulantes-pt-pt","8":"first","9":"instock","10":"shipping-taxable","11":"product-type-simple"},"_links":{"self":[{"href":"https:\/\/bioera.es\/pt-pt\/wp-json\/wp\/v2\/product\/4402","targetHints":{"allow":["GET"]}}],"collection":[{"href":"https:\/\/bioera.es\/pt-pt\/wp-json\/wp\/v2\/product"}],"about":[{"href":"https:\/\/bioera.es\/pt-pt\/wp-json\/wp\/v2\/types\/product"}],"replies":[{"embeddable":true,"href":"https:\/\/bioera.es\/pt-pt\/wp-json\/wp\/v2\/comments?post=4402"}],"wp:featuredmedia":[{"embeddable":true,"href":"https:\/\/bioera.es\/pt-pt\/wp-json\/wp\/v2\/media\/4403"}],"wp:attachment":[{"href":"https:\/\/bioera.es\/pt-pt\/wp-json\/wp\/v2\/media?parent=4402"}],"wp:term":[{"taxonomy":"product_brand","embeddable":true,"href":"https:\/\/bioera.es\/pt-pt\/wp-json\/wp\/v2\/product_brand?post=4402"},{"taxonomy":"product_cat","embeddable":true,"href":"https:\/\/bioera.es\/pt-pt\/wp-json\/wp\/v2\/product_cat?post=4402"},{"taxonomy":"product_tag","embeddable":true,"href":"https:\/\/bioera.es\/pt-pt\/wp-json\/wp\/v2\/product_tag?post=4402"}],"curies":[{"name":"wp","href":"https:\/\/api.w.org\/{rel}","templated":true}]}}