{"id":4397,"date":"2021-01-13T17:05:43","date_gmt":"2021-01-13T17:05:43","guid":{"rendered":"https:\/\/bioera.es\/producto\/sementes-de-bioradis\/"},"modified":"2025-12-09T09:05:34","modified_gmt":"2025-12-09T09:05:34","slug":"bioradis-seed","status":"publish","type":"product","link":"https:\/\/bioera.es\/pt-pt\/producto\/bioradis-seed\/","title":{"rendered":"Bioradis Seed"},"content":{"rendered":"<div class=\"row\"  id=\"row-1210853899\">\n\n\t<div id=\"col-2027692216\" class=\"col small-12 large-12\"  >\n\t\t\t\t<div class=\"col-inner\"  >\n\t\t\t\n\t\t\t\n<div class=\"container section-title-container\" ><h4 class=\"section-title section-title-normal\"><b aria-hidden=\"true\"><\/b><span class=\"section-title-main\" >Adequado para<\/span><b aria-hidden=\"true\"><\/b><\/h4><\/div>\n\t\t<\/div>\n\t\t\t\t\n<style>\n#col-2027692216 > .col-inner {\n  margin: 0px 0px -45px 0px;\n}\n<\/style>\n\t<\/div>\n\n\t\n\n\t<div id=\"col-191268374\" class=\"col small-12 large-12\"  >\n\t\t\t\t<div class=\"col-inner\"  >\n\t\t\t\n\t\t\t\n<div class=\"row\"  id=\"row-697920274\">\n\n\t<div id=\"col-280095084\" class=\"col medium-4 small-12 large-4\"  >\n\t\t\t\t<div class=\"col-inner\"  >\n\t\t\t\n\t\t\t\n\t<div id=\"stack-2050057564\" class=\"stack stack-row justify-start items-stretch sm:stack-row sm:justify-start sm:items-stretch\">\n\t\t\n\t<div class=\"img has-hover x md-x lg-x y md-y lg-y\" id=\"image_895717668\">\n\t\t\t\t\t\t\t\t<div class=\"img-inner dark\" >\n\t\t\t<img loading=\"lazy\" decoding=\"async\" width=\"303\" height=\"311\" src=\"https:\/\/bioera.es\/wp-content\/uploads\/2019\/11\/8Recurso-23V3.png\" class=\"attachment-large size-large\" alt=\"\" srcset=\"https:\/\/bioera.es\/wp-content\/uploads\/2019\/11\/8Recurso-23V3.png 303w, https:\/\/bioera.es\/wp-content\/uploads\/2019\/11\/8Recurso-23V3-292x300.png 292w\" sizes=\"auto, (max-width: 303px) 100vw, 303px\" \/>\t\t\t\t\t\t\n\t\t\t\t\t<\/div>\n\t\t\t\t\t\t\t\t\n<style>\n#image_895717668 {\n  width: 100%;\n}\n<\/style>\n\t<\/div>\n\t\n\t<div class=\"img has-hover x md-x lg-x y md-y lg-y\" id=\"image_1133178505\">\n\t\t\t\t\t\t\t\t<div class=\"img-inner dark\" >\n\t\t\t<img loading=\"lazy\" decoding=\"async\" width=\"303\" height=\"307\" src=\"https:\/\/bioera.es\/wp-content\/uploads\/2019\/11\/8Recurso-25V3.png\" class=\"attachment-large size-large\" alt=\"\" srcset=\"https:\/\/bioera.es\/wp-content\/uploads\/2019\/11\/8Recurso-25V3.png 303w, https:\/\/bioera.es\/wp-content\/uploads\/2019\/11\/8Recurso-25V3-296x300.png 296w, https:\/\/bioera.es\/wp-content\/uploads\/2019\/11\/8Recurso-25V3-100x100.png 100w\" sizes=\"auto, (max-width: 303px) 100vw, 303px\" \/>\t\t\t\t\t\t\n\t\t\t\t\t<\/div>\n\t\t\t\t\t\t\t\t\n<style>\n#image_1133178505 {\n  width: 100%;\n}\n<\/style>\n\t<\/div>\n\t\n\t<div class=\"img has-hover x md-x lg-x y md-y lg-y\" id=\"image_1095070437\">\n\t\t\t\t\t\t\t\t<div class=\"img-inner dark\" >\n\t\t\t<img loading=\"lazy\" decoding=\"async\" width=\"302\" height=\"357\" src=\"https:\/\/bioera.es\/wp-content\/uploads\/2019\/11\/8Recurso-15V3.png\" class=\"attachment-large size-large\" alt=\"\" srcset=\"https:\/\/bioera.es\/wp-content\/uploads\/2019\/11\/8Recurso-15V3.png 302w, https:\/\/bioera.es\/wp-content\/uploads\/2019\/11\/8Recurso-15V3-254x300.png 254w\" sizes=\"auto, (max-width: 302px) 100vw, 302px\" \/>\t\t\t\t\t\t\n\t\t\t\t\t<\/div>\n\t\t\t\t\t\t\t\t\n<style>\n#image_1095070437 {\n  width: 100%;\n}\n<\/style>\n\t<\/div>\n\t\n\t<div class=\"img has-hover x md-x lg-x y md-y lg-y\" id=\"image_785724743\">\n\t\t\t\t\t\t\t\t<div class=\"img-inner dark\" >\n\t\t\t<img loading=\"lazy\" decoding=\"async\" width=\"302\" height=\"306\" src=\"https:\/\/bioera.es\/wp-content\/uploads\/2019\/11\/8Recurso-16V3.png\" class=\"attachment-large size-large\" alt=\"\" srcset=\"https:\/\/bioera.es\/wp-content\/uploads\/2019\/11\/8Recurso-16V3.png 302w, https:\/\/bioera.es\/wp-content\/uploads\/2019\/11\/8Recurso-16V3-296x300.png 296w, https:\/\/bioera.es\/wp-content\/uploads\/2019\/11\/8Recurso-16V3-100x100.png 100w\" sizes=\"auto, (max-width: 302px) 100vw, 302px\" \/>\t\t\t\t\t\t\n\t\t\t\t\t<\/div>\n\t\t\t\t\t\t\t\t\n<style>\n#image_785724743 {\n  width: 100%;\n}\n<\/style>\n\t<\/div>\n\t\n\t\t\n<style>\n#stack-2050057564 > * {\n  --stack-gap: 0rem;\n}\n@media (min-width:550px) {\n  #stack-2050057564 > * {\n    --stack-gap: 0rem;\n  }\n}\n<\/style>\n\t<\/div>\n\t\n\t\t<\/div>\n\t\t\t\t\t<\/div>\n\n\t\n<\/div>\n\t\t<\/div>\n\t\t\t\t\t<\/div>\n\n\t\n<\/div>\n<div class=\"row row-large\"  id=\"row-200011590\">\n\n\t<div id=\"col-520609905\" class=\"col medium-4 small-12 large-4\"  data-animate=\"fadeInDown\">\n\t\t\t\t<div class=\"col-inner\"  >\n\t\t\t\n\t\t\t\n<div class=\"container section-title-container\" ><h4 class=\"section-title section-title-normal\"><b aria-hidden=\"true\"><\/b><span class=\"section-title-main\" style=\"font-size:84%;\">Instru\u00e7\u00f5es de utiliza\u00e7\u00e3o<\/span><b aria-hidden=\"true\"><\/b><\/h4><\/div>\n<p class=\"p1\">Dissolve o produto no tanque de tratamento de sementes. A dosagem pode variar consoante a cultura, sendo a mais comum 0,1 &#8211; 0,3 kg\/ha. Dependendo da cultura, a dose por kg ou MT de sementes pode variar significativamente. Recomenda-se que consultes o Servi\u00e7o T\u00e9cnico antes da aplica\u00e7\u00e3o.   <\/p>\n\t\t<\/div>\n\t\t\t\t\t<\/div>\n\n\t\n\n\t<div id=\"col-69169468\" class=\"col medium-4 small-12 large-4\"  data-animate=\"fadeInDown\">\n\t\t\t\t<div class=\"col-inner\"  >\n\t\t\t\n\t\t\t\n<div class=\"container section-title-container\" ><h4 class=\"section-title section-title-normal\"><b aria-hidden=\"true\"><\/b><span class=\"section-title-main\" style=\"font-size:84%;\">\u00cdNDICE<\/span><b aria-hidden=\"true\"><\/b><\/h4><\/div>\n<p class=\"p1\">Inoculante biol\u00f3gico composto por 5 esp\u00e9cies de fungos micorr\u00edzicos arbusculares (Rhizophagus irregularis, Septoglomus deserticola, Funneliformis mosseae, Claroideoglomus etunicatum e C. claroideum) e 4 estirpes de bact\u00e9rias PGP (Bacillus megaterium, B. altitudinis, B. subtilis e B. licheniformis).<\/p>\n\t\t<\/div>\n\t\t\t\t\t<\/div>\n\n\t\n\n\t<div id=\"col-1468401442\" class=\"col medium-4 small-12 large-4\"  data-animate=\"fadeInDown\">\n\t\t\t\t<div class=\"col-inner\"  >\n\t\t\t\n\t\t\t\n<div class=\"container section-title-container\" ><h4 class=\"section-title section-title-normal\"><b aria-hidden=\"true\"><\/b><span class=\"section-title-main\" style=\"font-size:84%;\">Fornecido em:<\/span><b aria-hidden=\"true\"><\/b><\/h4><\/div>\n<p class=\"p1\">Vasos de 1Kg e 5Kg<\/p>\n\t<div class=\"img has-hover x md-x lg-x y md-y lg-y\" id=\"image_54495976\">\n\t\t\t\t\t\t\t\t<div class=\"img-inner dark\" >\n\t\t\t<img loading=\"lazy\" decoding=\"async\" width=\"591\" height=\"591\" src=\"https:\/\/bioera.es\/wp-content\/uploads\/2021\/09\/logo-CAAE-INSUMOS-UNE-142500-01.png\" class=\"attachment-large size-large\" alt=\"\" srcset=\"https:\/\/bioera.es\/wp-content\/uploads\/2021\/09\/logo-CAAE-INSUMOS-UNE-142500-01.png 591w, https:\/\/bioera.es\/wp-content\/uploads\/2021\/09\/logo-CAAE-INSUMOS-UNE-142500-01-300x300.png 300w, https:\/\/bioera.es\/wp-content\/uploads\/2021\/09\/logo-CAAE-INSUMOS-UNE-142500-01-150x150.png 150w, https:\/\/bioera.es\/wp-content\/uploads\/2021\/09\/logo-CAAE-INSUMOS-UNE-142500-01-100x100.png 100w\" sizes=\"auto, (max-width: 591px) 100vw, 591px\" \/>\t\t\t\t\t\t\n\t\t\t\t\t<\/div>\n\t\t\t\t\t\t\t\t\n<style>\n#image_54495976 {\n  width: 41%;\n}\n<\/style>\n\t<\/div>\n\t\n\t\t<\/div>\n\t\t\t\t\t<\/div>\n\n\t\n<\/div>\n<p><i>Composi\u00e7\u00e3o conforme distribu\u00edda na Espanha. Para cumprir as regulamenta\u00e7\u00f5es nacionais e internacionais vigentes, a formula\u00e7\u00e3o do produto pode variar em outros pa\u00edses. Por favor, entre em contato com nosso servi\u00e7o t\u00e9cnico ou representante de vendas para verificar a formula\u00e7\u00e3o<\/i>.<\/p>\n","protected":false},"excerpt":{"rendered":"<h4>Inoculante endomicorr\u00edzico para revestimento de sementes, altamente concentrado e enriquecido com rizobact\u00e9rias<\/h4>\n<ul>\n<li class=\"bullet-checkmark\">Produto a ser aplicado dissolvido em \u00e1gua por equipamento de tratamento de sementes.<\/li>\n<li class=\"bullet-checkmark\">Alternativa \u00e0 utiliza\u00e7\u00e3o de fungicidas qu\u00edmicos convencionais<\/li>\n<li class=\"bullet-checkmark\">Consegue a micorriza\u00e7\u00e3o precoce da cultura, proporcionando maior toler\u00e2ncia aos danos causados pela seca e pelo calor.<\/li>\n<\/ul>\n","protected":false},"featured_media":4399,"comment_status":"open","ping_status":"closed","template":"","meta":[],"product_brand":[],"product_cat":[73],"product_tag":[],"class_list":{"0":"post-4397","1":"product","2":"type-product","3":"status-publish","4":"has-post-thumbnail","6":"product_cat-microbios","8":"first","9":"instock","10":"shipping-taxable","11":"product-type-simple"},"_links":{"self":[{"href":"https:\/\/bioera.es\/pt-pt\/wp-json\/wp\/v2\/product\/4397","targetHints":{"allow":["GET"]}}],"collection":[{"href":"https:\/\/bioera.es\/pt-pt\/wp-json\/wp\/v2\/product"}],"about":[{"href":"https:\/\/bioera.es\/pt-pt\/wp-json\/wp\/v2\/types\/product"}],"replies":[{"embeddable":true,"href":"https:\/\/bioera.es\/pt-pt\/wp-json\/wp\/v2\/comments?post=4397"}],"wp:featuredmedia":[{"embeddable":true,"href":"https:\/\/bioera.es\/pt-pt\/wp-json\/wp\/v2\/media\/4399"}],"wp:attachment":[{"href":"https:\/\/bioera.es\/pt-pt\/wp-json\/wp\/v2\/media?parent=4397"}],"wp:term":[{"taxonomy":"product_brand","embeddable":true,"href":"https:\/\/bioera.es\/pt-pt\/wp-json\/wp\/v2\/product_brand?post=4397"},{"taxonomy":"product_cat","embeddable":true,"href":"https:\/\/bioera.es\/pt-pt\/wp-json\/wp\/v2\/product_cat?post=4397"},{"taxonomy":"product_tag","embeddable":true,"href":"https:\/\/bioera.es\/pt-pt\/wp-json\/wp\/v2\/product_tag?post=4397"}],"curies":[{"name":"wp","href":"https:\/\/api.w.org\/{rel}","templated":true}]}}