{"id":4087,"date":"2020-01-05T16:23:20","date_gmt":"2025-02-17T17:02:50","guid":{"rendered":"https:\/\/bioera.es\/producto\/neovit-florcuaje\/"},"modified":"2025-02-17T17:02:54","modified_gmt":"2025-02-17T17:02:54","slug":"neovit-florcuaje","status":"publish","type":"product","link":"https:\/\/bioera.es\/pt-pt\/producto\/neovit-florcuaje\/","title":{"rendered":"Neovit Florcuaje"},"content":{"rendered":"<div class=\"row row-large\"  id=\"row-989031597\">\n\n\t<div id=\"col-1189226112\" class=\"col medium-4 small-12 large-4\"  data-animate=\"fadeInDown\">\n\t\t\t\t<div class=\"col-inner\"  >\n\t\t\t\n\t\t\t\n<div class=\"container section-title-container\" ><h4 class=\"section-title section-title-normal\"><b aria-hidden=\"true\"><\/b><span class=\"section-title-main\" style=\"font-size:84%;\">Instru\u00e7\u00f5es de utiliza\u00e7\u00e3o<\/span><b aria-hidden=\"true\"><\/b><\/h4><\/div>\n<p class=\"p1\">Aplica\u00e7\u00e3o foliar: 200-250cc\/100L \/\/ Aplica\u00e7\u00e3o radicular: 3-4L\/Ha \/\/ Hidroponia: 1,5-2L\/Ha. Inicia os tratamentos antes da flora\u00e7\u00e3o e repete a cada 15 dias, sempre que seja conveniente.<\/p>\n\t\t<\/div>\n\t\t\t\t\t<\/div>\n\n\t\n\n\t<div id=\"col-308840065\" class=\"col medium-4 small-12 large-4\"  data-animate=\"fadeInDown\">\n\t\t\t\t<div class=\"col-inner\"  >\n\t\t\t\n\t\t\t\n<div class=\"container section-title-container\" ><h4 class=\"section-title section-title-normal\"><b aria-hidden=\"true\"><\/b><span class=\"section-title-main\" style=\"font-size:84%;\">\u00cdNDICE<\/span><b aria-hidden=\"true\"><\/b><\/h4><\/div>\n<p class=\"p1\">Adubo especial com amino\u00e1cidos livres (2,5%), C\u00e1lcio (3% CaO), Boro (2,7% B) e Molibd\u00e9nio (1% Mo).<\/p>\n\t\t<\/div>\n\t\t\t\t\t<\/div>\n\n\t\n\n\t<div id=\"col-1637478117\" class=\"col medium-4 small-12 large-4\"  data-animate=\"fadeInDown\">\n\t\t\t\t<div class=\"col-inner\"  >\n\t\t\t\n\t\t\t\n<div class=\"container section-title-container\" ><h4 class=\"section-title section-title-normal\"><b aria-hidden=\"true\"><\/b><span class=\"section-title-main\" style=\"font-size:84%;\">Fornecido em:<\/span><b aria-hidden=\"true\"><\/b><\/h4><\/div>\n<p class=\"p1\">Garrafas de 1 e 5l<\/p>\n\t<div class=\"img has-hover x md-x lg-x y md-y lg-y\" id=\"image_1357337677\">\n\t\t\t\t\t\t\t\t<div class=\"img-inner dark\" >\n\t\t\t<img loading=\"lazy\" decoding=\"async\" width=\"591\" height=\"591\" src=\"https:\/\/bioera.es\/wp-content\/uploads\/2021\/08\/logo-CAAE-INSUMOS-UNE-142500-01.png\" class=\"attachment-large size-large\" alt=\"\" srcset=\"https:\/\/bioera.es\/wp-content\/uploads\/2021\/08\/logo-CAAE-INSUMOS-UNE-142500-01.png 591w, https:\/\/bioera.es\/wp-content\/uploads\/2021\/08\/logo-CAAE-INSUMOS-UNE-142500-01-300x300.png 300w, https:\/\/bioera.es\/wp-content\/uploads\/2021\/08\/logo-CAAE-INSUMOS-UNE-142500-01-150x150.png 150w, https:\/\/bioera.es\/wp-content\/uploads\/2021\/08\/logo-CAAE-INSUMOS-UNE-142500-01-100x100.png 100w\" sizes=\"auto, (max-width: 591px) 100vw, 591px\" \/>\t\t\t\t\t\t\n\t\t\t\t\t<\/div>\n\t\t\t\t\t\t\t\t\n<style>\n#image_1357337677 {\n  width: 46%;\n}\n<\/style>\n\t<\/div>\n\t\n\t\t<\/div>\n\t\t\t\t\t<\/div>\n\n\t\n<\/div>\n","protected":false},"excerpt":{"rendered":"<h4>Adubo especial com amino\u00e1cidos livres, c\u00e1lcio, boro e molibd\u00e9nio.<\/h4>\n<ul>\n<li class=\"p1 bullet-checkmark\">Melhora os processos de flora\u00e7\u00e3o e de forma\u00e7\u00e3o dos frutos.<\/li>\n<li class=\"p1 bullet-checkmark\"><span class=\"Apple-converted-space\">  <\/span>Estimula a fertiliza\u00e7\u00e3o das flores, a germina\u00e7\u00e3o do p\u00f3len e a frutifica\u00e7\u00e3o<\/li>\n<li class=\"p1 bullet-checkmark\">Reduz a queda de frutos e assegura a forma\u00e7\u00e3o e a qualidade dos frutos.<\/li>\n<\/ul>\n<p>Adequado para:<\/p>\n<p><img loading=\"lazy\" decoding=\"async\" class=\"alignright size-full wp-image-1446\" src=\"https:\/\/bioera.es\/wp-content\/uploads\/2020\/01\/sol1.jpg\" alt=\"\" width=\"1284\" height=\"128\" srcset=\"https:\/\/bioera.es\/wp-content\/uploads\/2020\/01\/sol1.jpg 1284w, https:\/\/bioera.es\/wp-content\/uploads\/2020\/01\/sol1-300x30.jpg 300w, https:\/\/bioera.es\/wp-content\/uploads\/2020\/01\/sol1-1024x102.jpg 1024w, https:\/\/bioera.es\/wp-content\/uploads\/2020\/01\/sol1-768x77.jpg 768w, https:\/\/bioera.es\/wp-content\/uploads\/2020\/01\/sol1-600x60.jpg 600w\" sizes=\"auto, (max-width: 1284px) 100vw, 1284px\" \/><\/p>\n","protected":false},"featured_media":4088,"comment_status":"open","ping_status":"closed","template":"","meta":[],"product_brand":[],"product_cat":[66],"product_tag":[],"class_list":{"0":"post-4087","1":"product","2":"type-product","3":"status-publish","4":"has-post-thumbnail","6":"product_cat-anticarenciais","8":"first","9":"instock","10":"shipping-taxable","11":"product-type-simple"},"_links":{"self":[{"href":"https:\/\/bioera.es\/pt-pt\/wp-json\/wp\/v2\/product\/4087","targetHints":{"allow":["GET"]}}],"collection":[{"href":"https:\/\/bioera.es\/pt-pt\/wp-json\/wp\/v2\/product"}],"about":[{"href":"https:\/\/bioera.es\/pt-pt\/wp-json\/wp\/v2\/types\/product"}],"replies":[{"embeddable":true,"href":"https:\/\/bioera.es\/pt-pt\/wp-json\/wp\/v2\/comments?post=4087"}],"wp:featuredmedia":[{"embeddable":true,"href":"https:\/\/bioera.es\/pt-pt\/wp-json\/wp\/v2\/media\/4088"}],"wp:attachment":[{"href":"https:\/\/bioera.es\/pt-pt\/wp-json\/wp\/v2\/media?parent=4087"}],"wp:term":[{"taxonomy":"product_brand","embeddable":true,"href":"https:\/\/bioera.es\/pt-pt\/wp-json\/wp\/v2\/product_brand?post=4087"},{"taxonomy":"product_cat","embeddable":true,"href":"https:\/\/bioera.es\/pt-pt\/wp-json\/wp\/v2\/product_cat?post=4087"},{"taxonomy":"product_tag","embeddable":true,"href":"https:\/\/bioera.es\/pt-pt\/wp-json\/wp\/v2\/product_tag?post=4087"}],"curies":[{"name":"wp","href":"https:\/\/api.w.org\/{rel}","templated":true}]}}