{"id":4055,"date":"2020-01-05T16:17:25","date_gmt":"2025-02-17T16:52:56","guid":{"rendered":"https:\/\/bioera.es\/producto\/neovit-manganes-zinco\/"},"modified":"2025-11-20T17:50:58","modified_gmt":"2025-11-20T17:50:58","slug":"neovit-manganes-zinco","status":"publish","type":"product","link":"https:\/\/bioera.es\/pt-pt\/producto\/neovit-manganes-zinco\/","title":{"rendered":"Neovit Mangan\u00eas-Zinco"},"content":{"rendered":"<div class=\"row row-large\"  id=\"row-813311207\">\n\n\t<div id=\"col-545433601\" class=\"col medium-4 small-12 large-4\"  data-animate=\"fadeInDown\">\n\t\t\t\t<div class=\"col-inner\"  >\n\t\t\t\n\t\t\t\n<div class=\"container section-title-container\" ><h4 class=\"section-title section-title-normal\"><b aria-hidden=\"true\"><\/b><span class=\"section-title-main\" style=\"font-size:84%;\">Instru\u00e7\u00f5es de utiliza\u00e7\u00e3o<\/span><b aria-hidden=\"true\"><\/b><\/h4><\/div>\n<p class=\"p1\">Aplica\u00e7\u00e3o foliar: 150-250cc\/hL. Aplica\u00e7\u00e3o na raiz: 2-4L\/Ha.<br \/>\nHidroponia: 1-1,3L\/Ha Repete de 15 em 15 dias, se necess\u00e1rio.<\/p>\n\t\t<\/div>\n\t\t\t\t\t<\/div>\n\n\t\n\n\t<div id=\"col-502858467\" class=\"col medium-4 small-12 large-4\"  data-animate=\"fadeInDown\">\n\t\t\t\t<div class=\"col-inner\"  >\n\t\t\t\n\t\t\t\n<div class=\"container section-title-container\" ><h4 class=\"section-title section-title-normal\"><b aria-hidden=\"true\"><\/b><span class=\"section-title-main\" style=\"font-size:84%;\">\u00cdNDICE<\/span><b aria-hidden=\"true\"><\/b><\/h4><\/div>\n<p class=\"p1\">Adubo especial com amino\u00e1cidos, mangan\u00eas (Mn) e zinco (Zn): 3,5% de Mn e 2,5% de Zn, complexados com amino\u00e1cidos e \u00e1cidos org\u00e2nicos. 3% de amino\u00e1cidos livres.<\/p>\n\t\t<\/div>\n\t\t\t\t\t<\/div>\n\n\t\n\n\t<div id=\"col-1603532827\" class=\"col medium-4 small-12 large-4\"  data-animate=\"fadeInDown\">\n\t\t\t\t<div class=\"col-inner\"  >\n\t\t\t\n\t\t\t\n<div class=\"container section-title-container\" ><h4 class=\"section-title section-title-normal\"><b aria-hidden=\"true\"><\/b><span class=\"section-title-main\" style=\"font-size:84%;\">Fornecido em:<\/span><b aria-hidden=\"true\"><\/b><\/h4><\/div>\n<p class=\"p1\">Garrafas de 1 e 5l<\/p>\n\t<div class=\"img has-hover x md-x lg-x y md-y lg-y\" id=\"image_1890238884\">\n\t\t\t\t\t\t\t\t<div class=\"img-inner dark\" >\n\t\t\t<img loading=\"lazy\" decoding=\"async\" width=\"591\" height=\"591\" src=\"https:\/\/bioera.es\/wp-content\/uploads\/2021\/08\/logo-CAAE-INSUMOS-UNE-142500-01.png\" class=\"attachment-large size-large\" alt=\"\" srcset=\"https:\/\/bioera.es\/wp-content\/uploads\/2021\/08\/logo-CAAE-INSUMOS-UNE-142500-01.png 591w, https:\/\/bioera.es\/wp-content\/uploads\/2021\/08\/logo-CAAE-INSUMOS-UNE-142500-01-300x300.png 300w, https:\/\/bioera.es\/wp-content\/uploads\/2021\/08\/logo-CAAE-INSUMOS-UNE-142500-01-150x150.png 150w, https:\/\/bioera.es\/wp-content\/uploads\/2021\/08\/logo-CAAE-INSUMOS-UNE-142500-01-100x100.png 100w\" sizes=\"auto, (max-width: 591px) 100vw, 591px\" \/>\t\t\t\t\t\t\n\t\t\t\t\t<\/div>\n\t\t\t\t\t\t\t\t\n<style>\n#image_1890238884 {\n  width: 46%;\n}\n<\/style>\n\t<\/div>\n\t\n\t\t<\/div>\n\t\t\t\t\t<\/div>\n\n\t\n<\/div>\n<p><i>Composi\u00e7\u00e3o conforme distribu\u00edda na Espanha. Para cumprir as regulamenta\u00e7\u00f5es nacionais e internacionais vigentes, a formula\u00e7\u00e3o do produto pode variar em outros pa\u00edses. Por favor, entre em contato com nosso servi\u00e7o t\u00e9cnico ou representante de vendas para verificar a formula\u00e7\u00e3o<\/i>.<\/p>\n","protected":false},"excerpt":{"rendered":"<h4>Adubo especial com amino\u00e1cidos, mangan\u00eas e zinco.<\/h4>\n<ul>\n<li class=\"p1 bullet-checkmark\">O mangan\u00eas e o zinco est\u00e3o envolvidos nos processos de crescimento e desenvolvimento das plantas e dos seus frutos.<\/li>\n<li class=\"p1 bullet-checkmark\">Estimula o metabolismo geral da planta durante a fase vegetativa.<\/li>\n<li class=\"p1 bullet-checkmark\">Corrige os sintomas t\u00edpicos de defici\u00eancia de mangan\u00eas e\/ou zinco<\/li>\n<\/ul>\n<p>Adequado para:<\/p>\n<p><img loading=\"lazy\" decoding=\"async\" class=\"alignright size-full wp-image-1446\" src=\"https:\/\/bioera.es\/wp-content\/uploads\/2020\/01\/sol1.jpg\" alt=\"\" width=\"1284\" height=\"128\" srcset=\"https:\/\/bioera.es\/wp-content\/uploads\/2020\/01\/sol1.jpg 1284w, https:\/\/bioera.es\/wp-content\/uploads\/2020\/01\/sol1-300x30.jpg 300w, https:\/\/bioera.es\/wp-content\/uploads\/2020\/01\/sol1-1024x102.jpg 1024w, https:\/\/bioera.es\/wp-content\/uploads\/2020\/01\/sol1-768x77.jpg 768w, https:\/\/bioera.es\/wp-content\/uploads\/2020\/01\/sol1-600x60.jpg 600w\" sizes=\"auto, (max-width: 1284px) 100vw, 1284px\" \/><\/p>\n","protected":false},"featured_media":4056,"comment_status":"open","ping_status":"closed","template":"","meta":[],"product_brand":[],"product_cat":[66],"product_tag":[],"class_list":{"0":"post-4055","1":"product","2":"type-product","3":"status-publish","4":"has-post-thumbnail","6":"product_cat-anticarenciais","8":"first","9":"instock","10":"shipping-taxable","11":"product-type-simple"},"_links":{"self":[{"href":"https:\/\/bioera.es\/pt-pt\/wp-json\/wp\/v2\/product\/4055","targetHints":{"allow":["GET"]}}],"collection":[{"href":"https:\/\/bioera.es\/pt-pt\/wp-json\/wp\/v2\/product"}],"about":[{"href":"https:\/\/bioera.es\/pt-pt\/wp-json\/wp\/v2\/types\/product"}],"replies":[{"embeddable":true,"href":"https:\/\/bioera.es\/pt-pt\/wp-json\/wp\/v2\/comments?post=4055"}],"wp:featuredmedia":[{"embeddable":true,"href":"https:\/\/bioera.es\/pt-pt\/wp-json\/wp\/v2\/media\/4056"}],"wp:attachment":[{"href":"https:\/\/bioera.es\/pt-pt\/wp-json\/wp\/v2\/media?parent=4055"}],"wp:term":[{"taxonomy":"product_brand","embeddable":true,"href":"https:\/\/bioera.es\/pt-pt\/wp-json\/wp\/v2\/product_brand?post=4055"},{"taxonomy":"product_cat","embeddable":true,"href":"https:\/\/bioera.es\/pt-pt\/wp-json\/wp\/v2\/product_cat?post=4055"},{"taxonomy":"product_tag","embeddable":true,"href":"https:\/\/bioera.es\/pt-pt\/wp-json\/wp\/v2\/product_tag?post=4055"}],"curies":[{"name":"wp","href":"https:\/\/api.w.org\/{rel}","templated":true}]}}