{"id":4043,"date":"2020-01-05T16:12:28","date_gmt":"2025-02-17T16:52:54","guid":{"rendered":"https:\/\/bioera.es\/producto\/neovit-boro-molibdenio\/"},"modified":"2025-02-17T16:52:55","modified_gmt":"2025-02-17T16:52:55","slug":"neovit-boro-molibdenio","status":"publish","type":"product","link":"https:\/\/bioera.es\/pt-pt\/producto\/neovit-boro-molibdenio\/","title":{"rendered":"Neovit Boro-Molibd\u00e9nio"},"content":{"rendered":"<div class=\"row row-large\"  id=\"row-822727123\">\n\n\t<div id=\"col-1781621752\" class=\"col medium-4 small-12 large-4\"  data-animate=\"fadeInDown\">\n\t\t\t\t<div class=\"col-inner\"  >\n\t\t\t\n\t\t\t\n<div class=\"container section-title-container\" ><h4 class=\"section-title section-title-normal\"><b aria-hidden=\"true\"><\/b><span class=\"section-title-main\" style=\"font-size:84%;\">Instru\u00e7\u00f5es de utiliza\u00e7\u00e3o<\/span><b aria-hidden=\"true\"><\/b><\/h4><\/div>\n<p class=\"p1\">Aplica\u00e7\u00e3o foliar: 150 &#8211; 250cc\/hl. Aplica\u00e7\u00e3o radicular: 2 &#8211; 4L\/ha.<br \/>\nHidroponia: 1,2 &#8211; 1,5L\/ha Repete a cada 15 dias, conforme necess\u00e1rio.\n<\/p>\n\t\t<\/div>\n\t\t\t\t\t<\/div>\n\n\t\n\n\t<div id=\"col-1604500818\" class=\"col medium-4 small-12 large-4\"  data-animate=\"fadeInDown\">\n\t\t\t\t<div class=\"col-inner\"  >\n\t\t\t\n\t\t\t\n<div class=\"container section-title-container\" ><h4 class=\"section-title section-title-normal\"><b aria-hidden=\"true\"><\/b><span class=\"section-title-main\" style=\"font-size:84%;\">\u00cdNDICE<\/span><b aria-hidden=\"true\"><\/b><\/h4><\/div>\n<p class=\"p1\">Adubo especial com amino\u00e1cidos, Boro (B) e Molibd\u00e9nio (Mo): 4% B e 2% Mo, complexados com \u00e1cidos org\u00e2nicos. 2% de amino\u00e1cidos livres.<\/p>\n\t\t<\/div>\n\t\t\t\t\t<\/div>\n\n\t\n\n\t<div id=\"col-1948278464\" class=\"col medium-4 small-12 large-4\"  data-animate=\"fadeInDown\">\n\t\t\t\t<div class=\"col-inner\"  >\n\t\t\t\n\t\t\t\n<div class=\"container section-title-container\" ><h4 class=\"section-title section-title-normal\"><b aria-hidden=\"true\"><\/b><span class=\"section-title-main\" style=\"font-size:84%;\">Fornecido em:<\/span><b aria-hidden=\"true\"><\/b><\/h4><\/div>\n<p class=\"p1\">Garrafas de 1 e 5l<\/p>\n\t<div class=\"img has-hover x md-x lg-x y md-y lg-y\" id=\"image_1267514568\">\n\t\t\t\t\t\t\t\t<div class=\"img-inner dark\" >\n\t\t\t<img loading=\"lazy\" decoding=\"async\" width=\"591\" height=\"591\" src=\"https:\/\/bioera.es\/wp-content\/uploads\/2021\/08\/logo-CAAE-INSUMOS-UNE-142500-01.png\" class=\"attachment-large size-large\" alt=\"\" srcset=\"https:\/\/bioera.es\/wp-content\/uploads\/2021\/08\/logo-CAAE-INSUMOS-UNE-142500-01.png 591w, https:\/\/bioera.es\/wp-content\/uploads\/2021\/08\/logo-CAAE-INSUMOS-UNE-142500-01-300x300.png 300w, https:\/\/bioera.es\/wp-content\/uploads\/2021\/08\/logo-CAAE-INSUMOS-UNE-142500-01-150x150.png 150w, https:\/\/bioera.es\/wp-content\/uploads\/2021\/08\/logo-CAAE-INSUMOS-UNE-142500-01-100x100.png 100w\" sizes=\"auto, (max-width: 591px) 100vw, 591px\" \/>\t\t\t\t\t\t\n\t\t\t\t\t<\/div>\n\t\t\t\t\t\t\t\t\n<style>\n#image_1267514568 {\n  width: 46%;\n}\n<\/style>\n\t<\/div>\n\t\n\t\t<\/div>\n\t\t\t\t\t<\/div>\n\n\t\n<\/div>\n","protected":false},"excerpt":{"rendered":"<h4>Adubo especial com amino\u00e1cidos, boro e molibd\u00e9nio.<\/h4>\n<ul>\n<li class=\"p1 bullet-checkmark\">Estimula a fertiliza\u00e7\u00e3o das flores e a germina\u00e7\u00e3o do p\u00f3len<\/li>\n<li class=\"p1 bullet-checkmark\">Melhora a frutifica\u00e7\u00e3o, a forma\u00e7\u00e3o dos frutos e a qualidade dos frutos, reduzindo a queda dos frutos.<\/li>\n<li class=\"p1 bullet-checkmark\">Estimula os processos de fotoss\u00edntese e o metabolismo geral da planta<\/li>\n<\/ul>\n<p>Adequado para:<\/p>\n<p><img loading=\"lazy\" decoding=\"async\" class=\"alignright size-full wp-image-1446\" src=\"https:\/\/bioera.es\/wp-content\/uploads\/2020\/01\/sol1.jpg\" alt=\"\" width=\"1284\" height=\"128\" srcset=\"https:\/\/bioera.es\/wp-content\/uploads\/2020\/01\/sol1.jpg 1284w, https:\/\/bioera.es\/wp-content\/uploads\/2020\/01\/sol1-300x30.jpg 300w, https:\/\/bioera.es\/wp-content\/uploads\/2020\/01\/sol1-1024x102.jpg 1024w, https:\/\/bioera.es\/wp-content\/uploads\/2020\/01\/sol1-768x77.jpg 768w, https:\/\/bioera.es\/wp-content\/uploads\/2020\/01\/sol1-600x60.jpg 600w\" sizes=\"auto, (max-width: 1284px) 100vw, 1284px\" \/><\/p>\n","protected":false},"featured_media":4044,"comment_status":"open","ping_status":"closed","template":"","meta":[],"product_brand":[],"product_cat":[66],"product_tag":[],"class_list":{"0":"post-4043","1":"product","2":"type-product","3":"status-publish","4":"has-post-thumbnail","6":"product_cat-anticarenciais","8":"first","9":"instock","10":"shipping-taxable","11":"product-type-simple"},"_links":{"self":[{"href":"https:\/\/bioera.es\/pt-pt\/wp-json\/wp\/v2\/product\/4043","targetHints":{"allow":["GET"]}}],"collection":[{"href":"https:\/\/bioera.es\/pt-pt\/wp-json\/wp\/v2\/product"}],"about":[{"href":"https:\/\/bioera.es\/pt-pt\/wp-json\/wp\/v2\/types\/product"}],"replies":[{"embeddable":true,"href":"https:\/\/bioera.es\/pt-pt\/wp-json\/wp\/v2\/comments?post=4043"}],"wp:featuredmedia":[{"embeddable":true,"href":"https:\/\/bioera.es\/pt-pt\/wp-json\/wp\/v2\/media\/4044"}],"wp:attachment":[{"href":"https:\/\/bioera.es\/pt-pt\/wp-json\/wp\/v2\/media?parent=4043"}],"wp:term":[{"taxonomy":"product_brand","embeddable":true,"href":"https:\/\/bioera.es\/pt-pt\/wp-json\/wp\/v2\/product_brand?post=4043"},{"taxonomy":"product_cat","embeddable":true,"href":"https:\/\/bioera.es\/pt-pt\/wp-json\/wp\/v2\/product_cat?post=4043"},{"taxonomy":"product_tag","embeddable":true,"href":"https:\/\/bioera.es\/pt-pt\/wp-json\/wp\/v2\/product_tag?post=4043"}],"curies":[{"name":"wp","href":"https:\/\/api.w.org\/{rel}","templated":true}]}}