{"id":4393,"date":"2025-02-17T17:05:25","date_gmt":"2025-02-17T17:05:25","guid":{"rendered":"https:\/\/bioera.es\/politica-de-cookies\/"},"modified":"2025-11-11T11:39:45","modified_gmt":"2025-11-11T11:39:45","slug":"politica-de-cookies","status":"publish","type":"page","link":"https:\/\/bioera.es\/pt-pt\/politica-de-cookies\/","title":{"rendered":"Pol\u00edtica de cookies"},"content":{"rendered":"\n<h2>O que s\u00e3o cookies?<\/h2>\n<p>Os cookies s\u00e3o ficheiros que s\u00e3o instalados no s\u00edtio Web do navegador ou nos dispositivos do utilizador (smartphones, tablets) durante o seu percurso pelas p\u00e1ginas do s\u00edtio Web e servem para armazenar informa\u00e7\u00f5es sobre a sua visita.<\/p>\n<p><strong>Os cookies s\u00e3o utilizados para:<\/strong><\/p>\n<ul>\n<li>Assegura que as p\u00e1ginas Web podem funcionar corretamente.<\/li>\n<li>Guarda as prefer\u00eancias, como o idioma ou o tamanho do tipo de letra.<\/li>\n<li>Conhecer a experi\u00eancia de navega\u00e7\u00e3o do utilizador.<\/li>\n<li>Recolher informa\u00e7\u00f5es estat\u00edsticas an\u00f3nimas, tais como o n\u00famero de p\u00e1ginas que o utilizador visitou ou o tempo que esteve no s\u00edtio Web.<strong><br><\/strong><\/li>\n<\/ul>\n<p>A utiliza\u00e7\u00e3o de Cookies permite otimizar a navega\u00e7\u00e3o, adaptando a informa\u00e7\u00e3o e os servi\u00e7os oferecidos aos interesses dos utilizadores, de forma a proporcionar uma melhor experi\u00eancia sempre que visita o website.<strong><br><\/strong><\/p>\n<h3><strong>Tipologia, objetivo e funcionamento<\/strong><strong> <\/strong><\/h3>\n<p>Os cookies, consoante a sua perman\u00eancia, podem ser divididos em cookies de sess\u00e3o ou permanentes. Os primeiros expiram quando o utilizador fecha o browser. Os segundos expiram quando a finalidade para a qual s\u00e3o utilizados \u00e9 cumprida ou quando s\u00e3o eliminados manualmente.  <\/p>\n<p>Al\u00e9m disso, dependendo da sua finalidade, os cookies podem ser classificados da seguinte forma:<\/p>\n<ul>\n<li><strong>Estritamente necess\u00e1rios (t\u00e9cnicos): <\/strong>s\u00e3o essenciais para o correto funcionamento da p\u00e1gina. S\u00e3o normalmente gerados quando o utilizador acede ao s\u00edtio Web ou se liga a ele e s\u00e3o utilizados para identificar o s\u00edtio Web para os seguintes fins: \n<ul>\n<li>Mant\u00eam o utilizador identificado para que, se sair do site, do navegador ou do dispositivo e voltar a aceder \u00e0 mesma p\u00e1gina noutra altura, continue a ser identificado, facilitando assim a sua navega\u00e7\u00e3o sem ter de se identificar novamente.<\/li>\n<li>Verifica se o utilizador est\u00e1 autorizado a aceder a determinados Servi\u00e7os ou \u00e1reas do s\u00edtio Web.<\/li>\n<\/ul>\n<\/li>\n<li><strong>Desempenho: <\/strong>S\u00e3o utilizados para melhorar a experi\u00eancia de navega\u00e7\u00e3o e otimizar o funcionamento do s\u00edtio Web, como o armazenamento de configura\u00e7\u00f5es de servi\u00e7os ou o armazenamento da compra efectuada num carrinho de compras.<\/li>\n<li><strong>Publicidade:<\/strong> recolhe informa\u00e7\u00f5es sobre os an\u00fancios apresentados aos utilizadores do s\u00edtio Web. Podem ser de dois tipos: \n<ul>\n<li><strong>An\u00f3nimos:<\/strong> Apenas recolhem informa\u00e7\u00f5es sobre os espa\u00e7os publicit\u00e1rios apresentados no s\u00edtio Web, independentemente do utilizador que acedeu ao s\u00edtio Web, ou seja, sem se identificar expressamente.<\/li>\n<li><strong>Personalizados:<\/strong> recolhem informa\u00e7\u00f5es pessoais sobre o utilizador do s\u00edtio Web junto de terceiros, a fim de personalizar estes espa\u00e7os publicit\u00e1rios.<\/li>\n<\/ul>\n<\/li>\n<\/ul>\n<ul>\n<li><strong>Cookies de geolocaliza\u00e7\u00e3o: <\/strong>Estes cookies s\u00e3o utilizados para saber em que pa\u00eds ou regi\u00e3o se encontra o utilizador que acede a um servi\u00e7o de um s\u00edtio Web, a fim de poder oferecer conte\u00fados ou servi\u00e7os adequados \u00e0 sua localiza\u00e7\u00e3o.\n<\/li>\n<li><strong>Anal\u00edticos: <\/strong>recolhem informa\u00e7\u00f5es sobre a experi\u00eancia de navega\u00e7\u00e3o do utilizador no s\u00edtio Web, geralmente de forma an\u00f3nima, embora por vezes tamb\u00e9m permitam identificar o utilizador de forma \u00fanica e inequ\u00edvoca, a fim de obter relat\u00f3rios sobre os interesses do utilizador nos servi\u00e7os oferecidos pelo s\u00edtio Web.<\/li>\n<\/ul>\n<h3><strong>Cookies utilizados<\/strong><\/h3>\n<ul>\n<li><strong>N\u00edvel 1<\/strong>: Cookies estritamente necess\u00e1rios para a presta\u00e7\u00e3o do mesmo servi\u00e7o solicitado pelo utilizador.<\/li>\n<li><strong>N\u00edvel 2<\/strong>: Cookies de desempenho (an\u00f3nimos) necess\u00e1rios para a manuten\u00e7\u00e3o do conte\u00fado e da navega\u00e7\u00e3o, dos quais apenas \u00e9 necess\u00e1rio informar sobre a sua exist\u00eancia.<\/li>\n<li><strong>N\u00edvel 3<\/strong>: Cookies geridos por terceiros que permitem seguir o utilizador atrav\u00e9s de outros sites que n\u00e3o pertencem ao propriet\u00e1rio deste site. Normalmente correspondem a cookies publicit\u00e1rios ou anal\u00edticos em que o utilizador \u00e9 identificado de forma \u00fanica e clara. <\/li>\n<\/ul>\n<p><strong> <\/strong><\/p>\n<h3><strong>DESACTIVAR A UTILIZA\u00c7\u00c3O DE COOKIES<\/strong><\/h3>\n<p>O utilizador pode, a qualquer momento, desativar a utiliza\u00e7\u00e3o de cookies, configurando as defini\u00e7\u00f5es do browser, por exemplo:<\/p>\n<table width=\"650\">\n<tbody>\n<tr>\n<td width=\"121\">\n<p><strong>Google Chrome<\/strong><\/p>\n<\/td>\n<td width=\"529\">\n<p><a href=\"http:\/\/support.google.com\/chrome\/bin\/answer.py?hl=es&amp;answer=95647\" target=\"_blank\" rel=\"noopener\">http:\/\/support.google.com\/chrome\/bin\/answer.py?hl=es&amp;answer=95647<\/a><\/p>\n<\/td>\n<\/tr>\n<tr>\n<td width=\"121\">\n<p><strong>Internet Explorer<\/strong><\/p>\n<\/td>\n<td width=\"529\">\n<p><a href=\"http:\/\/support.microsoft.com\/es-es\/help\/17442\/windows-internet-explorer-delete-manage-cookies\" target=\"_blank\" rel=\"noopener\">http:\/\/support.microsoft.com\/es-es\/help\/17442\/windows-internet-explorer-delete-manage-cookies<\/a><\/p>\n<\/td>\n<\/tr>\n<tr>\n<td width=\"121\">\n<p><strong>Mozilla Firefox<\/strong><\/p>\n<\/td>\n<td width=\"529\">\n<p><a href=\"http:\/\/support.mozilla.org\/es\/kb\/habilitar-y-deshabilitar-cookies-que-los-sitios-we\" target=\"_blank\" rel=\"noopener\">http:\/\/support.mozilla.org\/es\/kb\/habilitar-y-deshabilitar-cookies-que-los-sitios-we<\/a><\/p>\n<\/td>\n<\/tr>\n<tr>\n<td width=\"121\">\n<p><strong>Apple Safari<\/strong><\/p>\n<\/td>\n<td width=\"529\">\n<p><a href=\"http:\/\/support.apple.com\/kb\/ph5042\" target=\"_blank\" rel=\"noopener\">http:\/\/support.apple.com\/kb\/ph5042<\/a><\/p>\n<\/td>\n<\/tr>\n<\/tbody>\n<\/table>\n<p>Informamos-te que o <strong>GRUPO BIOERA<\/strong><strong>, <\/strong>no seu dom\u00ednio <strong>bioera.es<\/strong>, n\u00e3o utiliza nenhum tipo de &#8220;cookie&#8221; para o tratamento de dados pessoais que permitam a identifica\u00e7\u00e3o de pessoas concretas.<\/p>\n<table>\n<tbody>\n<tr>\n<td width=\"128\">\n<p><strong>DOM\u00cdNIO<\/strong><\/p>\n<\/td>\n<td width=\"87\">\n<p><strong>Nome do cookie<\/strong><\/p>\n<\/td>\n<td width=\"113\">\n<p><strong>Expira<\/strong><\/p>\n<\/td>\n<td width=\"231\">\n<p><strong>Informa\u00e7\u00e3o e intrus\u00e3o<\/strong><\/p>\n<\/td>\n<td width=\"82\">\n<p><strong>Intrusividade<\/strong><\/p>\n<\/td>\n<\/tr>\n<tr>\n<td colspan=\"5\" width=\"641\">\n<p><strong> <\/strong><\/p>\n<\/td>\n<\/tr>\n<tr>\n<td colspan=\"5\" width=\"641\">\n<p><strong>OS TEUS PR\u00d3PRIOS COOKIES<\/strong><\/p>\n<\/td>\n<\/tr>\n<tr>\n<td width=\"128\">\n<p>bioera.pt<\/p>\n<\/td>\n<td width=\"87\">\n<p>consulta jur\u00eddica<\/p>\n<\/td>\n<td width=\"113\">\n<p>Permanente<\/p>\n<\/td>\n<td width=\"231\">\n<p>Controlo de vers\u00f5es de textos jur\u00eddicos<\/p>\n<\/td>\n<td width=\"82\">\n<p>N\u00edvel 3<\/p>\n<\/td>\n<\/tr>\n<tr>\n<td colspan=\"5\" width=\"641\">\n<p><strong> <\/strong><\/p>\n<\/td>\n<\/tr>\n<tr>\n<td colspan=\"5\" width=\"641\">\n<p><strong>COOKIES DE TERCEIROS<\/strong><\/p>\n<\/td>\n<\/tr>\n<tr>\n<td width=\"128\">\n<p>bioera.pt<\/p>\n<\/td>\n<td width=\"87\">\n<p>__utma<\/p>\n<\/td>\n<td width=\"113\">\n<p>2 anos<\/p>\n<\/td>\n<td width=\"231\">\n<p>Medi\u00e7\u00e3o interna Google Analytics<\/p>\n<\/td>\n<td width=\"82\">\n<p>N\u00edvel 3<\/p>\n<\/td>\n<\/tr>\n<tr>\n<td width=\"128\">\n<p>bioera.pt<\/p>\n<\/td>\n<td width=\"87\">\n<p>__utmb<\/p>\n<\/td>\n<td width=\"113\">\n<p>30 minutos<\/p>\n<\/td>\n<td width=\"231\">\n<p>Medi\u00e7\u00e3o interna Google Analytics<\/p>\n<\/td>\n<td width=\"82\">\n<p>N\u00edvel 3<\/p>\n<\/td>\n<\/tr>\n<tr>\n<td width=\"128\">\n<p>bioera.pt<\/p>\n<\/td>\n<td width=\"87\">\n<p>__utmc<\/p>\n<\/td>\n<td width=\"113\">\n<p>Sess\u00e3o<\/p>\n<\/td>\n<td width=\"231\">\n<p>Medi\u00e7\u00e3o interna Google Analytics<\/p>\n<\/td>\n<td width=\"82\">\n<p>N\u00edvel 3<\/p>\n<\/td>\n<\/tr>\n<tr>\n<td width=\"128\">\n<p>bioera.pt<\/p>\n<\/td>\n<td width=\"87\">\n<p>__utmz<\/p>\n<\/td>\n<td width=\"113\">\n<p>6 meses<\/p>\n<\/td>\n<td width=\"231\">\n<p>Medi\u00e7\u00e3o interna Google Analytics<\/p>\n<\/td>\n<td width=\"82\">\n<p>N\u00edvel 3<\/p>\n<\/td>\n<\/tr>\n<tr>\n<td width=\"128\">\n<p>bioera.pt<\/p>\n<\/td>\n<td width=\"87\">\n<p>__utmz<\/p>\n<\/td>\n<td width=\"113\">\n<p>2 anos<\/p>\n<\/td>\n<td width=\"231\">\n<p>Para distinguir os utilizadores<\/p>\n<\/td>\n<td width=\"82\">\n<p>N\u00edvel 3<\/p>\n<\/td>\n<\/tr>\n<tr>\n<td width=\"128\">\n<p>bioera.pt<\/p>\n<\/td>\n<td width=\"87\">\n<p>__ga<\/p>\n<\/td>\n<td width=\"113\">\n<p>2 anos<\/p>\n<\/td>\n<td width=\"231\">\n<p>Para distinguir os utilizadores<\/p>\n<\/td>\n<td width=\"82\">\n<p>N\u00edvel 3<\/p>\n<\/td>\n<\/tr>\n<tr>\n<td width=\"128\">\n<p>bioera.pt<\/p>\n<\/td>\n<td width=\"87\">\n<p>__gib<\/p>\n<\/td>\n<td width=\"113\">\n<p>24 horas<\/p>\n<\/td>\n<td width=\"231\">\n<p>Para distinguir os utilizadores<\/p>\n<\/td>\n<td width=\"82\">\n<p>N\u00edvel 3<\/p>\n<\/td>\n<\/tr>\n<tr>\n<td width=\"128\">\n<p>bioera.pt<\/p>\n<\/td>\n<td width=\"87\">\n<p>__gat<\/p>\n<\/td>\n<td width=\"113\">\n<p>1 minuto<\/p>\n<\/td>\n<td width=\"231\">\n<p>Para limitar a percentagem de pedidos<\/p>\n<\/td>\n<td width=\"82\">\n<p>N\u00edvel 3<\/p>\n<\/td>\n<\/tr>\n<\/tbody>\n<\/table>\n<p>Depois de ler todas as informa\u00e7\u00f5es fornecidas, aconselhamos o utilizador a  <strong><em>se continuares a navegar no nosso site sem teres tomado as medidas adequadas para personalizar o teu browser de modo a impedir a instala\u00e7\u00e3o de cookies.<\/em><\/strong><em>  utilizado pelo mesmo<\/em>nos termos do artigo 22.2 da Lei 34\/2002, de Servi\u00e7os da Sociedade da Informa\u00e7\u00e3o e do Com\u00e9rcio Eletr\u00f3nico, alterada pelo Real Decreto 13\/2012, de 30 de mar\u00e7o, que transp\u00f5e as diretivas relativas aos mercados internos da eletricidade e do g\u00e1s e das comunica\u00e7\u00f5es electr\u00f3nicas, d\u00e3o o seu consentimento \u00e0 utiliza\u00e7\u00e3o destes mecanismos.<\/p><script id=\"CookieDeclaration\" src=\"https:\/\/consent.cookiebot.com\/30a2cdba-9aee-410e-a54d-a88afeed437f\/cd.js\" type=\"text\/javascript\" async=\"\"><\/script>\n\n","protected":false},"excerpt":{"rendered":"","protected":false},"author":1,"featured_media":0,"parent":0,"menu_order":0,"comment_status":"closed","ping_status":"closed","template":"","meta":{"footnotes":""},"class_list":["post-4393","page","type-page","status-publish","hentry"],"_links":{"self":[{"href":"https:\/\/bioera.es\/pt-pt\/wp-json\/wp\/v2\/pages\/4393","targetHints":{"allow":["GET"]}}],"collection":[{"href":"https:\/\/bioera.es\/pt-pt\/wp-json\/wp\/v2\/pages"}],"about":[{"href":"https:\/\/bioera.es\/pt-pt\/wp-json\/wp\/v2\/types\/page"}],"author":[{"embeddable":true,"href":"https:\/\/bioera.es\/pt-pt\/wp-json\/wp\/v2\/users\/1"}],"replies":[{"embeddable":true,"href":"https:\/\/bioera.es\/pt-pt\/wp-json\/wp\/v2\/comments?post=4393"}],"version-history":[{"count":1,"href":"https:\/\/bioera.es\/pt-pt\/wp-json\/wp\/v2\/pages\/4393\/revisions"}],"predecessor-version":[{"id":4395,"href":"https:\/\/bioera.es\/pt-pt\/wp-json\/wp\/v2\/pages\/4393\/revisions\/4395"}],"wp:attachment":[{"href":"https:\/\/bioera.es\/pt-pt\/wp-json\/wp\/v2\/media?parent=4393"}],"curies":[{"name":"wp","href":"https:\/\/api.w.org\/{rel}","templated":true}]}}