{"id":4387,"date":"2025-02-17T17:05:21","date_gmt":"2025-02-17T17:05:21","guid":{"rendered":"https:\/\/bioera.es\/politica-de-privacidade\/"},"modified":"2025-02-17T18:16:28","modified_gmt":"2025-02-17T18:16:28","slug":"politica-de-privacidade","status":"publish","type":"page","link":"https:\/\/bioera.es\/pt-pt\/politica-de-privacidade\/","title":{"rendered":"Pol\u00edtica de privacidade"},"content":{"rendered":"\n<div class=\"row\"  id=\"row-329181838\">\n\n\n\t<div id=\"col-1526189424\" class=\"col small-12 large-12\"  >\n\t\t\t\t<div class=\"col-inner\"  >\n\t\t\t\n\t\t\t\n\n<h4><strong>RESPONS\u00c1VEL<\/strong><\/h4>\n<p>Em conformidade com as disposi\u00e7\u00f5es do  <strong>Regulamento Geral sobre a Prote\u00e7\u00e3o de Dados (UE) 2016\/679 e Lei Org\u00e2nica 3\/2018 sobre a prote\u00e7\u00e3o de dados pessoais e garantias dos direitos digitais.<\/strong>Informamos-te que os dados pessoais fornecidos atrav\u00e9s dos formul\u00e1rios, bem como o teu endere\u00e7o de correio eletr\u00f3nico, foram inclu\u00eddos num tratamento propriedade de  <strong>BIOERA, S.L., [<\/strong>a partir de agora<strong>  GRUPO BIOERA],  <\/strong>com sede social em C\/ Portugal, N\u00ba 12-B &#8211; 43120 CONSTANT\u00cd, NIF B64773864, inscrita no Registo Comercial de Tarragona, Tomo 40503, F\u00f3lio 197, Folha B365263, 1\u00aa inscri\u00e7\u00e3o, \u00e9 respons\u00e1vel pela explora\u00e7\u00e3o, gest\u00e3o e funcionamento do referido s\u00edtio Web.<br\/>E-mail<strong> compra@bioera.es,<\/strong> a fim de responder \u00e0s tuas perguntas e enviar-te informa\u00e7\u00f5es relacionadas com os servi\u00e7os oferecidos pelo <strong>  GRUPO BIOERA.<\/strong><\/p>\n<p>Informamos-te que os dados podem ser utilizados para enviar comunica\u00e7\u00f5es comerciais, por qualquer meio, relativas a actividades e servi\u00e7os da nossa empresa ou grupo empresarial que possam ser do teu interesse. Podes, a qualquer momento, opor-te a este tipo de comunica\u00e7\u00e3o, enviando um e-mail para <strong>compra@bioera.es<\/strong> e indicando no assunto <strong>&#8220;UNSUBSCRIBE FROM THE DISTRIBUTION LIST&#8221;.<\/strong> <\/p>\n<p>Da mesma forma, poder\u00e1s exercer os teus direitos de <strong>acesso<\/strong>, <strong>retifica\u00e7\u00e3o<\/strong>, <strong>supress\u00e3o<\/strong>,<strong> cancelamento<\/strong>, <strong>oposi\u00e7\u00e3o<\/strong>, <strong>portabilidade<\/strong>e <strong>limita\u00e7\u00e3o<\/strong>, enviando uma carta acompanhada de uma fotoc\u00f3pia do teu cart\u00e3o de cidad\u00e3o ou documento equivalente para o seguinte endere\u00e7o: <strong>C\/ Portugal, N\u00ba 12-B &#8211; 43120 CONSTANT\u00cd <\/strong>ou enviando-a por correio eletr\u00f3nico para <strong>pd@bioera.es<\/strong> indicando<strong>&#8220;PROTEC\u00c7\u00c3O DE DADOS<\/strong>&#8221; no assunto.<br\/><br\/><\/p>\n<h4><strong>POL\u00cdTICA<\/strong><\/h4>\n<p><strong>O GRUPO BIOERA<\/strong> \u00e9 especialmente sens\u00edvel \u00e0 prote\u00e7\u00e3o dos dados dos utilizadores dos servi\u00e7os que acedem ao site. Atrav\u00e9s da presente Pol\u00edtica de Privacidade, os utilizadores de <strong>bioera.es<\/strong> s\u00e3o informados do tratamento e das utiliza\u00e7\u00f5es a que s\u00e3o submetidos os dados pessoais recolhidos no site atrav\u00e9s da <strong>informa\u00e7\u00e3o adicional<\/strong>, para que possam decidir, de forma livre e volunt\u00e1ria, se desejam fornecer a informa\u00e7\u00e3o solicitada. <\/p>\n<p><strong> <\/strong><\/p>\n<h4><strong>MEDIDAS DE SEGURAN\u00c7A<\/strong><strong> <\/strong><\/h4>\n<p>Por \u00faltimo, informa-se que o <strong>GRUPO BIOERA <\/strong>adoptou as medidas t\u00e9cnicas e organizativas adequadas no sistema de informa\u00e7\u00e3o para garantir a seguran\u00e7a e confidencialidade dos dados armazenados, evitando assim a sua altera\u00e7\u00e3o, perda, tratamento ou acesso n\u00e3o autorizado; tendo em conta o estado da t\u00e9cnica, os custos de aplica\u00e7\u00e3o e a natureza, o \u00e2mbito, o contexto e as finalidades do tratamento, bem como os riscos de probabilidade e gravidade vari\u00e1vel associados a cada um dos tratamentos.<br\/><br\/><\/p>\n<h4><strong>DIREITOS DOS UTILIZADORES<\/strong><strong> <\/strong><\/h4>\n<p>O titular dos dados pode exercer os direitos que lhe assistem, em conformidade com o Regulamento Geral de Prote\u00e7\u00e3o de Dados e a Lei Org\u00e2nica 3\/2018 sobre a Prote\u00e7\u00e3o de Dados Pessoais e Garantias dos Direitos Digitais, que s\u00e3o os seguintes<\/p>\n<p><strong>A<\/strong>.- O direito de <strong>acesso<\/strong> pode ser exercido anualmente, exceto em caso de interesse leg\u00edtimo acreditado. No exerc\u00edcio deste direito, o interessado pode optar pelos seguintes sistemas de consulta de ficheiros: <br\/><br\/><br\/>&#8211; Envia um e-mail para: <strong>pd@bioera.es.<\/strong> &#8211; Comunica\u00e7\u00e3o escrita dirigida a:<strong>GRUPO BIOERA<\/strong><strong>, <\/strong><strong>C\/ Portugal, N\u00ba 12-B &#8211; 43120 CONSTANT\u00cd<\/strong><strong> <\/strong><\/p>\n<p>O <strong>GRUPO BIOERA<\/strong> notificar\u00e1 a sua decis\u00e3o no prazo de um m\u00eas<strong>. <\/strong>Se a decis\u00e3o for afirmativa, o interessado poder\u00e1 aceder \u00e0s informa\u00e7\u00f5es acima referidas no prazo de 10 dias a contar da notifica\u00e7\u00e3o. <\/p>\n<p><strong>B<\/strong>.- Os direitos de <strong>retifica\u00e7\u00e3o <\/strong>e <strong>supress\u00e3o<\/strong> poder\u00e3o ser exercidos, de acordo com as seguintes disposi\u00e7\u00f5es, sempre que o interessado considere que os dados recolhidos no nosso tratamento s\u00e3o inexactos <em>, incompletos, inadequados ou excessivos<\/em>.<br\/> Neste caso, poder\u00e3o ser exercidos atrav\u00e9s de qualquer um dos meios acima indicados.<strong>O<\/strong><strong>GRUPO BIOERA<\/strong> proceder\u00e1 \u00e0 retifica\u00e7\u00e3o ou supress\u00e3o dos dados no prazo de 10 dias a contar da rece\u00e7\u00e3o do pedido.<\/p>\n<p><strong>C<\/strong>.- O direito de <strong>oposi\u00e7\u00e3o <\/strong>pode ser exercido, nos termos das disposi\u00e7\u00f5es seguintes, sempre que a pessoa em causa pretenda opor-se ao tratamento dos seus dados pessoais, quer os dados sejam tratados licitamente para fins de interesse leg\u00edtimo ou de consentimento para fins publicit\u00e1rios.<\/p>\n<p><br\/><br\/>D.- O direito de <strong>portabilidade<\/strong> pode ser exercido, de acordo com as disposi\u00e7\u00f5es seguintes, sempre que a pessoa em causa considere que os dados recolhidos no nosso tratamento devem ser devolvidos ao titular dos dados ou, se for caso disso, a um terceiro (Subcontratante). E.- O direito \u00e0 <strong>limita\u00e7\u00e3o do tratamento <\/strong>pode ser exercido, antes do direito de oposi\u00e7\u00e3o ao tratamento dos teus dados, e enquanto o direito de oposi\u00e7\u00e3o n\u00e3o for resolvido, o tratamento dos dados \u00e9 limitado.<\/p>\n<p> <\/p>\n<h4><strong>ALTERA\u00c7\u00c3O DA REGULAMENTA\u00c7\u00c3O<\/strong><\/h4>\n<p>O <strong>GRUPO BIOERA <\/strong>reserva-se o direito de modificar a presente pol\u00edtica para adapt\u00e1-la a nova legisla\u00e7\u00e3o ou jurisprud\u00eancia. Tais altera\u00e7\u00f5es ser\u00e3o comunicadas com a anteced\u00eancia necess\u00e1ria no nosso site, sem preju\u00edzo de reclamar o necess\u00e1rio consentimento dos afectados quando este n\u00e3o se considere concedido nos termos da presente pol\u00edtica. <br\/><br\/>Se tiveres d\u00favidas, perguntas ou coment\u00e1rios sobre este regulamento, n\u00e3o hesites em contactar-nos atrav\u00e9s de: <strong>compra@bioera.es.<\/strong><\/p>\n\n\t\t<\/div>\n\t\t\t\t\n<style>\n#col-1526189424 > .col-inner {\n  padding: 52px 0px 0px 0px;\n}\n<\/style>\n\t<\/div>\n\n\t\n\n<\/div>\n\n","protected":false},"excerpt":{"rendered":"","protected":false},"author":1,"featured_media":0,"parent":0,"menu_order":0,"comment_status":"closed","ping_status":"closed","template":"page-blank.php","meta":{"footnotes":""},"class_list":["post-4387","page","type-page","status-publish","hentry"],"_links":{"self":[{"href":"https:\/\/bioera.es\/pt-pt\/wp-json\/wp\/v2\/pages\/4387","targetHints":{"allow":["GET"]}}],"collection":[{"href":"https:\/\/bioera.es\/pt-pt\/wp-json\/wp\/v2\/pages"}],"about":[{"href":"https:\/\/bioera.es\/pt-pt\/wp-json\/wp\/v2\/types\/page"}],"author":[{"embeddable":true,"href":"https:\/\/bioera.es\/pt-pt\/wp-json\/wp\/v2\/users\/1"}],"replies":[{"embeddable":true,"href":"https:\/\/bioera.es\/pt-pt\/wp-json\/wp\/v2\/comments?post=4387"}],"version-history":[{"count":2,"href":"https:\/\/bioera.es\/pt-pt\/wp-json\/wp\/v2\/pages\/4387\/revisions"}],"predecessor-version":[{"id":4686,"href":"https:\/\/bioera.es\/pt-pt\/wp-json\/wp\/v2\/pages\/4387\/revisions\/4686"}],"wp:attachment":[{"href":"https:\/\/bioera.es\/pt-pt\/wp-json\/wp\/v2\/media?parent=4387"}],"curies":[{"name":"wp","href":"https:\/\/api.w.org\/{rel}","templated":true}]}}