{"id":4331,"date":"2025-02-17T17:04:40","date_gmt":"2025-02-17T17:04:40","guid":{"rendered":"https:\/\/bioera.es\/nutricao-vegetal\/"},"modified":"2025-11-11T11:39:51","modified_gmt":"2025-11-11T11:39:51","slug":"nutricao-vegetal","status":"publish","type":"page","link":"https:\/\/bioera.es\/pt-pt\/nutricao-vegetal\/","title":{"rendered":"Nutri\u00e7\u00e3o vegetal"},"content":{"rendered":"\n<div class=\"message-box relative dark\" style=\"padding-top:50px;padding-bottom:50px;\"><div class=\"message-box-bg-image bg-fill fill\" ><\/div><div class=\"message-box-bg-overlay bg-fill fill\" style=\"background-color:#4eb16d;\"><\/div><div class=\"container relative\"><div class=\"inner last-reset\">\n\n<div class=\"row align-middle align-center\"  id=\"row-852692693\">\n\n\n\t<div id=\"col-1349056168\" class=\"col medium-9 small-12 large-9\"  >\n\t\t\t\t<div class=\"col-inner text-left\"  >\n\t\t\t\n\t\t\t\n\n\t<div id=\"text-3479340364\" class=\"text\">\n\t\t\n\n<h1><strong><span style=\"font-size: 110%;\">Nutri\u00e7\u00e3o vegetal: a chave para o sucesso no sector agr\u00edcola<\/span><\/strong><\/h1>\n\t\t\n<style>\n#text-3479340364 {\n  text-align: center;\n}\n@media (min-width:550px) {\n  #text-3479340364 {\n    text-align: center;\n  }\n}\n<\/style>\n\t<\/div>\n\t\n\n\t\t<\/div>\n\t\t\t\t\t<\/div>\n\n\t\n\n<\/div>\n\n<\/div><\/div><\/div>\n<div class=\"row\"  id=\"row-650405213\">\n\n\n\t<div id=\"col-1889500893\" class=\"col medium-4 small-12 large-4\"  >\n\t\t\t\t<div class=\"col-inner\"  >\n\t\t\t\n\t\t\t\n\n<p> <\/p>\n  \r\n    \r\n<div id=\"wpj-jtoc\" class=\"wpj-jtoc wpj-jtoc--main --jtoc-the-content --jtoc-theme-original --jtoc-title-align-center --jtoc-toggle-icon --jtoc-toggle-position-right --jtoc-toggle-2 --jtoc-has-custom-styles --jtoc-is-unfolded --jtoc-align-left\" >\r\n  <!-- TOC -->\r\n        <div class=\"wpj-jtoc--toc wpj-jtoc--toc-inline \" >\r\n              <div class=\"wpj-jtoc--header\">\r\n        <div class=\"wpj-jtoc--header-main\">\r\n                    <div class=\"wpj-jtoc--title\">\r\n                        <span class=\"wpj-jtoc--title-label\">\u00bfDe qu\u00e9 trata este art\u00edculo?<\/span>\r\n          <\/div>\r\n                                <div class=\"wpj-jtoc--toggle-wrap\">\r\n                                                          <div class=\"wpj-jtoc--toggle-box\">\r\n                  <div class=\"wpj-jtoc--toggle\"><\/div>\r\n                <\/div>\r\n                          <\/div>\r\n                  <\/div>\r\n      <\/div>\r\n            <div class=\"wpj-jtoc--body\">\r\n            <nav class=\"wpj-jtoc--nav\">\r\n        <ol class=\"wpj-jtoc--items\"><li class=\"wpj-jtoc--item --jtoc-h2\">\r\n        <div class=\"wpj-jtoc--item-content --jtoc-h2\" data-depth=\"2\">\r\n                                                <a href=\"#o-que-e-a-nutricao-das-plantas\"  rel=\"nofollow\"  title=\"O que \u00e9 a nutri\u00e7\u00e3o das plantas?\" data-numeration=\"1\">O que \u00e9 a nutri\u00e7\u00e3o das plantas?<\/a>\r\n                    <\/div><\/li><li class=\"wpj-jtoc--item --jtoc-h2\">\r\n        <div class=\"wpj-jtoc--item-content --jtoc-h2\" data-depth=\"2\">\r\n                                                <a href=\"#beneficios-de-uma-nutricao-adequada-das-plantas\"  rel=\"nofollow\"  title=\"Benef\u00edcios de uma nutri\u00e7\u00e3o adequada das plantas\" data-numeration=\"2\">Benef\u00edcios de uma nutri\u00e7\u00e3o adequada das plantas<\/a>\r\n                    <\/div><\/li><li class=\"wpj-jtoc--item --jtoc-h2\">\r\n        <div class=\"wpj-jtoc--item-content --jtoc-h2\" data-depth=\"2\">\r\n                                                <a href=\"#factores-que-afectam-a-nutricao-das-plantas\"  rel=\"nofollow\"  title=\"Factores que afectam a nutri\u00e7\u00e3o das plantas\" data-numeration=\"3\">Factores que afectam a nutri\u00e7\u00e3o das plantas<\/a>\r\n                    <\/div><\/li><li class=\"wpj-jtoc--item --jtoc-h2\">\r\n        <div class=\"wpj-jtoc--item-content --jtoc-h2\" data-depth=\"2\">\r\n                                                <a href=\"#estrategias-para-uma-nutricao-adequada-das-plantas\"  rel=\"nofollow\"  title=\"Estrat\u00e9gias para uma nutri\u00e7\u00e3o adequada das plantas\" data-numeration=\"4\">Estrat\u00e9gias para uma nutri\u00e7\u00e3o adequada das plantas<\/a>\r\n                    <\/div><\/li><li class=\"wpj-jtoc--item --jtoc-h2\">\r\n        <div class=\"wpj-jtoc--item-content --jtoc-h2\" data-depth=\"2\">\r\n                                                <a href=\"#algumas-dicas-sobre-a-nutricao-das-plantas\"  rel=\"nofollow\"  title=\"Algumas dicas sobre a nutri\u00e7\u00e3o das plantas\" data-numeration=\"5\">Algumas dicas sobre a nutri\u00e7\u00e3o das plantas<\/a>\r\n                    <\/div><\/li><li class=\"wpj-jtoc--item --jtoc-h2\">\r\n        <div class=\"wpj-jtoc--item-content --jtoc-h2\" data-depth=\"2\">\r\n                                                <a href=\"#conclusoes-sobre-a-nutricao-das-plantas\"  rel=\"nofollow\"  title=\"Conclus\u00f5es sobre a nutri\u00e7\u00e3o das plantas\" data-numeration=\"6\">Conclus\u00f5es sobre a nutri\u00e7\u00e3o das plantas<\/a>\r\n                    <\/div><\/li><\/ol>      <\/nav>\r\n          <\/div>\r\n      <\/div>\r\n    <\/div>\r\n\n\n\t\t<\/div>\n\t\t\t\t\t<\/div>\n\n\t\n\n\t<div id=\"col-1317609281\" class=\"col medium-4 small-12 large-4\"  >\n\t\t\t\t<div class=\"col-inner\"  >\n\t\t\t\n\t\t\t\n\n\n\t\t<\/div>\n\t\t\t\t\t<\/div>\n\n\t\n\n\t<div id=\"col-84942748\" class=\"col medium-4 small-12 large-4\"  >\n\t\t\t\t<div class=\"col-inner\"  >\n\t\t\t\n\t\t\t\n\n\n\t\t<\/div>\n\t\t\t\t\t<\/div>\n\n\t\n\n<\/div>\n<div class=\"row\"  id=\"row-1241991939\">\n\n\n\t<div id=\"col-1264189729\" class=\"col medium-6 small-12 large-6\"  >\n\t\t\t\t<div class=\"col-inner\"  >\n\t\t\t\n\t\t\t\n\n\t<div class=\"img has-hover x md-x lg-x y md-y lg-y\" id=\"image_1590431684\">\n\t\t\t\t\t\t\t\t<div class=\"img-inner dark\" >\n\t\t\t<img loading=\"lazy\" decoding=\"async\" width=\"888\" height=\"778\" src=\"https:\/\/bioera.es\/wp-content\/uploads\/2024\/10\/Diseno-sin-titulo-2024-10-14T174435.767.jpg\" class=\"attachment-large size-large\" alt=\"\" srcset=\"https:\/\/bioera.es\/wp-content\/uploads\/2024\/10\/Diseno-sin-titulo-2024-10-14T174435.767.jpg 888w, https:\/\/bioera.es\/wp-content\/uploads\/2024\/10\/Diseno-sin-titulo-2024-10-14T174435.767-300x263.jpg 300w, https:\/\/bioera.es\/wp-content\/uploads\/2024\/10\/Diseno-sin-titulo-2024-10-14T174435.767-768x673.jpg 768w, https:\/\/bioera.es\/wp-content\/uploads\/2024\/10\/Diseno-sin-titulo-2024-10-14T174435.767-600x526.jpg 600w\" sizes=\"auto, (max-width: 888px) 100vw, 888px\" \/>\t\t\t\t\t\t\n\t\t\t\t\t<\/div>\n\t\t\t\t\t\t\t\t\n<style>\n#image_1590431684 {\n  width: 100%;\n}\n<\/style>\n\t<\/div>\n\t\n\n\n\t\t<\/div>\n\t\t\t\t\t<\/div>\n\n\t\n\n\t<div id=\"col-1189595834\" class=\"col medium-6 small-12 large-6\"  >\n\t\t\t\t<div class=\"col-inner\"  >\n\t\t\t\n\t\t\t\n\n<p><span style=\"font-weight: 400;\">A <\/span><span style=\"color: #000000;\"><b>nutri\u00e7\u00e3o vegetal<\/b><\/span><span style=\"font-weight: 400;\">  \u00e9 um dos pilares fundamentais para o desenvolvimento de uma agricultura bem sucedida e sustent\u00e1vel. Para os agricultores, compreender e aplicar corretamente os princ\u00edpios da nutri\u00e7\u00e3o das culturas pode fazer a diferen\u00e7a entre uma cultura de elevado rendimento ou enfrentar problemas de produtividade ou menores rendimentos econ\u00f3micos. Os fertilizantes representam um dos principais factores de produ\u00e7\u00e3o agr\u00edcola, e a sua utiliza\u00e7\u00e3o eficiente \u00e9 uma importante fonte de poupan\u00e7a e de redu\u00e7\u00e3o dos impactos ambientais.  <\/span><\/p>\n<p><span style=\"font-weight: 400;\">Neste artigo, como agr\u00f3nomo com experi\u00eancia em fertiliza\u00e7\u00e3o de culturas, vou guiar-te pelos fundamentos da nutri\u00e7\u00e3o vegetal, a sua import\u00e2ncia no sector agr\u00edcola e como optimiz\u00e1-la para maximizar os resultados no campo.<\/span><\/p>\n\n\t\t<\/div>\n\t\t\t\t\t<\/div>\n\n\t\n\n<\/div>\n<h2><span style=\"font-size: 105%; color: #50b848;\"><b>O que \u00e9 a nutri\u00e7\u00e3o das plantas?<\/b><\/span><\/h2>\n<p><span style=\"font-weight: 400;\">A <\/span><b>nutri\u00e7\u00e3o vegetal<\/b><span style=\"font-weight: 400;\">  \u00e9 o processo pelo qual as plantas obt\u00eam e utilizam os nutrientes necess\u00e1rios ao seu desenvolvimento. Da mesma forma que os seres humanos necessitam de uma alimenta\u00e7\u00e3o equilibrada para uma vida saud\u00e1vel, as plantas precisam de certos elementos essenciais para desempenhar as suas fun\u00e7\u00f5es vitais. Na pr\u00e1tica, a fertiliza\u00e7\u00e3o das culturas consiste em devolver ao solo os nutrientes que se esgotam com a extra\u00e7\u00e3o das culturas.    <\/span><\/p>\n<p><span style=\"font-weight: 400;\">A fertiliza\u00e7\u00e3o excessiva, para al\u00e9m de reduzir os rendimentos econ\u00f3micos, pode causar problemas ambientais, como a lixivia\u00e7\u00e3o de nitratos, a eutrofiza\u00e7\u00e3o da \u00e1gua ou as emiss\u00f5es de gases com efeito de estufa. Por outro lado, a subfertiliza\u00e7\u00e3o conduz a perdas de rendimento e de fertilidade e qualidade do solo. <\/span><\/p>\n<p><span style=\"font-weight: 400;\">Os nutrientes absorvidos pelas plantas dividem-se em dois grupos principais: <\/span><span style=\"color: #000000;\"><b>macronutrientes<\/b><\/span><span style=\"font-weight: 400;\"> y <\/span><strong><span style=\"color: #000000;\">micronutrientes<\/span><\/strong><span style=\"font-weight: 400;\">.<\/span><\/p>\n<p> <\/p>\n<h3><span style=\"font-size: 105%; color: #50b848;\"><b>Macronutrientes essenciais<\/b><\/span><\/h3>\n<p><span style=\"font-weight: 400;\">Os macronutrientes s\u00e3o os elementos que as plantas necessitam em grandes quantidades para crescerem corretamente. Compreendem<strong> o Azoto (N)<\/strong>,<strong> o F\u00f3sforo (P)<\/strong> e<strong> o Pot\u00e1ssio (K)<\/strong>, chamados nutrientes prim\u00e1rios. <strong>O C\u00e1lcio (Ca)<\/strong>, <strong>o Magn\u00e9sio (Mg)<\/strong> e <strong>o Enxofre (S)<\/strong> s\u00e3o considerados nutrientes secund\u00e1rios.    <\/span><\/p>\n<p> <\/p>\n<ol>\n<li style=\"font-weight: 400;\" aria-level=\"1\"><b><span style=\"color: #50b848;\">F\u00f3sforo (P)<\/span>:<\/b><span style=\"font-weight: 400;\">  \u00c9 essencial para o desenvolvimento das ra\u00edzes e para a produ\u00e7\u00e3o de sementes e frutos. \u00c9 um fator de precocidade. <\/span><\/li>\n<li style=\"font-weight: 400;\" aria-level=\"1\"><b><span style=\"color: #50b848;\">Pot\u00e1ssio (K)<\/span>:<\/b><span style=\"font-weight: 400;\">  Contribui para a regula\u00e7\u00e3o do balan\u00e7o h\u00eddrico, da fotoss\u00edntese e da resist\u00eancia \u00e0s doen\u00e7as. \u00c9 um fator de qualidade. <\/span><\/li>\n<li style=\"font-weight: 400;\" aria-level=\"1\"><b><span style=\"color: #50b848;\">C\u00e1lcio (Ca)<\/span>:<\/b><span style=\"font-weight: 400;\"> Importante para a forma\u00e7\u00e3o das paredes celulares e para o transporte de outros nutrientes.<\/span><\/li>\n<li style=\"font-weight: 400;\" aria-level=\"1\"><strong><span style=\"color: #50b848;\">Magn\u00e9sio (Mg)<\/span><\/strong><b>:<\/b><span style=\"font-weight: 400;\"> \u00c9 o componente central da clorofila, essencial para a fotoss\u00edntese.<\/span><\/li>\n<li style=\"font-weight: 400;\" aria-level=\"1\"><b><span style=\"color: #50b848;\">Enxofre (S)<\/span>:<\/b><span style=\"font-weight: 400;\"> Participa na forma\u00e7\u00e3o de prote\u00ednas e no metabolismo das plantas.<\/span><\/li>\n<li><b><span style=\"color: #50b848;\">Nitrog\u00e9nio (N)<\/span>:<\/b><span style=\"font-weight: 400;\">  \u00c9 crucial para a forma\u00e7\u00e3o de prote\u00ednas e para o crescimento vegetativo da planta. Resulta num fator de crescimento e desenvolvimento. <\/span><\/li>\n<\/ol>\n<p> <\/p>\n<h3><strong><span style=\"color: #50b848; font-size: 105%;\">Micronutrientes essenciais<\/span><\/strong><\/h3>\n<p><span style=\"font-weight: 400;\">Os micronutrientes s\u00e3o elementos que as plantas necessitam em quantidades menores, mas a sua import\u00e2ncia n\u00e3o \u00e9 menor. Estamos a falar de   <\/span><b>Ferro (Fe), Mangan\u00eas (Mn), Zinco (Zn), Cobre (Cu), Molibd\u00e9nio (Mo), N\u00edquel (Ni), Boro (Bo) e Cloro (Cl).<\/b><\/p>\n<p> <\/p>\n<h2><span style=\"color: #50b848;\"><b>Benef\u00edcios de uma nutri\u00e7\u00e3o adequada das plantas<\/b><\/span><\/h2>\n<p> <\/p>\n<ol>\n<li style=\"font-weight: 400;\" aria-level=\"1\"><b><span style=\"color: #50b848;\">Aumenta o rendimento das culturas<\/span>:<\/b><span style=\"font-weight: 400;\"> Quando as plantas recebem nutrientes nas quantidades e propor\u00e7\u00f5es corretas, s\u00e3o mais capazes de produzir biomassa, seja sob a forma de frutos, sementes, tub\u00e9rculos ou folhas.<\/span><\/li>\n<li style=\"font-weight: 400;\" aria-level=\"1\"><b><span style=\"color: #50b848;\">Melhora a qualidade do produto<\/span>:<\/b><span style=\"font-weight: 400;\">  A nutri\u00e7\u00e3o das plantas influencia diretamente a qualidade do produto final. Por exemplo, n\u00edveis adequados de pot\u00e1ssio e c\u00e1lcio podem melhorar a firmeza dos frutos, o sabor e a vida p\u00f3s-colheita&#8230; <\/span><\/li>\n<li style=\"font-weight: 400;\" aria-level=\"1\"><b><span style=\"color: #50b848;\">Aumenta a resist\u00eancia a pragas e doen\u00e7as<\/span>:<\/b><span style=\"font-weight: 400;\"> As plantas bem fertilizadas s\u00e3o menos suscept\u00edveis a pragas e doen\u00e7as, o que reduz a necessidade de aplicar produtos fitossanit\u00e1rios.<\/span><\/li>\n<li style=\"font-weight: 400;\" aria-level=\"1\"><b><span style=\"color: #50b848;\">Sustentabilidade agr\u00edcola<\/span>:<\/b><span style=\"font-weight: 400;\"> Uma gest\u00e3o eficiente da nutri\u00e7\u00e3o reduz as perdas de fertilizantes e melhora a fertilidade do solo, promovendo uma agricultura mais sustent\u00e1vel.<\/span><\/li>\n<\/ol>\n<p> <\/p>\n<h2><span style=\"color: #50b848; font-size: 105%;\"><b>Factores que afectam a nutri\u00e7\u00e3o das plantas<\/b><\/span><\/h2>\n<p><span style=\"font-weight: 400;\">Apesar da import\u00e2ncia de uma fertiliza\u00e7\u00e3o adequada, a nutri\u00e7\u00e3o das plantas depende de v\u00e1rios factores que os agricultores devem ter em conta para garantir a sua efic\u00e1cia.<\/span><\/p>\n<ol>\n<li>\n<h3><span style=\"color: #50b848;\"><b>  Condi\u00e7\u00f5es do solo<\/b><\/span><\/h3>\n<\/li>\n<\/ol>\n<p><span style=\"font-weight: 400;\">O solo \u00e9 o principal meio do qual as plantas obt\u00eam os seus nutrientes. Um solo f\u00e9rtil deve ter os nutrientes essenciais, bem como uma boa estrutura e um bom pH para facilitar a sua disponibilidade. Em alguns casos, os solos podem estar empobrecidos ou deficientes em certos nutrientes, o que exige a aplica\u00e7\u00e3o de fertilizantes espec\u00edficos.  <\/span><\/p>\n<ol start=\"2\">\n<li>\n<h3><span style=\"color: #50b848;\"><b>  Disponibilidade de \u00e1gua<\/b><\/span><\/h3>\n<\/li>\n<\/ol>\n<p><span style=\"font-weight: 400;\">A \u00e1gua n\u00e3o \u00e9 apenas essencial para o crescimento das plantas, mas tamb\u00e9m actua como um ve\u00edculo para que os nutrientes sejam dissolvidos e absorvidos pelas ra\u00edzes. A falta ou excesso de \u00e1gua pode limitar a disponibilidade de nutrientes. <\/span><\/p>\n<ol start=\"3\">\n<li>\n<h3><span style=\"color: #50b848;\"><b>  Condi\u00e7\u00f5es clim\u00e1ticas<\/b><\/span><\/h3>\n<\/li>\n<\/ol>\n<p><span style=\"font-weight: 400;\">Factores como a temperatura e a luz solar afectam o metabolismo das plantas e, portanto, a sua capacidade de absorver e utilizar nutrientes. Por exemplo, em condi\u00e7\u00f5es de frio extremo, a absor\u00e7\u00e3o de nutrientes pode ser mais lenta. <\/span><\/p>\n<ol start=\"4\">\n<li>\n<h3><span style=\"color: #50b848;\"><b>  Fertilizantes e corretivos<\/b><\/span><\/h3>\n<\/li>\n<\/ol>\n<p><span style=\"font-weight: 400;\">A sele\u00e7\u00e3o e a utiliza\u00e7\u00e3o corretas de fertilizantes e corretivos s\u00e3o fundamentais para garantir que as plantas recebem os nutrientes necess\u00e1rios. Os fertilizantes podem ser org\u00e2nicos ou inorg\u00e2nicos, e cada tipo tem as suas vantagens, dependendo das carater\u00edsticas do solo e das necessidades das culturas. <\/span><\/p>\n<p> <\/p>\n<p> <\/p>\n<h2><span style=\"color: #50b848; font-size: 105%;\"><b>Estrat\u00e9gias para uma nutri\u00e7\u00e3o adequada das plantas<\/b><\/span><\/h2>\n<p><span style=\"font-weight: 400;\">Para otimizar a nutri\u00e7\u00e3o vegetal num sistema agr\u00edcola, \u00e9 necess\u00e1rio seguir certas pr\u00e1ticas para garantir que as plantas obt\u00eam o que necessitam em cada fase do seu desenvolvimento.<\/span><\/p>\n<ol>\n<li>\n<h3><span style=\"color: #50b848;\"><b>  An\u00e1lise do solo<\/b><\/span><\/h3>\n<\/li>\n<\/ol>\n<p><span style=\"font-weight: 400;\">Regra geral, antes de aplicar fertilizantes ou preparar um plano de fertiliza\u00e7\u00e3o, \u00e9 importante efetuar uma an\u00e1lise do solo para conhecer a sua composi\u00e7\u00e3o e os n\u00edveis de nutrientes. Isto permite ajustar com precis\u00e3o as doses de fertilizantes, evitando car\u00eancias ou excessos. <\/span><\/p>\n<ol start=\"2\">\n<li>\n<h3><strong><span style=\"color: #50b848;\">  Rota\u00e7\u00e3o das culturas<\/span><\/strong><\/h3>\n<\/li>\n<\/ol>\n<p><span style=\"font-weight: 400;\">A rota\u00e7\u00e3o de culturas \u00e9 uma pr\u00e1tica que ajuda a manter o equil\u00edbrio dos nutrientes no solo. Ao alternar diferentes tipos de plantas, reduz o esgotamento de certos nutrientes e melhora a estrutura do solo. <\/span><\/p>\n<ol start=\"3\">\n<li>\n<h3><span style=\"color: #50b848;\"><b>  Utiliza\u00e7\u00e3o de fertilizantes equilibrados<\/b><\/span><\/h3>\n<\/li>\n<\/ol>\n<p><span style=\"font-weight: 400;\">\u00c9 essencial utilizar fertilizantes que contenham os nutrientes nas propor\u00e7\u00f5es corretas para a cultura espec\u00edfica e o tipo de solo. A grande variedade de fertilizantes NPK oferece diferentes combina\u00e7\u00f5es de azoto, f\u00f3sforo e pot\u00e1ssio para satisfazer as necessidades gerais de muitas plantas. <\/span><\/p>\n<ol start=\"4\">\n<li>\n<h3><span style=\"color: #50b848;\"><b>  Fertiliza\u00e7\u00e3o foliar<\/b><\/span><\/h3>\n<\/li>\n<\/ol>\n<p><span style=\"font-weight: 400;\">Em alguns casos, a fertiliza\u00e7\u00e3o foliar pode ser uma alternativa eficaz para corrigir as defici\u00eancias de micronutrientes, uma vez que permite uma absor\u00e7\u00e3o mais r\u00e1pida atrav\u00e9s das folhas.<\/span><\/p>\n<ol start=\"5\">\n<li>\n<h3><span style=\"color: #50b848;\"><b>  Controlo permanente<\/b><\/span><\/h3>\n<\/li>\n<\/ol>\n<p><span style=\"font-weight: 400;\">O controlo regular do estado nutricional das plantas por an\u00e1lise foliar, an\u00e1lise do solo ou observa\u00e7\u00e3o de sintomas visuais \u00e9 crucial para ajustar a fertiliza\u00e7\u00e3o durante a esta\u00e7\u00e3o de crescimento.<\/span><\/p>\n<p> <\/p>\n<h2><span style=\"color: #50b848; font-size: 105%;\"><b>Algumas dicas sobre a nutri\u00e7\u00e3o das plantas<\/b><\/span><\/h2>\n<ol>\n<li style=\"font-weight: 400;\" aria-level=\"1\"><b>Faz an\u00e1lises regulares ao solo<\/b><span style=\"font-weight: 400;\"> para ajustar a fertiliza\u00e7\u00e3o de forma precisa e eficiente.<\/span><\/li>\n<li style=\"font-weight: 400;\" aria-level=\"1\"><b>Utiliza adubos equilibrados<\/b><span style=\"font-weight: 400;\"> que contenham os nutrientes necess\u00e1rios para o tipo de cultura.<\/span><\/li>\n<li style=\"font-weight: 400;\" aria-level=\"1\"><b>Monitoriza o clima e as condi\u00e7\u00f5es do solo para adaptar as pr\u00e1ticas de fertiliza\u00e7\u00e3o em conformidade.<\/b><span style=\"font-weight: 400;\"> Monitoriza as condi\u00e7\u00f5es do clima e do solo para adaptar as pr\u00e1ticas de fertiliza\u00e7\u00e3o em conformidade.<\/span><\/li>\n<li style=\"font-weight: 400;\" aria-level=\"1\"><b>Incorporar t\u00e9cnicas agr\u00edcolas sustent\u00e1veis, como a rota\u00e7\u00e3o de culturas, a utiliza\u00e7\u00e3o de fertilizantes org\u00e2nicos e de microrganismos ben\u00e9ficos, para<\/b><span style=\"font-weight: 400;\">como a rota\u00e7\u00e3o de culturas, a utiliza\u00e7\u00e3o de fertilizantes org\u00e2nicos e de microrganismos ben\u00e9ficos, para manter a fertilidade do solo a longo prazo.<\/span><\/li>\n<li style=\"font-weight: 400;\" aria-level=\"1\"><b>Considera a fertiliza\u00e7\u00e3o foliar<\/b><span style=\"font-weight: 400;\"> em caso de car\u00eancia de micronutrientes ou de stress clim\u00e1tico.<\/span><\/li>\n<\/ol>\n<p> <\/p>\n<h2><span style=\"color: #50b848;\"><b>Conclus\u00f5es sobre a nutri\u00e7\u00e3o das plantas<\/b><\/span><\/h2>\n<p><span style=\"font-weight: 400;\">A <\/span><span style=\"color: #000000;\"><b>nutri\u00e7\u00e3o vegetal<\/b><\/span><span style=\"font-weight: 400;\">  \u00e9 um aspeto central da produ\u00e7\u00e3o agr\u00edcola moderna e desempenha um papel crucial na sustentabilidade, produtividade e qualidade das culturas. Os agricultores que compreendem e aplicam os princ\u00edpios de uma nutri\u00e7\u00e3o adequada estar\u00e3o em melhor posi\u00e7\u00e3o para enfrentar os desafios do sector e tirar o m\u00e1ximo partido do potencial das suas terras. <\/span><\/p>\n<p><span style=\"font-weight: 400;\">Uma gest\u00e3o eficaz dos nutrientes n\u00e3o s\u00f3 maximiza os rendimentos, como tamb\u00e9m contribui para a sa\u00fade do solo e do ecossistema agr\u00edcola no seu conjunto. Por conseguinte, a utiliza\u00e7\u00e3o de fertilizantes deve ser sempre uma decis\u00e3o ponderada, baseada numa an\u00e1lise das necessidades espec\u00edficas da cultura e do ambiente. <\/span><\/p>\n<p><span style=\"font-weight: 400;\">Correto <span style=\"color: #000000;\"><strong>a nutri\u00e7\u00e3o das plantas<\/strong><\/span> n\u00e3o s\u00f3 melhora a produtividade e a qualidade das colheitas, como tamb\u00e9m promove uma agricultura mais sustent\u00e1vel e rent\u00e1vel para o futuro.<\/span><\/p>\n\n","protected":false},"excerpt":{"rendered":"","protected":false},"author":1,"featured_media":4332,"parent":0,"menu_order":0,"comment_status":"closed","ping_status":"closed","template":"","meta":{"footnotes":""},"class_list":["post-4331","page","type-page","status-publish","has-post-thumbnail","hentry"],"_links":{"self":[{"href":"https:\/\/bioera.es\/pt-pt\/wp-json\/wp\/v2\/pages\/4331","targetHints":{"allow":["GET"]}}],"collection":[{"href":"https:\/\/bioera.es\/pt-pt\/wp-json\/wp\/v2\/pages"}],"about":[{"href":"https:\/\/bioera.es\/pt-pt\/wp-json\/wp\/v2\/types\/page"}],"author":[{"embeddable":true,"href":"https:\/\/bioera.es\/pt-pt\/wp-json\/wp\/v2\/users\/1"}],"replies":[{"embeddable":true,"href":"https:\/\/bioera.es\/pt-pt\/wp-json\/wp\/v2\/comments?post=4331"}],"version-history":[{"count":3,"href":"https:\/\/bioera.es\/pt-pt\/wp-json\/wp\/v2\/pages\/4331\/revisions"}],"predecessor-version":[{"id":4648,"href":"https:\/\/bioera.es\/pt-pt\/wp-json\/wp\/v2\/pages\/4331\/revisions\/4648"}],"wp:featuredmedia":[{"embeddable":true,"href":"https:\/\/bioera.es\/pt-pt\/wp-json\/wp\/v2\/media\/4332"}],"wp:attachment":[{"href":"https:\/\/bioera.es\/pt-pt\/wp-json\/wp\/v2\/media?parent=4331"}],"curies":[{"name":"wp","href":"https:\/\/api.w.org\/{rel}","templated":true}]}}