{"id":4110,"date":"2025-02-17T17:03:03","date_gmt":"2025-02-17T17:03:03","guid":{"rendered":"https:\/\/bioera.es\/sobre-a-bioera\/"},"modified":"2025-12-09T08:53:46","modified_gmt":"2025-12-09T08:53:46","slug":"sobre-a-bioera","status":"publish","type":"page","link":"https:\/\/bioera.es\/pt-pt\/sobre-a-bioera\/","title":{"rendered":"Sobre a Bioera"},"content":{"rendered":"\n<div class=\"message-box relative dark\" style=\"padding-top:50px;padding-bottom:50px;\"><div class=\"message-box-bg-image bg-fill fill\" ><\/div><div class=\"message-box-bg-overlay bg-fill fill\" style=\"background-color:#4eb16d;\"><\/div><div class=\"container relative\"><div class=\"inner last-reset\">\n\n<div class=\"row align-middle\"  id=\"row-977288193\">\n\n\n\t<div id=\"col-611100986\" class=\"col medium-9 small-12 large-9\"  >\n\t\t\t\t<div class=\"col-inner\"  >\n\t\t\t\n\t\t\t\n\n\t<div id=\"text-3724446745\" class=\"text\">\n\t\t\n\n<h1>Insumos nutricionais e biofertilizantes<\/h2>\n\t\t\n<style>\n#text-3724446745 {\n  text-align: center;\n}\n@media (min-width:550px) {\n  #text-3724446745 {\n    text-align: right;\n  }\n}\n<\/style>\n\t<\/div>\n\t\n\n\t\t<\/div>\n\t\t\t\t\t<\/div>\n\n\t\n\n<\/div>\n\n<\/div><\/div><\/div>\n\n\t<section class=\"section\" id=\"section_1380758852\">\n\t\t<div class=\"section-bg fill\" >\n\t\t\t<img loading=\"lazy\" decoding=\"async\" width=\"1920\" height=\"1080\" src=\"https:\/\/bioera.es\/wp-content\/uploads\/2019\/12\/fondo-tech-min.png\" class=\"bg attachment- size-\" alt=\"\" \/>\t\t\t\t\t\t\n\t\t\t\n\n\t\t<\/div>\n\n\t\t\n\n\t\t<div class=\"section-content relative\">\n\t\t\t\n\n<div class=\"row row-large\"  id=\"row-981265938\">\n\n\n\t<div id=\"col-205646685\" class=\"col medium-6 small-12 large-6\"  >\n\t\t\t\t<div class=\"col-inner\"  >\n\t\t\t\n\t\t\t\n\n<h1><span style=\"color: #008000; font-size: 140%;\" data-text-color=\"primary\">Hist\u00f3ria<\/span><\/h1>\n<p><span style=\"font-size: 110%;\">A Bioera foi fundada em 2008 como uma empresa de biotecnologia ap\u00f3s anos de investiga\u00e7\u00e3o e desenvolvimento. Foi fundada por uma equipa de engenheiros e investigadores com a miss\u00e3o de oferecer produtos de alta qualidade para uma agricultura sustent\u00e1vel.<\/span><\/p>\n<div class=\"slider-wrapper relative\" id=\"slider-1993731372\" >\n    <div class=\"slider slider-nav-simple slider-nav-large slider-nav-light slider-style-normal\"\n        data-flickity-options='{\n            \"cellAlign\": \"center\",\n            \"imagesLoaded\": true,\n            \"lazyLoad\": 1,\n            \"freeScroll\": false,\n            \"wrapAround\": true,\n            \"autoPlay\": 3000,\n            \"pauseAutoPlayOnHover\" : true,\n            \"prevNextButtons\": true,\n            \"contain\" : true,\n            \"adaptiveHeight\" : true,\n            \"dragThreshold\" : 10,\n            \"percentPosition\": true,\n            \"pageDots\": true,\n            \"rightToLeft\": false,\n            \"draggable\": false,\n            \"selectedAttraction\": 0.1,\n            \"parallax\" : 0,\n            \"friction\": 0.6        }'\n        >\n        \n\n\t<div class=\"img has-hover x md-x lg-x y md-y lg-y\" id=\"image_1628474374\">\n\t\t\t\t\t\t\t\t<div class=\"img-inner image-cover dark\" style=\"padding-top:56.25%;\">\n\t\t\t<img loading=\"lazy\" decoding=\"async\" width=\"1000\" height=\"666\" src=\"https:\/\/bioera.es\/wp-content\/uploads\/2025\/07\/DJI_0042-Mejorado-NR.webp\" class=\"attachment-large size-large\" alt=\"\" srcset=\"https:\/\/bioera.es\/wp-content\/uploads\/2025\/07\/DJI_0042-Mejorado-NR.webp 1000w, https:\/\/bioera.es\/wp-content\/uploads\/2025\/07\/DJI_0042-Mejorado-NR-300x200.webp 300w, https:\/\/bioera.es\/wp-content\/uploads\/2025\/07\/DJI_0042-Mejorado-NR-768x511.webp 768w, https:\/\/bioera.es\/wp-content\/uploads\/2025\/07\/DJI_0042-Mejorado-NR-600x400.webp 600w\" sizes=\"auto, (max-width: 1000px) 100vw, 1000px\" \/>\t\t\t\t\t\t\n\t\t\t\t\t<\/div>\n\t\t\t\t\t\t\t\t\n<style>\n#image_1628474374 {\n  width: 50%;\n}\n<\/style>\n\t<\/div>\n\t\n\n\t<div class=\"img has-hover x md-x lg-x y md-y lg-y\" id=\"image_2014762946\">\n\t\t\t\t\t\t\t\t<div class=\"img-inner image-cover dark\" style=\"padding-top:56.25%;\">\n\t\t\t<img loading=\"lazy\" decoding=\"async\" width=\"1000\" height=\"689\" src=\"https:\/\/bioera.es\/wp-content\/uploads\/2025\/07\/7N1A6979.webp\" class=\"attachment-large size-large\" alt=\"\" srcset=\"https:\/\/bioera.es\/wp-content\/uploads\/2025\/07\/7N1A6979.webp 1000w, https:\/\/bioera.es\/wp-content\/uploads\/2025\/07\/7N1A6979-300x207.webp 300w, https:\/\/bioera.es\/wp-content\/uploads\/2025\/07\/7N1A6979-768x529.webp 768w, https:\/\/bioera.es\/wp-content\/uploads\/2025\/07\/7N1A6979-600x413.webp 600w\" sizes=\"auto, (max-width: 1000px) 100vw, 1000px\" \/>\t\t\t\t\t\t\n\t\t\t\t\t<\/div>\n\t\t\t\t\t\t\t\t\n<style>\n#image_2014762946 {\n  width: 50%;\n}\n<\/style>\n\t<\/div>\n\t\n\n\t<div class=\"img has-hover x md-x lg-x y md-y lg-y\" id=\"image_1689936072\">\n\t\t\t\t\t\t\t\t<div class=\"img-inner image-cover dark\" style=\"padding-top:56.25%;\">\n\t\t\t<img loading=\"lazy\" decoding=\"async\" width=\"1000\" height=\"679\" src=\"https:\/\/bioera.es\/wp-content\/uploads\/2025\/07\/7N1A7627.webp\" class=\"attachment-large size-large\" alt=\"\" srcset=\"https:\/\/bioera.es\/wp-content\/uploads\/2025\/07\/7N1A7627.webp 1000w, https:\/\/bioera.es\/wp-content\/uploads\/2025\/07\/7N1A7627-300x204.webp 300w, https:\/\/bioera.es\/wp-content\/uploads\/2025\/07\/7N1A7627-768x521.webp 768w, https:\/\/bioera.es\/wp-content\/uploads\/2025\/07\/7N1A7627-600x407.webp 600w\" sizes=\"auto, (max-width: 1000px) 100vw, 1000px\" \/>\t\t\t\t\t\t\n\t\t\t\t\t<\/div>\n\t\t\t\t\t\t\t\t\n<style>\n#image_1689936072 {\n  width: 100%;\n}\n<\/style>\n\t<\/div>\n\t\n\n\t<div class=\"img has-hover x md-x lg-x y md-y lg-y\" id=\"image_1451639671\">\n\t\t\t\t\t\t\t\t<div class=\"img-inner image-cover dark\" style=\"padding-top:56.25%;\">\n\t\t\t<img loading=\"lazy\" decoding=\"async\" width=\"1000\" height=\"698\" src=\"https:\/\/bioera.es\/wp-content\/uploads\/2025\/07\/7N1A6478.webp\" class=\"attachment-large size-large\" alt=\"\" srcset=\"https:\/\/bioera.es\/wp-content\/uploads\/2025\/07\/7N1A6478.webp 1000w, https:\/\/bioera.es\/wp-content\/uploads\/2025\/07\/7N1A6478-300x209.webp 300w, https:\/\/bioera.es\/wp-content\/uploads\/2025\/07\/7N1A6478-768x536.webp 768w, https:\/\/bioera.es\/wp-content\/uploads\/2025\/07\/7N1A6478-600x419.webp 600w\" sizes=\"auto, (max-width: 1000px) 100vw, 1000px\" \/>\t\t\t\t\t\t\n\t\t\t\t\t<\/div>\n\t\t\t\t\t\t\t\t\n<style>\n#image_1451639671 {\n  width: 100%;\n}\n<\/style>\n\t<\/div>\n\t\n\n\n     <\/div>\n\n     <div class=\"loading-spin dark large centered\"><\/div>\n\n\t<\/div>\n\n\n\n\t\t<\/div>\n\t\t\t\t\t<\/div>\n\n\t\n\n\t<div id=\"col-965458990\" class=\"col medium-6 small-12 large-6\"  >\n\t\t\t\t<div class=\"col-inner text-left\"  >\n\t\t\t\n\t\t\t\n\n<h1 style=\"text-align: left;\"><span style=\"color: #008000; font-size: 140%;\" data-text-color=\"primary\">Just biotech<\/span><\/h1>\n<ul>\n<li class=\"bullet-arrow\" style=\"text-align: left;\"><span style=\"font-size: 110%;\">Um pilar de produ\u00e7\u00e3o baseado na incorpora\u00e7\u00e3o de microrganismos promotores de crescimento e protectores de plantas combinados com complexos org\u00e2nicos.<\/span><\/li>\n<li class=\"bullet-arrow\" style=\"text-align: left;\"><span style=\"font-size: 110%;\">Uma filosofia empresarial baseada na inova\u00e7\u00e3o e melhoria constantes, investindo recursos e esfor\u00e7os em investiga\u00e7\u00e3o + desenvolvimento e utilizando os \u00faltimos avan\u00e7os cient\u00edficos, bem como metodologias agrobiotecnol\u00f3gicas.<\/span><\/li>\n<\/ul>\n\t<div id=\"gap-678021515\" class=\"gap-element clearfix\" style=\"display:block; height:auto;\">\n\t\t\n<style>\n#gap-678021515 {\n  padding-top: 30px;\n}\n<\/style>\n\t<\/div>\n\t\n\n<blockquote>\n<p class=\"p1\" style=\"text-align: left;\">Ajudamos a preservar a sa\u00fade e o equil\u00edbrio das plantas, do solo e do ambiente em que vivemos.<\/p>\n<\/blockquote>\n\n\t\t<\/div>\n\t\t\t\t\t<\/div>\n\n\t\n\n<\/div>\n\n\t\t<\/div>\n\n\t\t\n<style>\n#section_1380758852 {\n  padding-top: 110px;\n  padding-bottom: 110px;\n  background-color: rgb(242, 242, 242);\n}\n<\/style>\n\t<\/section>\n\t\n\n\t<section class=\"section\" id=\"section_1356246246\">\n\t\t<div class=\"section-bg fill\" >\n\t\t\t\t\t\t\t\t\t\n\t\t\t\n\n\t\t<\/div>\n\n\t\t\n\n\t\t<div class=\"section-content relative\">\n\t\t\t\n\n<div class=\"row\"  id=\"row-1320509805\">\n\n\n\t<div id=\"col-1536627363\" class=\"col small-12 large-12\"  >\n\t\t\t\t<div class=\"col-inner\"  >\n\t\t\t\n\t\t\t\n\n<h1 style=\"text-align: center;\"><span style=\"color: #008000; font-size: 140%;\" data-text-color=\"primary\">Os nossos valores<\/span><\/h1>\n\n\t\t<\/div>\n\t\t\t\t\t<\/div>\n\n\t\n\n<\/div>\n<div class=\"row\" style=\"max-width:1200px\" id=\"row-1780820457\">\n\n\n\t<div id=\"col-325460791\" class=\"col medium-4 small-12 large-4\"  >\n\t\t\t\t<div class=\"col-inner\"  >\n\t\t\t\n\t\t\t\n\n\n\t\t<div class=\"icon-box featured-box icon-box-left text-left\"  >\n\t\t\t\t\t<div class=\"icon-box-img\" style=\"width: 60px\">\n\t\t\t\t<div class=\"icon\">\n\t\t\t\t\t<div class=\"icon-inner\" >\n\t\t\t\t\t\t<img loading=\"lazy\" decoding=\"async\" width=\"1\" height=\"1\" src=\"https:\/\/bioera.es\/wp-content\/uploads\/2020\/01\/biotech-1.svg\" class=\"attachment-medium size-medium\" alt=\"\" \/>\t\t\t\t\t<\/div>\n\t\t\t\t<\/div>\n\t\t\t<\/div>\n\t\t\t\t<div class=\"icon-box-text last-reset\">\n\t\t\t\t\t\t\t\t\t\n\n<h3><span data-text-color=\"primary\">Investiga\u00e7\u00e3o e desenvolvimento<\/span><\/h3>\n<p>A nossa filosofia baseia-se no rigor cient\u00edfico e no conhecimento da \u00e1rea, raz\u00e3o pela qual dispomos de uma equipa experiente dedicada \u00e0 investiga\u00e7\u00e3o.<\/p>\n\n\t\t<\/div>\n\t<\/div>\n\t\n\t\n\n\t\t<\/div>\n\t\t\t\t\t<\/div>\n\n\t\n\n\t<div id=\"col-1082354212\" class=\"col medium-4 small-12 large-4\"  >\n\t\t\t\t<div class=\"col-inner\"  >\n\t\t\t\n\t\t\t\n\n\n\t\t<div class=\"icon-box featured-box icon-box-left text-left\"  >\n\t\t\t\t\t<div class=\"icon-box-img\" style=\"width: 60px\">\n\t\t\t\t<div class=\"icon\">\n\t\t\t\t\t<div class=\"icon-inner\" >\n\t\t\t\t\t\t<img loading=\"lazy\" decoding=\"async\" width=\"1\" height=\"1\" src=\"https:\/\/bioera.es\/wp-content\/uploads\/2020\/01\/medal.svg\" class=\"attachment-medium size-medium\" alt=\"\" \/>\t\t\t\t\t<\/div>\n\t\t\t\t<\/div>\n\t\t\t<\/div>\n\t\t\t\t<div class=\"icon-box-text last-reset\">\n\t\t\t\t\t\t\t\t\t\n\n<h3 data-show=\"hide-for-small\"><span data-text-color=\"primary\">Qualidade e responsabilidade<\/span><\/h3>\n<p>Estamos conscientes da import\u00e2ncia de utilizar mat\u00e9rias-primas que garantam a efic\u00e1cia e a repetibilidade dos resultados da aplica\u00e7\u00e3o, bem como processos de produ\u00e7\u00e3o que garantam a integridade de um ingrediente ativo. Os nossos produtos s\u00e3o submetidos a controlos laboratoriais exaustivos antes de serem colocados no mercado, garantindo a qualidade da sua composi\u00e7\u00e3o.<\/p>\n\n\t\t<\/div>\n\t<\/div>\n\t\n\t\n\n\t\t<\/div>\n\t\t\t\t\t<\/div>\n\n\t\n\n\t<div id=\"col-803832167\" class=\"col medium-4 small-12 large-4\"  >\n\t\t\t\t<div class=\"col-inner\"  >\n\t\t\t\n\t\t\t\n\n\n\t\t<div class=\"icon-box featured-box icon-box-left text-left\"  >\n\t\t\t\t\t<div class=\"icon-box-img\" style=\"width: 60px\">\n\t\t\t\t<div class=\"icon\">\n\t\t\t\t\t<div class=\"icon-inner\" >\n\t\t\t\t\t\t<img loading=\"lazy\" decoding=\"async\" width=\"1\" height=\"1\" src=\"https:\/\/bioera.es\/wp-content\/uploads\/2020\/01\/growth.svg\" class=\"attachment-medium size-medium\" alt=\"\" \/>\t\t\t\t\t<\/div>\n\t\t\t\t<\/div>\n\t\t\t<\/div>\n\t\t\t\t<div class=\"icon-box-text last-reset\">\n\t\t\t\t\t\t\t\t\t\n\n<h3><span data-text-color=\"primary\">Respeito pelo ambiente<\/span><\/h3>\n<p>Os produtos da Bioera s\u00e3o biol\u00f3gicos (90% deles certificados para utiliza\u00e7\u00e3o em agricultura biol\u00f3gica), sem res\u00edduos de pesticidas e sem materiais geneticamente modificados. Somos respons\u00e1veis e estamos empenhados no desenvolvimento sustent\u00e1vel.<\/p>\n\n\t\t<\/div>\n\t<\/div>\n\t\n\t\n\n\t\t<\/div>\n\t\t\t\t\t<\/div>\n\n\t\n\n<\/div>\n\n\t\t<\/div>\n\n\t\t\n<style>\n#section_1356246246 {\n  padding-top: 90px;\n  padding-bottom: 90px;\n}\n<\/style>\n\t<\/section>\n\t\n\n\t<section class=\"section\" id=\"section_970383359\">\n\t\t<div class=\"section-bg fill\" >\n\t\t\t\t\t\t\t\t\t\n\t\t\t\n\n\t\t<\/div>\n\n\t\t\n\n\t\t<div class=\"section-content relative\">\n\t\t\t\n\n<div class=\"row\"  id=\"row-1841851786\">\n\n\n\t<div id=\"col-826058267\" class=\"col medium-6 small-12 large-6\"  >\n\t\t\t\t<div class=\"col-inner\"  >\n\t\t\t\n\t\t\t\n\n<h1><span style=\"color: #008000; font-size: 135%;\"><span data-text-color=\"primary\">Produtos biotecnol\u00f3gicos<\/span> <\/span><\/h1>\n<p><span class=\"s1\">As formula\u00e7\u00f5es da Bioera baseiam-se na experi\u00eancia, no trabalho e na dedica\u00e7\u00e3o de toda a nossa equipa t\u00e9cnica. Ap\u00f3s v\u00e1rios anos de investiga\u00e7\u00e3o focada no fornecimento ao mercado de produtos biol\u00f3gicos de elevada qualidade que possibilitem o desenvolvimento agr\u00edcola sustent\u00e1vel, a Bioera consolidou as suas marcas de produtos, agrupadas em diversas linhas: Microbianos, Produtos Antidefici\u00eancia, Estimulantes, Ativadores, Complexos Org\u00e2nicos, Subst\u00e2ncias B\u00e1sicas e Fertilizantes Complementares; todos necess\u00e1rios para promover o desenvolvimento e a produ\u00e7\u00e3o ideais das plantas.<\/span><\/p>\n\n<div class=\"row align-center\"  id=\"row-179322697\">\n\n\n\t<div id=\"col-1238861445\" class=\"col medium-6 small-12 large-6\"  >\n\t\t\t\t<div class=\"col-inner text-center\"  >\n\t\t\t\n\t\t\t\n\n\t<div class=\"img has-hover x md-x lg-x y md-y lg-y\" id=\"image_1631482566\">\n\t\t\t\t\t\t\t\t<div class=\"img-inner dark\" >\n\t\t\t<img loading=\"lazy\" decoding=\"async\" width=\"591\" height=\"591\" src=\"https:\/\/bioera.es\/wp-content\/uploads\/2024\/04\/logo-CAAE-INSUMOS-UNE-01.png\" class=\"attachment-large size-large\" alt=\"\" srcset=\"https:\/\/bioera.es\/wp-content\/uploads\/2024\/04\/logo-CAAE-INSUMOS-UNE-01.png 591w, https:\/\/bioera.es\/wp-content\/uploads\/2024\/04\/logo-CAAE-INSUMOS-UNE-01-300x300.png 300w, https:\/\/bioera.es\/wp-content\/uploads\/2024\/04\/logo-CAAE-INSUMOS-UNE-01-150x150.png 150w, https:\/\/bioera.es\/wp-content\/uploads\/2024\/04\/logo-CAAE-INSUMOS-UNE-01-100x100.png 100w\" sizes=\"auto, (max-width: 591px) 100vw, 591px\" \/>\t\t\t\t\t\t\n\t\t\t\t\t<\/div>\n\t\t\t\t\t\t\t\t\n<style>\n#image_1631482566 {\n  width: 49%;\n}\n@media (min-width:550px) {\n  #image_1631482566 {\n    width: 73%;\n  }\n}\n<\/style>\n\t<\/div>\n\t\n\n\n\t\t<\/div>\n\t\t\t\t\t<\/div>\n\n\t\n\n\t<div id=\"col-1412238860\" class=\"col medium-6 small-12 large-6\"  >\n\t\t\t\t<div class=\"col-inner text-center\"  >\n\t\t\t\n\t\t\t\n\n\t<div class=\"img has-hover x md-x lg-x y md-y lg-y\" id=\"image_1008683108\">\n\t\t\t\t\t\t\t\t<div class=\"img-inner dark\" >\n\t\t\t<img loading=\"lazy\" decoding=\"async\" width=\"632\" height=\"915\" src=\"https:\/\/bioera.es\/wp-content\/uploads\/2021\/08\/pyme_innovadora_meic-SP_print.png\" class=\"attachment-large size-large\" alt=\"\" srcset=\"https:\/\/bioera.es\/wp-content\/uploads\/2021\/08\/pyme_innovadora_meic-SP_print.png 632w, https:\/\/bioera.es\/wp-content\/uploads\/2021\/08\/pyme_innovadora_meic-SP_print-207x300.png 207w, https:\/\/bioera.es\/wp-content\/uploads\/2021\/08\/pyme_innovadora_meic-SP_print-600x869.png 600w\" sizes=\"auto, (max-width: 632px) 100vw, 632px\" \/>\t\t\t\t\t\t\n\t\t\t\t\t<\/div>\n\t\t\t\t\t\t\t\t\n<style>\n#image_1008683108 {\n  width: 50%;\n}\n<\/style>\n\t<\/div>\n\t\n\n\n\t\t<\/div>\n\t\t\t\t\t<\/div>\n\n\t\n\n<\/div>\n\n\t\t<\/div>\n\t\t\t\t\t<\/div>\n\n\t\n\n\t<div id=\"col-2052697785\" class=\"col medium-6 small-12 large-6\"  >\n\t\t\t\t<div class=\"col-inner text-center\"  >\n\t\t\t\n\t\t\t\n\n\t<div class=\"img has-hover x md-x lg-x y md-y lg-y\" id=\"image_806729055\">\n\t\t\t\t\t\t\t\t<div class=\"img-inner dark\" >\n\t\t\t<img loading=\"lazy\" decoding=\"async\" width=\"1020\" height=\"575\" src=\"https:\/\/bioera.es\/wp-content\/uploads\/2020\/07\/Imagen-4-propuesta-1024x577.jpg\" class=\"attachment-large size-large\" alt=\"\" srcset=\"https:\/\/bioera.es\/wp-content\/uploads\/2020\/07\/Imagen-4-propuesta-1024x577.jpg 1024w, https:\/\/bioera.es\/wp-content\/uploads\/2020\/07\/Imagen-4-propuesta-300x169.jpg 300w, https:\/\/bioera.es\/wp-content\/uploads\/2020\/07\/Imagen-4-propuesta-768x432.jpg 768w, https:\/\/bioera.es\/wp-content\/uploads\/2020\/07\/Imagen-4-propuesta-600x338.jpg 600w, https:\/\/bioera.es\/wp-content\/uploads\/2020\/07\/Imagen-4-propuesta.jpg 1405w\" sizes=\"auto, (max-width: 1020px) 100vw, 1020px\" \/>\t\t\t\t\t\t\n\t\t\t\t\t<\/div>\n\t\t\t\t\t\t\t\t\n<style>\n#image_806729055 {\n  width: 100%;\n}\n<\/style>\n\t<\/div>\n\t\n\n\n\t\t<\/div>\n\t\t\t\t\t<\/div>\n\n\t\n\n<\/div>\n\n\t\t<\/div>\n\n\t\t\n<style>\n#section_970383359 {\n  padding-top: 126px;\n  padding-bottom: 126px;\n  background-color: rgba(41, 167, 92, 0.05);\n}\n<\/style>\n\t<\/section>\n\t\n\n","protected":false},"excerpt":{"rendered":"","protected":false},"author":1,"featured_media":4113,"parent":0,"menu_order":0,"comment_status":"closed","ping_status":"closed","template":"page-blank.php","meta":{"footnotes":""},"class_list":["post-4110","page","type-page","status-publish","has-post-thumbnail","hentry"],"_links":{"self":[{"href":"https:\/\/bioera.es\/pt-pt\/wp-json\/wp\/v2\/pages\/4110","targetHints":{"allow":["GET"]}}],"collection":[{"href":"https:\/\/bioera.es\/pt-pt\/wp-json\/wp\/v2\/pages"}],"about":[{"href":"https:\/\/bioera.es\/pt-pt\/wp-json\/wp\/v2\/types\/page"}],"author":[{"embeddable":true,"href":"https:\/\/bioera.es\/pt-pt\/wp-json\/wp\/v2\/users\/1"}],"replies":[{"embeddable":true,"href":"https:\/\/bioera.es\/pt-pt\/wp-json\/wp\/v2\/comments?post=4110"}],"version-history":[{"count":10,"href":"https:\/\/bioera.es\/pt-pt\/wp-json\/wp\/v2\/pages\/4110\/revisions"}],"predecessor-version":[{"id":5576,"href":"https:\/\/bioera.es\/pt-pt\/wp-json\/wp\/v2\/pages\/4110\/revisions\/5576"}],"wp:featuredmedia":[{"embeddable":true,"href":"https:\/\/bioera.es\/pt-pt\/wp-json\/wp\/v2\/media\/4113"}],"wp:attachment":[{"href":"https:\/\/bioera.es\/pt-pt\/wp-json\/wp\/v2\/media?parent=4110"}],"curies":[{"name":"wp","href":"https:\/\/api.w.org\/{rel}","templated":true}]}}