{"id":4109,"date":"2025-02-17T17:03:03","date_gmt":"2025-02-17T17:03:03","guid":{"rendered":"https:\/\/bioera.es\/contacto\/"},"modified":"2025-11-24T10:25:34","modified_gmt":"2025-11-24T10:25:34","slug":"contacto","status":"publish","type":"page","link":"https:\/\/bioera.es\/pt-pt\/contacto\/","title":{"rendered":"Contacto"},"content":{"rendered":"\n<div class=\"message-box relative dark\" style=\"padding-top:50px;padding-bottom:50px;\"><div class=\"message-box-bg-image bg-fill fill\" ><\/div><div class=\"message-box-bg-overlay bg-fill fill\" style=\"background-color:#4eb16d;\"><\/div><div class=\"container relative\"><div class=\"inner last-reset\">\n\n<div class=\"row align-middle align-center\"  id=\"row-931181621\">\n\n\n\t<div id=\"col-687637617\" class=\"col medium-9 small-12 large-9\"  >\n\t\t\t\t<div class=\"col-inner text-left\"  >\n\t\t\t\n\t\t\t\n\n\t<div id=\"text-3567814984\" class=\"text\">\n\t\t\n\n<h1><span style=\"font-size: 100%;\">Contacto<\/span><\/h1>\n\t\t\n<style>\n#text-3567814984 {\n  text-align: center;\n}\n@media (min-width:550px) {\n  #text-3567814984 {\n    text-align: center;\n  }\n}\n<\/style>\n\t<\/div>\n\t\n\n\t\t<\/div>\n\t\t\t\t\t<\/div>\n\n\t\n\n<\/div>\n\n<\/div><\/div><\/div>\n\n\t<section class=\"section\" id=\"section_1539629701\">\n\t\t<div class=\"section-bg fill\" >\n\t\t\t\t\t\t\t\t\t\n\t\t\t\n\n\t\t<\/div>\n\n\t\t\n\n\t\t<div class=\"section-content relative\">\n\t\t\t\n\n<div class=\"row row-large\"  id=\"row-734854570\">\n\n\n\t<div id=\"col-1281068422\" class=\"col medium-6 small-12 large-6\"  >\n\t\t\t\t<div class=\"col-inner\"  >\n\t\t\t\n\t\t\t\n\n\t<div id=\"text-781928017\" class=\"text\">\n\t\t\n\n<h1><span data-text-color=\"primary\">Contacta-nos<\/span><\/h1>\n\t\t\n<style>\n#text-781928017 {\n  font-size: 1.3rem;\n}\n<\/style>\n\t<\/div>\n\t\n<p><span style=\"font-size: 120%;\">Se precisares de mais informa\u00e7\u00f5es sobre os nossos servi\u00e7os ou produtos, teremos todo o gosto em ajudar-te! <\/span><\/p>\n\n\t\t<\/div>\n\t\t\t\t\t<\/div>\n\n\t\n\n\t<div id=\"col-643825054\" class=\"col medium-6 small-12 large-6\"  data-animate=\"fadeInUp\">\n\t\t\t\t<div class=\"col-inner text-left\" style=\"background-color:rgb(246, 246, 246);\" >\n\t\t\t\n\t\t\t\n\n\n\t\t<div class=\"icon-box featured-box icon-box-left text-left\"  >\n\t\t\t\t\t<div class=\"icon-box-img\" style=\"width: 27px\">\n\t\t\t\t<div class=\"icon\">\n\t\t\t\t\t<div class=\"icon-inner\" style=\"color:rgb(176, 176, 176);\">\n\t\t\t\t\t\t<img loading=\"lazy\" decoding=\"async\" width=\"1\" height=\"1\" src=\"https:\/\/bioera.es\/wp-content\/uploads\/2024\/02\/Pin-1-Streamline-Streamline-3.0.svg\" class=\"attachment-medium size-medium\" alt=\"\" \/>\t\t\t\t\t<\/div>\n\t\t\t\t<\/div>\n\t\t\t<\/div>\n\t\t\t\t<div class=\"icon-box-text last-reset\">\n\t\t\t\t\t\t\t\t\t\n\n<h3 class=\"uppercase\">Onde \u00e9 que estamos?<\/h3>\n<p>Carrer de Portugal, 12, 43120 Constant\u00ed, Tarragona<\/p>\n\n\t\t<\/div>\n\t<\/div>\n\t\n\t\n\t<div id=\"gap-381613191\" class=\"gap-element clearfix\" style=\"display:block; height:auto;\">\n\t\t\n<style>\n#gap-381613191 {\n  padding-top: 40px;\n}\n<\/style>\n\t<\/div>\n\t\n\n\n\t\t<div class=\"icon-box featured-box icon-box-left text-left\"  >\n\t\t\t\t\t<div class=\"icon-box-img\" style=\"width: 27px\">\n\t\t\t\t<div class=\"icon\">\n\t\t\t\t\t<div class=\"icon-inner\" >\n\t\t\t\t\t\t<img loading=\"lazy\" decoding=\"async\" width=\"1\" height=\"1\" src=\"https:\/\/bioera.es\/wp-content\/uploads\/2024\/02\/Time-Clock-Circle-Streamline-Streamline-3.0.svg\" class=\"attachment-medium size-medium\" alt=\"\" \/>\t\t\t\t\t<\/div>\n\t\t\t\t<\/div>\n\t\t\t<\/div>\n\t\t\t\t<div class=\"icon-box-text last-reset\">\n\t\t\t\t\t\t\t\t\t\n\n<h3 class=\"uppercase\">hor\u00e1rio de funcionamento<\/h3>\n<p>De segunda a sexta-feira, das 8:00 \u00e0s 17:30 horas.<\/p>\n\n\t\t<\/div>\n\t<\/div>\n\t\n\t\n\t<div id=\"gap-293262330\" class=\"gap-element clearfix\" style=\"display:block; height:auto;\">\n\t\t\n<style>\n#gap-293262330 {\n  padding-top: 40px;\n}\n<\/style>\n\t<\/div>\n\t\n\n\n\t\t<div class=\"icon-box featured-box icon-box-left text-left\"  >\n\t\t\t\t\t<div class=\"icon-box-img\" style=\"width: 27px\">\n\t\t\t\t<div class=\"icon\">\n\t\t\t\t\t<div class=\"icon-inner\" >\n\t\t\t\t\t\t<img loading=\"lazy\" decoding=\"async\" width=\"1\" height=\"1\" src=\"https:\/\/bioera.es\/wp-content\/uploads\/2021\/10\/streamline-icon-phone-circle@48x48-1.svg\" class=\"attachment-medium size-medium\" alt=\"\" \/>\t\t\t\t\t<\/div>\n\t\t\t\t<\/div>\n\t\t\t<\/div>\n\t\t\t\t<div class=\"icon-box-text last-reset\">\n\t\t\t\t\t\t\t\t\t\n\n<h3 class=\"uppercase\">Liga-nos para<\/h3>\n<p>+34 977 52 56 30  <\/p>\n\n\t\t<\/div>\n\t<\/div>\n\t\n\t\n\t<div id=\"gap-798805373\" class=\"gap-element clearfix\" style=\"display:block; height:auto;\">\n\t\t\n<style>\n#gap-798805373 {\n  padding-top: 40px;\n}\n<\/style>\n\t<\/div>\n\t\n\n\n\t\t<div class=\"icon-box featured-box icon-box-left text-left\"  >\n\t\t\t\t\t<div class=\"icon-box-img\" style=\"width: 27px\">\n\t\t\t\t<div class=\"icon\">\n\t\t\t\t\t<div class=\"icon-inner\" >\n\t\t\t\t\t\t<img loading=\"lazy\" decoding=\"async\" width=\"1\" height=\"1\" src=\"https:\/\/bioera.es\/wp-content\/uploads\/2021\/10\/streamline-icon-envelope@48x48.svg\" class=\"attachment-medium size-medium\" alt=\"\" \/>\t\t\t\t\t<\/div>\n\t\t\t\t<\/div>\n\t\t\t<\/div>\n\t\t\t\t<div class=\"icon-box-text last-reset\">\n\t\t\t\t\t\t\t\t\t\n\n<h3 class=\"uppercase\">Correio eletr\u00f3nico<\/h3>\n<p>info@bioera.es<\/p>\n\n\t\t<\/div>\n\t<\/div>\n\t\n\t\n\n\t\t<\/div>\n\t\t\t\t\n<style>\n#col-643825054 > .col-inner {\n  padding: 30px 30px 30px 30px;\n  margin: 0px 0px 0px 0px;\n}\n@media (min-width:550px) {\n  #col-643825054 > .col-inner {\n    padding: 30px 30px 30px 50px;\n  }\n}\n<\/style>\n\t<\/div>\n\n\t\n\n<\/div>\n\n\t\t<\/div>\n\n\t\t\n<style>\n#section_1539629701 {\n  padding-top: 80px;\n  padding-bottom: 80px;\n}\n<\/style>\n\t<\/section>\n\t\n\n\t<section class=\"section\" id=\"section_708234855\">\n\t\t<div class=\"section-bg fill\" >\n\t\t\t\t\t\t\t\t\t\n\t\t\t\n\n\t\t<\/div>\n\n\t\t\n\n\t\t<div class=\"section-content relative\">\n\t\t\t\n\n\t<div id=\"gap-194587062\" class=\"gap-element clearfix\" style=\"display:block; height:auto;\">\n\t\t\n<style>\n#gap-194587062 {\n  padding-top: 30px;\n}\n<\/style>\n\t<\/div>\n\t\n\n<div class=\"row align-middle align-center\" style=\"max-width:1260px\" id=\"row-1903733917\">\n\n\n\t<div id=\"col-744015463\" class=\"col medium-12 small-12 large-6\"  >\n\t\t\t\t<div class=\"col-inner\"  >\n\t\t\t\n\t\t\t\n\n  <div class=\"banner-grid-wrapper\">\n  <div id=\"banner-grid-849995433\" class=\"banner-grid row row-grid row-small\" data-packery-options=\"\">\n                      \n\n<div class=\"col grid-col large-12 grid-col-1-2\" ><div class=\"col-inner\">\n\n\t<div class=\"img has-hover x md-x lg-x y md-y lg-y\" id=\"image_1399806224\">\n\t\t\t\t\t\t\t\t<div class=\"img-inner dark\" >\n\t\t\t<img loading=\"lazy\" decoding=\"async\" width=\"1920\" height=\"874\" src=\"https:\/\/bioera.es\/wp-content\/uploads\/2024\/02\/equipo-3.webp\" class=\"attachment-original size-original\" alt=\"\" srcset=\"https:\/\/bioera.es\/wp-content\/uploads\/2024\/02\/equipo-3.webp 1920w, https:\/\/bioera.es\/wp-content\/uploads\/2024\/02\/equipo-3-300x137.webp 300w, https:\/\/bioera.es\/wp-content\/uploads\/2024\/02\/equipo-3-1024x466.webp 1024w, https:\/\/bioera.es\/wp-content\/uploads\/2024\/02\/equipo-3-768x350.webp 768w, https:\/\/bioera.es\/wp-content\/uploads\/2024\/02\/equipo-3-1536x699.webp 1536w, https:\/\/bioera.es\/wp-content\/uploads\/2024\/02\/equipo-3-600x273.webp 600w\" sizes=\"auto, (max-width: 1920px) 100vw, 1920px\" \/>\t\t\t\t\t\t\n\t\t\t\t\t<\/div>\n\t\t\t\t\t\t\t\t\n<style>\n#image_1399806224 {\n  width: 100%;\n}\n<\/style>\n\t<\/div>\n\t\n\n\n<\/div><\/div>\n<div class=\"col grid-col small-17 large-6 grid-col-2-3\" ><div class=\"col-inner\">\n\n\t<div class=\"img has-hover x md-x lg-x y md-y lg-y\" id=\"image_1575249181\">\n\t\t\t\t\t\t\t\t<div class=\"img-inner dark\" >\n\t\t\t<img loading=\"lazy\" decoding=\"async\" width=\"1920\" height=\"1281\" src=\"https:\/\/bioera.es\/wp-content\/uploads\/2024\/02\/equipo2.webp\" class=\"attachment-original size-original\" alt=\"\" srcset=\"https:\/\/bioera.es\/wp-content\/uploads\/2024\/02\/equipo2.webp 1920w, https:\/\/bioera.es\/wp-content\/uploads\/2024\/02\/equipo2-300x200.webp 300w, https:\/\/bioera.es\/wp-content\/uploads\/2024\/02\/equipo2-1024x683.webp 1024w, https:\/\/bioera.es\/wp-content\/uploads\/2024\/02\/equipo2-768x512.webp 768w, https:\/\/bioera.es\/wp-content\/uploads\/2024\/02\/equipo2-1536x1025.webp 1536w, https:\/\/bioera.es\/wp-content\/uploads\/2024\/02\/equipo2-600x400.webp 600w\" sizes=\"auto, (max-width: 1920px) 100vw, 1920px\" \/>\t\t\t\t\t\t\n\t\t\t\t\t<\/div>\n\t\t\t\t\t\t\t\t\n<style>\n#image_1575249181 {\n  width: 100%;\n}\n<\/style>\n\t<\/div>\n\t\n\n\n<\/div><\/div>\n<div class=\"col grid-col small-15 large-6 grid-col-2-3\" ><div class=\"col-inner\">\n\n\t<div class=\"img has-hover x md-x lg-x y md-y lg-y\" id=\"image_689812214\">\n\t\t\t\t\t\t\t\t<div class=\"img-inner dark\" >\n\t\t\t<img loading=\"lazy\" decoding=\"async\" width=\"1941\" height=\"2560\" src=\"https:\/\/bioera.es\/wp-content\/uploads\/2024\/02\/equipo-1-scaled.webp\" class=\"attachment-original size-original\" alt=\"\" srcset=\"https:\/\/bioera.es\/wp-content\/uploads\/2024\/02\/equipo-1-scaled.webp 1941w, https:\/\/bioera.es\/wp-content\/uploads\/2024\/02\/equipo-1-227x300.webp 227w, https:\/\/bioera.es\/wp-content\/uploads\/2024\/02\/equipo-1-776x1024.webp 776w, https:\/\/bioera.es\/wp-content\/uploads\/2024\/02\/equipo-1-768x1013.webp 768w, https:\/\/bioera.es\/wp-content\/uploads\/2024\/02\/equipo-1-1165x1536.webp 1165w, https:\/\/bioera.es\/wp-content\/uploads\/2024\/02\/equipo-1-1553x2048.webp 1553w, https:\/\/bioera.es\/wp-content\/uploads\/2024\/02\/equipo-1-600x791.webp 600w\" sizes=\"auto, (max-width: 1941px) 100vw, 1941px\" \/>\t\t\t\t\t\t\n\t\t\t\t\t<\/div>\n\t\t\t\t\t\t\t\t\n<style>\n#image_689812214 {\n  width: 100%;\n}\n<\/style>\n\t<\/div>\n\t\n\n\n<\/div><\/div>\n<div class=\"col grid-col large-12 grid-col-1-2\" ><div class=\"col-inner\">\n\n\t<div class=\"img has-hover x md-x lg-x y md-y lg-y\" id=\"image_631617987\">\n\t\t\t\t\t\t\t\t<div class=\"img-inner dark\" >\n\t\t\t<img loading=\"lazy\" decoding=\"async\" width=\"1000\" height=\"550\" src=\"https:\/\/bioera.es\/wp-content\/uploads\/2024\/03\/team-bioera.webp\" class=\"attachment-original size-original\" alt=\"\" srcset=\"https:\/\/bioera.es\/wp-content\/uploads\/2024\/03\/team-bioera.webp 1000w, https:\/\/bioera.es\/wp-content\/uploads\/2024\/03\/team-bioera-300x165.webp 300w, https:\/\/bioera.es\/wp-content\/uploads\/2024\/03\/team-bioera-768x422.webp 768w, https:\/\/bioera.es\/wp-content\/uploads\/2024\/03\/team-bioera-600x330.webp 600w\" sizes=\"auto, (max-width: 1000px) 100vw, 1000px\" \/>\t\t\t\t\t\t\n\t\t\t\t\t<\/div>\n\t\t\t\t\t\t\t\t\n<style>\n#image_631617987 {\n  width: 100%;\n}\n<\/style>\n\t<\/div>\n\t\n\n\n<\/div><\/div>\n\n            <\/div>\n    <style>\n    #banner-grid-849995433 .grid-col-1{height: 600px}\n    #banner-grid-849995433 .grid-col-1-2{height: 300px}\n    #banner-grid-849995433 .grid-col-1-3{height:200px}\n    #banner-grid-849995433 .grid-col-2-3{height: 400px}\n    #banner-grid-849995433 .grid-col-1-4{height: 150px}\n    #banner-grid-849995433 .grid-col-3-4{height: 450px}\n\n\n    \n    \n\n  <\/style>\n    <\/div>\n  \n\n\t\t<\/div>\n\t\t\t\t\t<\/div>\n\n\t\n\n\t<div id=\"col-1209562036\" class=\"col medium-12 small-12 large-6 small-col-first\"  >\n\t\t\t\t<div class=\"col-inner\"  >\n\t\t\t\n\t\t\t\n\n\t<div id=\"text-1747432824\" class=\"text\">\n\t\t\n\n<h2>Crescer juntos<\/h2>\n\t\t\n<style>\n#text-1747432824 {\n  font-size: 1.3rem;\n  color: #4eb26e;\n}\n#text-1747432824 > * {\n  color: #4eb26e;\n}\n<\/style>\n\t<\/div>\n\t\n<p><span style=\"font-size: 120%;\">A liga\u00e7\u00e3o da nossa equipa \u00e9 a base dos nossos valores. Queremos que todos se sintam \u00e0 vontade para contribuir com as suas ideias e valorizar o seu esfor\u00e7o e criatividade.<\/span><\/p>\n<p><span style=\"color: #282828;\"><strong><span style=\"font-size: 120%;\">Gostarias de trabalhar connosco ou de te tornar um distribuidor?<\/span><\/strong><\/span><\/p>\n<p><span style=\"font-size: 120%;\">Na Bioera, acreditamos que o valor humano faz parte do sucesso, e \u00e9 por isso que estamos constantemente \u00e0 procura de novos talentos.<\/span><\/p>\n<p><span style=\"font-size: 120%;\">Envia-nos o teu CV para: <a href=\"mailto:info@bioera.es\">info@bioera.es<\/a><\/span><\/p>\n\n\t\t<\/div>\n\t\t\t\t\n<style>\n#col-1209562036 > .col-inner {\n  padding: 0px 0 0px 0px;\n}\n@media (min-width:550px) {\n  #col-1209562036 > .col-inner {\n    padding: 0px 10% 0px 0px;\n  }\n}\n@media (min-width:850px) {\n  #col-1209562036 > .col-inner {\n    padding: 0px 0px 0px 15%;\n  }\n}\n<\/style>\n\t<\/div>\n\n\t\n\n<\/div>\n\n\t\t<\/div>\n\n\t\t\n<style>\n#section_708234855 {\n  padding-top: 30px;\n  padding-bottom: 30px;\n  background-color: rgb(246, 246, 246);\n}\n<\/style>\n\t<\/section>\n\t\n\n","protected":false},"excerpt":{"rendered":"","protected":false},"author":1,"featured_media":4626,"parent":0,"menu_order":0,"comment_status":"closed","ping_status":"closed","template":"page-blank.php","meta":{"footnotes":""},"class_list":["post-4109","page","type-page","status-publish","has-post-thumbnail","hentry"],"_links":{"self":[{"href":"https:\/\/bioera.es\/pt-pt\/wp-json\/wp\/v2\/pages\/4109","targetHints":{"allow":["GET"]}}],"collection":[{"href":"https:\/\/bioera.es\/pt-pt\/wp-json\/wp\/v2\/pages"}],"about":[{"href":"https:\/\/bioera.es\/pt-pt\/wp-json\/wp\/v2\/types\/page"}],"author":[{"embeddable":true,"href":"https:\/\/bioera.es\/pt-pt\/wp-json\/wp\/v2\/users\/1"}],"replies":[{"embeddable":true,"href":"https:\/\/bioera.es\/pt-pt\/wp-json\/wp\/v2\/comments?post=4109"}],"version-history":[{"count":5,"href":"https:\/\/bioera.es\/pt-pt\/wp-json\/wp\/v2\/pages\/4109\/revisions"}],"predecessor-version":[{"id":5506,"href":"https:\/\/bioera.es\/pt-pt\/wp-json\/wp\/v2\/pages\/4109\/revisions\/5506"}],"wp:featuredmedia":[{"embeddable":true,"href":"https:\/\/bioera.es\/pt-pt\/wp-json\/wp\/v2\/media\/4626"}],"wp:attachment":[{"href":"https:\/\/bioera.es\/pt-pt\/wp-json\/wp\/v2\/media?parent=4109"}],"curies":[{"name":"wp","href":"https:\/\/api.w.org\/{rel}","templated":true}]}}