{"id":4104,"date":"2025-02-17T17:03:00","date_gmt":"2025-02-17T17:03:00","guid":{"rendered":"https:\/\/bioera.es\/idi\/"},"modified":"2025-07-14T10:18:55","modified_gmt":"2025-07-14T10:18:55","slug":"idi","status":"publish","type":"page","link":"https:\/\/bioera.es\/pt-pt\/idi\/","title":{"rendered":"I&amp;D&amp;I"},"content":{"rendered":"\n<div class=\"message-box relative dark\" style=\"padding-top:50px;padding-bottom:50px;\"><div class=\"message-box-bg-image bg-fill fill\" ><\/div><div class=\"message-box-bg-overlay bg-fill fill\" style=\"background-color:#4eb16d;\"><\/div><div class=\"container relative\"><div class=\"inner last-reset\">\n\n<div class=\"row align-middle align-center\"  id=\"row-785206485\">\n\n\n\t<div id=\"col-1625536733\" class=\"col medium-9 small-12 large-9\"  >\n\t\t\t\t<div class=\"col-inner text-center\"  >\n\t\t\t\n\t\t\t\n\n\t<div id=\"text-2987207475\" class=\"text\">\n\t\t\n\n<h1>As nossas f\u00f3rmulas s\u00e3o baseadas em I&amp;D&amp;I<\/h2>\n\t\t\n<style>\n#text-2987207475 {\n  text-align: center;\n}\n@media (min-width:550px) {\n  #text-2987207475 {\n    text-align: center;\n  }\n}\n<\/style>\n\t<\/div>\n\t\n\n\t\t<\/div>\n\t\t\t\t\t<\/div>\n\n\t\n\n<\/div>\n\n<\/div><\/div><\/div>\n\n\t<section class=\"section\" id=\"section_123120664\">\n\t\t<div class=\"section-bg fill\" >\n\t\t\t\t\t\t\t\t\t\n\t\t\t\n\n\t\t<\/div>\n\n\t\t\n\n\t\t<div class=\"section-content relative\">\n\t\t\t\n\n<div class=\"row align-middle\"  id=\"row-1381587438\">\n\n\n\t<div id=\"col-481034386\" class=\"col medium-6 small-12 large-6\"  >\n\t\t\t\t<div class=\"col-inner\"  >\n\t\t\t\n\t\t\t\n\n<h1 class=\"p1\"><span class=\"s1\" style=\"font-size: 140%;\" data-text-color=\"primary\">Investiga\u00e7\u00e3o, desenvolvimento e trabalho em equipa<\/span><\/h1>\n<p><span style=\"font-size: 110%;\">A inova\u00e7\u00e3o e a excel\u00eancia das suas formula\u00e7\u00f5es baseiam-se numa cuidadosa investiga\u00e7\u00e3o, desenvolvimento e trabalho de equipa, utilizando os mais recentes avan\u00e7os cient\u00edficos em processos e metodologias biotecnol\u00f3gicas aplic\u00e1veis \u00e0 agricultura. A Bioera projecta em laborat\u00f3rio as ideias que surgem no terreno a partir das necessidades dos clientes, aperfei\u00e7oando-as depois de uma experimenta\u00e7\u00e3o cuidadosa.<\/span><\/p>\n\n\t\t<\/div>\n\t\t\t\t\t<\/div>\n\n\t\n\n\t<div id=\"col-1882601951\" class=\"col medium-6 small-12 large-6\"  >\n\t\t\t\t<div class=\"col-inner text-center\"  >\n\t\t\t\n\t\t\t\n\n<div class=\"slider-wrapper relative\" id=\"slider-1719449564\" >\n    <div class=\"slider slider-nav-circle slider-nav-large slider-nav-light slider-style-normal\"\n        data-flickity-options='{\n            \"cellAlign\": \"center\",\n            \"imagesLoaded\": true,\n            \"lazyLoad\": 1,\n            \"freeScroll\": false,\n            \"wrapAround\": true,\n            \"autoPlay\": 3000,\n            \"pauseAutoPlayOnHover\" : true,\n            \"prevNextButtons\": true,\n            \"contain\" : true,\n            \"adaptiveHeight\" : true,\n            \"dragThreshold\" : 10,\n            \"percentPosition\": true,\n            \"pageDots\": true,\n            \"rightToLeft\": false,\n            \"draggable\": true,\n            \"selectedAttraction\": 0.1,\n            \"parallax\" : 0,\n            \"friction\": 0.6        }'\n        >\n        \n\n\t<div class=\"img has-hover x md-x lg-x y md-y lg-y\" id=\"image_170916406\">\n\t\t\t\t\t\t\t\t<div class=\"img-inner image-cover dark\" style=\"padding-top:75%;\">\n\t\t\t<img loading=\"lazy\" decoding=\"async\" width=\"1000\" height=\"667\" src=\"https:\/\/bioera.es\/wp-content\/uploads\/2025\/07\/7N1A6683.webp\" class=\"attachment-large size-large\" alt=\"\" srcset=\"https:\/\/bioera.es\/wp-content\/uploads\/2025\/07\/7N1A6683.webp 1000w, https:\/\/bioera.es\/wp-content\/uploads\/2025\/07\/7N1A6683-300x200.webp 300w, https:\/\/bioera.es\/wp-content\/uploads\/2025\/07\/7N1A6683-768x512.webp 768w, https:\/\/bioera.es\/wp-content\/uploads\/2025\/07\/7N1A6683-600x400.webp 600w\" sizes=\"auto, (max-width: 1000px) 100vw, 1000px\" \/>\t\t\t\t\t\t\n\t\t\t\t\t<\/div>\n\t\t\t\t\t\t\t\t\n<style>\n#image_170916406 {\n  width: 100%;\n}\n<\/style>\n\t<\/div>\n\t\n\n\t<div class=\"img has-hover x md-x lg-x y md-y lg-y\" id=\"image_206971956\">\n\t\t\t\t\t\t\t\t<div class=\"img-inner image-cover dark\" style=\"padding-top:75%;\">\n\t\t\t<img loading=\"lazy\" decoding=\"async\" width=\"1000\" height=\"563\" src=\"https:\/\/bioera.es\/wp-content\/uploads\/2025\/07\/C1023.MP4_snapshot_00.01_2023.05.28_19.32.27-2.webp\" class=\"attachment-large size-large\" alt=\"\" srcset=\"https:\/\/bioera.es\/wp-content\/uploads\/2025\/07\/C1023.MP4_snapshot_00.01_2023.05.28_19.32.27-2.webp 1000w, https:\/\/bioera.es\/wp-content\/uploads\/2025\/07\/C1023.MP4_snapshot_00.01_2023.05.28_19.32.27-2-300x169.webp 300w, https:\/\/bioera.es\/wp-content\/uploads\/2025\/07\/C1023.MP4_snapshot_00.01_2023.05.28_19.32.27-2-768x432.webp 768w, https:\/\/bioera.es\/wp-content\/uploads\/2025\/07\/C1023.MP4_snapshot_00.01_2023.05.28_19.32.27-2-600x338.webp 600w\" sizes=\"auto, (max-width: 1000px) 100vw, 1000px\" \/>\t\t\t\t\t\t\n\t\t\t\t\t<\/div>\n\t\t\t\t\t\t\t\t\n<style>\n#image_206971956 {\n  width: 100%;\n}\n<\/style>\n\t<\/div>\n\t\n\n\t<div class=\"img has-hover x md-x lg-x y md-y lg-y\" id=\"image_133190574\">\n\t\t\t\t\t\t\t\t<div class=\"img-inner image-cover dark\" style=\"padding-top:75%;\">\n\t\t\t<img loading=\"lazy\" decoding=\"async\" width=\"1000\" height=\"650\" src=\"https:\/\/bioera.es\/wp-content\/uploads\/2025\/07\/7N1A6480.webp\" class=\"attachment-large size-large\" alt=\"\" srcset=\"https:\/\/bioera.es\/wp-content\/uploads\/2025\/07\/7N1A6480.webp 1000w, https:\/\/bioera.es\/wp-content\/uploads\/2025\/07\/7N1A6480-300x195.webp 300w, https:\/\/bioera.es\/wp-content\/uploads\/2025\/07\/7N1A6480-768x499.webp 768w, https:\/\/bioera.es\/wp-content\/uploads\/2025\/07\/7N1A6480-600x390.webp 600w\" sizes=\"auto, (max-width: 1000px) 100vw, 1000px\" \/>\t\t\t\t\t\t\n\t\t\t\t\t<\/div>\n\t\t\t\t\t\t\t\t\n<style>\n#image_133190574 {\n  width: 100%;\n}\n<\/style>\n\t<\/div>\n\t\n\n\t<div class=\"img has-hover x md-x lg-x y md-y lg-y\" id=\"image_1775050674\">\n\t\t\t\t\t\t\t\t<div class=\"img-inner image-cover dark\" style=\"padding-top:75%;\">\n\t\t\t<img loading=\"lazy\" decoding=\"async\" width=\"1000\" height=\"667\" src=\"https:\/\/bioera.es\/wp-content\/uploads\/2025\/07\/7N1A6618.webp\" class=\"attachment-large size-large\" alt=\"\" srcset=\"https:\/\/bioera.es\/wp-content\/uploads\/2025\/07\/7N1A6618.webp 1000w, https:\/\/bioera.es\/wp-content\/uploads\/2025\/07\/7N1A6618-300x200.webp 300w, https:\/\/bioera.es\/wp-content\/uploads\/2025\/07\/7N1A6618-768x512.webp 768w, https:\/\/bioera.es\/wp-content\/uploads\/2025\/07\/7N1A6618-600x400.webp 600w\" sizes=\"auto, (max-width: 1000px) 100vw, 1000px\" \/>\t\t\t\t\t\t\n\t\t\t\t\t<\/div>\n\t\t\t\t\t\t\t\t\n<style>\n#image_1775050674 {\n  width: 100%;\n}\n<\/style>\n\t<\/div>\n\t\n\n\n     <\/div>\n\n     <div class=\"loading-spin dark large centered\"><\/div>\n\n\t<\/div>\n\n\n\n\t\t<\/div>\n\t\t\t\t\t<\/div>\n\n\t\n\n<\/div>\n<div class=\"row align-equal align-center\"  id=\"row-247863420\">\n\n\n\t<div id=\"col-11604392\" class=\"col medium-4 small-12 large-4\"  >\n\t\t\t\t<div class=\"col-inner text-center\"  >\n\t\t\t\n\t\t\t\n\n\n\t\t<div class=\"icon-box featured-box icon-box-center text-center\"  >\n\t\t\t\t\t<div class=\"icon-box-img\" style=\"width: 92px\">\n\t\t\t\t<div class=\"icon\">\n\t\t\t\t\t<div class=\"icon-inner\" >\n\t\t\t\t\t\t<img loading=\"lazy\" decoding=\"async\" width=\"1\" height=\"1\" src=\"https:\/\/bioera.es\/wp-content\/uploads\/2020\/02\/tsree.svg\" class=\"attachment-medium size-medium\" alt=\"\" \/>\t\t\t\t\t<\/div>\n\t\t\t\t<\/div>\n\t\t\t<\/div>\n\t\t\t\t<div class=\"icon-box-text last-reset\">\n\t\t\t\t\t\t\t\t\t\n\n<h3 style=\"text-align: center;\"><span data-text-color=\"primary\">Micorrizas<\/span><\/h3>\n<p style=\"text-align: center;\">S\u00e3o a associa\u00e7\u00e3o simbi\u00f3tica de alguns fungos microsc\u00f3picos do solo com as ra\u00edzes da maioria das plantas. Melhora a absor\u00e7\u00e3o de nutrientes e a toler\u00e2ncia das plantas ao stress&#8230;<\/p>\n\n\t\t<\/div>\n\t<\/div>\n\t\n\t\n<a href=\"https:\/\/bioera.es\/pt-pt\/o-que-sao-as-micorrizas\/\" class=\"button secondary is-underline\" >\n\t\t<span>L\u00ea mais<\/span>\n\t<\/a>\n\n\n\n\t\t<\/div>\n\t\t\t\t\t<\/div>\n\n\t\n\n\t<div id=\"col-1396746030\" class=\"col medium-4 small-12 large-4\"  >\n\t\t\t\t<div class=\"col-inner text-center\"  >\n\t\t\t\n\t\t\t\n\n\n\t\t<div class=\"icon-box featured-box icon-box-center text-center\"  >\n\t\t\t\t\t<div class=\"icon-box-img\" style=\"width: 92px\">\n\t\t\t\t<div class=\"icon\">\n\t\t\t\t\t<div class=\"icon-inner\" >\n\t\t\t\t\t\t<img loading=\"lazy\" decoding=\"async\" width=\"1\" height=\"1\" src=\"https:\/\/bioera.es\/wp-content\/uploads\/2020\/02\/tswree.svg\" class=\"attachment-medium size-medium\" alt=\"\" \/>\t\t\t\t\t<\/div>\n\t\t\t\t<\/div>\n\t\t\t<\/div>\n\t\t\t\t<div class=\"icon-box-text last-reset\">\n\t\t\t\t\t\t\t\t\t\n\n<h3 style=\"text-align: center;\"><span data-text-color=\"primary\">Rizobact\u00e9rias<\/span><\/h3>\n<p style=\"text-align: center;\">Bact\u00e9rias PGP que vivem no ambiente das ra\u00edzes e promovem o crescimento e a prote\u00e7\u00e3o contra os agentes patog\u00e9nicos das plantas&#8230;<\/p>\n\n\t\t<\/div>\n\t<\/div>\n\t\n\t\n<a href=\"https:\/\/bioera.es\/pt-pt\/rizobacterias\/\" class=\"button secondary is-underline\" >\n\t\t<span>L\u00ea mais<\/span>\n\t<\/a>\n\n\n\n\t\t<\/div>\n\t\t\t\t\t<\/div>\n\n\t\n\n\t<div id=\"col-1531742876\" class=\"col medium-4 small-12 large-4\"  >\n\t\t\t\t<div class=\"col-inner text-center\"  >\n\t\t\t\n\t\t\t\n\n\n\t\t<div class=\"icon-box featured-box icon-box-center text-center\"  >\n\t\t\t\t\t<div class=\"icon-box-img\" style=\"width: 92px\">\n\t\t\t\t<div class=\"icon\">\n\t\t\t\t\t<div class=\"icon-inner\" >\n\t\t\t\t\t\t<img loading=\"lazy\" decoding=\"async\" width=\"1\" height=\"1\" src=\"https:\/\/bioera.es\/wp-content\/uploads\/2020\/02\/tree.svg\" class=\"attachment-medium size-medium\" alt=\"\" \/>\t\t\t\t\t<\/div>\n\t\t\t\t<\/div>\n\t\t\t<\/div>\n\t\t\t\t<div class=\"icon-box-text last-reset\">\n\t\t\t\t\t\t\t\t\t\n\n<h3 style=\"text-align: center;\"><span data-text-color=\"primary\">Extractos de plantas<\/span><\/h3>\n<p style=\"text-align: center;\">Subst\u00e2ncias bioestimulantes que melhoram os processos vegetais e aumentam a produ\u00e7\u00e3o e a prote\u00e7\u00e3o das culturas&#8230;<\/p>\n\n\t\t<\/div>\n\t<\/div>\n\t\n\t\n<a href=\"https:\/\/bioera.es\/pt-pt\/faq\/#\" class=\"button secondary is-underline\" >\n\t\t<span>L\u00ea mais<\/span>\n\t<\/a>\n\n\n\n\t\t<\/div>\n\t\t\t\t\t<\/div>\n\n\t\n\n<\/div>\n\n\t\t<\/div>\n\n\t\t\n<style>\n#section_123120664 {\n  padding-top: 118px;\n  padding-bottom: 118px;\n}\n<\/style>\n\t<\/section>\n\t\n\n","protected":false},"excerpt":{"rendered":"","protected":false},"author":1,"featured_media":4106,"parent":0,"menu_order":0,"comment_status":"closed","ping_status":"closed","template":"page-blank.php","meta":{"footnotes":""},"class_list":["post-4104","page","type-page","status-publish","has-post-thumbnail","hentry"],"_links":{"self":[{"href":"https:\/\/bioera.es\/pt-pt\/wp-json\/wp\/v2\/pages\/4104","targetHints":{"allow":["GET"]}}],"collection":[{"href":"https:\/\/bioera.es\/pt-pt\/wp-json\/wp\/v2\/pages"}],"about":[{"href":"https:\/\/bioera.es\/pt-pt\/wp-json\/wp\/v2\/types\/page"}],"author":[{"embeddable":true,"href":"https:\/\/bioera.es\/pt-pt\/wp-json\/wp\/v2\/users\/1"}],"replies":[{"embeddable":true,"href":"https:\/\/bioera.es\/pt-pt\/wp-json\/wp\/v2\/comments?post=4104"}],"version-history":[{"count":6,"href":"https:\/\/bioera.es\/pt-pt\/wp-json\/wp\/v2\/pages\/4104\/revisions"}],"predecessor-version":[{"id":5214,"href":"https:\/\/bioera.es\/pt-pt\/wp-json\/wp\/v2\/pages\/4104\/revisions\/5214"}],"wp:featuredmedia":[{"embeddable":true,"href":"https:\/\/bioera.es\/pt-pt\/wp-json\/wp\/v2\/media\/4106"}],"wp:attachment":[{"href":"https:\/\/bioera.es\/pt-pt\/wp-json\/wp\/v2\/media?parent=4104"}],"curies":[{"name":"wp","href":"https:\/\/api.w.org\/{rel}","templated":true}]}}