{"id":4098,"date":"2025-02-17T17:02:58","date_gmt":"2025-02-17T17:02:58","guid":{"rendered":"https:\/\/bioera.es\/qualidade-e-ambiente\/"},"modified":"2025-02-17T17:03:05","modified_gmt":"2025-02-17T17:03:05","slug":"qualidade-e-ambiente","status":"publish","type":"page","link":"https:\/\/bioera.es\/pt-pt\/qualidade-e-ambiente\/","title":{"rendered":"Qualidade e ambiente"},"content":{"rendered":"\n<div class=\"message-box relative dark\" style=\"padding-top:50px;padding-bottom:50px;\"><div class=\"message-box-bg-image bg-fill fill\" style=\"background-image:url(https:\/\/bioera.es\/wp-content\/uploads\/2019\/12\/fondo-footer-min-1024x427.jpg);\"><\/div><div class=\"message-box-bg-overlay bg-fill fill\" ><\/div><div class=\"container relative\"><div class=\"inner last-reset\">\n\n<div class=\"row align-middle align-center\"  id=\"row-702417462\">\n\n\n\t<div id=\"col-1241124717\" class=\"col medium-9 small-12 large-9\"  >\n\t\t\t\t<div class=\"col-inner\"  >\n\t\t\t\n\t\t\t\n\n<h2>Mat\u00e9rias-primas de alta qualidade<\/h2>\n\n\t\t<\/div>\n\t\t\t\t\t<\/div>\n\n\t\n\n\t<div id=\"col-1085193868\" class=\"col medium-2 small-12 large-2\"  >\n\t\t\t\t<div class=\"col-inner text-center\"  >\n\t\t\t\n\t\t\t\n\n<a data-animate=\"fadeInRight\" href=\"http:\/\/bioera.es\/contacto\/\" class=\"button white is-shade\" >\n\t\t<span>Contacta-nos em<\/span>\n\t<\/a>\n\n\n\n\t\t<\/div>\n\t\t\t\t\t<\/div>\n\n\t\n\n<\/div>\n\n<\/div><\/div><\/div>\n\n\t<section class=\"section\" id=\"section_1506069199\">\n\t\t<div class=\"section-bg fill\" >\n\t\t\t\t\t\t\t\t\t\n\t\t\t\n\n\t\t<\/div>\n\n\t\t\n\n\t\t<div class=\"section-content relative\">\n\t\t\t\n\n<div class=\"row align-middle\"  id=\"row-1366696334\">\n\n\n\t<div id=\"col-1153108771\" class=\"col medium-6 small-12 large-6\"  >\n\t\t\t\t<div class=\"col-inner\"  >\n\t\t\t\n\t\t\t\n\n<h1><span style=\"color: #008000; font-size: 135%;\">Consciente do ambiente e da sustentabilidade.<\/span><\/h1>\n<p><span class=\"s1\">Estamos conscientes da import\u00e2ncia de utilizar <b>mat\u00e9rias-primas de primeira qualidade<\/b>, pois isso permite-nos garantir a efic\u00e1cia dos nossos produtos e a repetibilidade dos resultados da sua aplica\u00e7\u00e3o. Uma filosofia empresarial baseada na responsabilidade e no conhecimento do valor do cuidado com os seus produtos e clientes, bem como a <b>aus\u00eancia de res\u00edduos de pesticidas<\/b> e <b>de<\/b> material geneticamente modificado nos seus produtos, s\u00e3o os pilares que condicionam todos os seus processos de desenvolvimento e fabrico.<\/span><\/p>\n<p class=\"p2\"><span class=\"s2\">Assim, uma grande parte dos produtos <b>da Bioera<\/b> possui o certificado de conformidade para utiliza\u00e7\u00e3o na agricultura biol\u00f3gica, concedido pelo certificador andaluz <b>CAAE<\/b>.<\/span><\/p>\n\n\t\t<\/div>\n\t\t\t\t\t<\/div>\n\n\t\n\n\t<div id=\"col-1576694358\" class=\"col medium-6 small-12 large-6\"  >\n\t\t\t\t<div class=\"col-inner text-center\"  >\n\t\t\t\n\t\t\t\n\n\t<div class=\"img has-hover x md-x lg-x y md-y lg-y\" id=\"image_1021860709\">\n\t\t\t\t\t\t\t\t<div class=\"img-inner image-cover dark\" style=\"padding-top:222px;\">\n\t\t\t<img loading=\"lazy\" decoding=\"async\" width=\"421\" height=\"330\" src=\"https:\/\/bioera.es\/wp-content\/uploads\/2014\/01\/semillero-pimiento-cerca.jpg\" class=\"attachment-large size-large\" alt=\"semillero-pimiento-cerca\" srcset=\"https:\/\/bioera.es\/wp-content\/uploads\/2014\/01\/semillero-pimiento-cerca.jpg 421w, https:\/\/bioera.es\/wp-content\/uploads\/2014\/01\/semillero-pimiento-cerca-300x235.jpg 300w, https:\/\/bioera.es\/wp-content\/uploads\/2014\/01\/semillero-pimiento-cerca-350x274.jpg 350w\" sizes=\"auto, (max-width: 421px) 100vw, 421px\" \/>\t\t\t\t\t\t\n\t\t\t\t\t<\/div>\n\t\t\t\t\t\t\t\t\n<style>\n#image_1021860709 {\n  width: 87%;\n}\n<\/style>\n\t<\/div>\n\t\n\n<div class=\"row align-middle\"  id=\"row-457709314\">\n\n\n\t<div id=\"col-1617667740\" class=\"col medium-4 small-12 large-4\"  >\n\t\t\t\t<div class=\"col-inner text-center\"  >\n\t\t\t\n\t\t\t\n\n\t<div class=\"img has-hover x md-x lg-x y md-y lg-y\" id=\"image_342371276\">\n\t\t\t\t\t\t\t\t<div class=\"img-inner dark\" >\n\t\t\t<img loading=\"lazy\" decoding=\"async\" width=\"304\" height=\"299\" src=\"https:\/\/bioera.es\/wp-content\/uploads\/2014\/01\/logo_caae_2.png\" class=\"attachment-large size-large\" alt=\"logo_caae_2\" srcset=\"https:\/\/bioera.es\/wp-content\/uploads\/2014\/01\/logo_caae_2.png 304w, https:\/\/bioera.es\/wp-content\/uploads\/2014\/01\/logo_caae_2-300x295.png 300w, https:\/\/bioera.es\/wp-content\/uploads\/2014\/01\/logo_caae_2-56x56.png 56w\" sizes=\"auto, (max-width: 304px) 100vw, 304px\" \/>\t\t\t\t\t\t\n\t\t\t\t\t<\/div>\n\t\t\t\t\t\t\t\t\n<style>\n#image_342371276 {\n  width: 100%;\n}\n<\/style>\n\t<\/div>\n\t\n\n\n\t\t<\/div>\n\t\t\t\t\t<\/div>\n\n\t\n\n\t<div id=\"col-2105573900\" class=\"col medium-8 small-12 large-8\"  >\n\t\t\t\t<div class=\"col-inner\"  >\n\t\t\t\n\t\t\t\n\n<h2 class=\"lead\" style=\"text-align: left;\"><span style=\"font-size: 85%;\" data-line-height=\"xs\">Ajudamos a preservar a sa\u00fade e o equil\u00edbrio das plantas, do solo e do ambiente em que vivemos!<\/span><\/h2>\n\n\t\t<\/div>\n\t\t\t\t\t<\/div>\n\n\t\n\n<\/div>\n\n\t\t<\/div>\n\t\t\t\t\t<\/div>\n\n\t\n\n<\/div>\n\n\t\t<\/div>\n\n\t\t\n<style>\n#section_1506069199 {\n  padding-top: 126px;\n  padding-bottom: 126px;\n}\n<\/style>\n\t<\/section>\n\t\n\n\t<section class=\"section\" id=\"section_1368787687\">\n\t\t<div class=\"section-bg fill\" >\n\t\t\t\t\t\t\t\t\t\n\t\t\t\n\n\t\t<\/div>\n\n\t\t\n\n\t\t<div class=\"section-content relative\">\n\t\t\t\n\n\n\t\t<\/div>\n\n\t\t\n<style>\n#section_1368787687 {\n  padding-top: 30px;\n  padding-bottom: 30px;\n  background-color: rgb(245, 245, 245);\n}\n<\/style>\n\t<\/section>\n\t\n\n","protected":false},"excerpt":{"rendered":"","protected":false},"author":1,"featured_media":0,"parent":0,"menu_order":0,"comment_status":"closed","ping_status":"closed","template":"page-blank.php","meta":{"footnotes":""},"class_list":["post-4098","page","type-page","status-publish","hentry"],"_links":{"self":[{"href":"https:\/\/bioera.es\/pt-pt\/wp-json\/wp\/v2\/pages\/4098","targetHints":{"allow":["GET"]}}],"collection":[{"href":"https:\/\/bioera.es\/pt-pt\/wp-json\/wp\/v2\/pages"}],"about":[{"href":"https:\/\/bioera.es\/pt-pt\/wp-json\/wp\/v2\/types\/page"}],"author":[{"embeddable":true,"href":"https:\/\/bioera.es\/pt-pt\/wp-json\/wp\/v2\/users\/1"}],"replies":[{"embeddable":true,"href":"https:\/\/bioera.es\/pt-pt\/wp-json\/wp\/v2\/comments?post=4098"}],"version-history":[{"count":1,"href":"https:\/\/bioera.es\/pt-pt\/wp-json\/wp\/v2\/pages\/4098\/revisions"}],"predecessor-version":[{"id":4103,"href":"https:\/\/bioera.es\/pt-pt\/wp-json\/wp\/v2\/pages\/4098\/revisions\/4103"}],"wp:attachment":[{"href":"https:\/\/bioera.es\/pt-pt\/wp-json\/wp\/v2\/media?parent=4098"}],"curies":[{"name":"wp","href":"https:\/\/api.w.org\/{rel}","templated":true}]}}