{"id":547,"date":"2014-01-24T16:32:38","date_gmt":"2014-01-24T16:32:38","guid":{"rendered":"http:\/\/bioera.es\/?page_id=547"},"modified":"2020-10-09T10:05:04","modified_gmt":"2020-10-09T10:05:04","slug":"aviso-legal","status":"publish","type":"page","link":"https:\/\/bioera.es\/en\/aviso-legal\/","title":{"rendered":"Legal advice"},"content":{"rendered":"\n<div class=\"row\"  id=\"row-873694232\">\n\n\n\t<div id=\"col-480443070\" class=\"col small-12 large-12\"  >\n\t\t\t\t<div class=\"col-inner\"  >\n\t\t\t\n\t\t\t\n\n<h3><strong>DATOS IDENTIFICATIVOS DEL PRESTADOR DE SERVICIOS DE LA SOCIEDAD DE LA INFORMACI\u00d3N<\/strong><\/h3>\n<p>De conformidad con el art\u00edculo 10 de la <strong>Ley 34\/2002<\/strong>, de 11 de julio, de \u201c<strong>Servicios de la Sociedad de la Informaci\u00f3n y Comercio Electr\u00f3nico (LSSI)\u201d<\/strong>, ponemos en su conocimiento la siguiente informaci\u00f3n:<\/p>\n<p><strong>BIOERA, S.L., [<\/strong>de ahora en adelante <strong>GRUPO BIOERA], <\/strong>es el titular del portal Web <strong>bioera.es<\/strong>, que act\u00faa exclusivamente como explotadora, y gestora de los contenidos de los portales Web domiciliada en: C\/ Portugal, N\u00ba 12-B &#8211; 43120 CONSTANT\u00cd, NIF B64773864, Inscrita en el Registro Mercantil de Tarragona Tomo 40503, Folio 197, Hoja B365263, Inscripci\u00f3n 1\u00aa, es la encargada de la explotaci\u00f3n, gesti\u00f3n y funcionamiento del portal Web mencionado anteriormente.<br>Si quiere contactar con nosotros, puede hacerlo mediante correo postal a la direcci\u00f3n mencionada al p\u00e1rrafo anterior, o bien a trav\u00e9s del correo electr\u00f3nico <strong>compra@bioera.es<\/strong><\/p>\n<p>&nbsp;<\/p>\n<h4><strong>INTRODUCCI\u00d3N<\/strong><\/h4>\n<p>El presente Aviso legal regula el uso de esta p\u00e1gina web. El acceso en la web es gratuito excepto en el relativo al coste de la conexi\u00f3n a trav\u00e9s de la red de telecomunicaciones suministrada por el proveedor de acceso contratado por los usuarios.<\/p>\n<h4><br><strong>ACEPTACI\u00d3N<\/strong><\/h4>\n<p>La utilizaci\u00f3n del portal Web atribuye la condici\u00f3n de usuario, e implica la aceptaci\u00f3n total y sin reservas de todas y cada una de las disposiciones incluidas en este Aviso Legal, en la versi\u00f3n publicada para el <strong>GRUPO BIOERA<\/strong> en el mismo momento en que el usuario acceda a la Web. En consecuencia, el usuario tiene que leer atentamente el presente <strong>Aviso Legal<\/strong> en cada una de las ocasiones en que se proponga utilizar la Web, puesto que puede sufrir modificaciones.<\/p>\n<p><strong>&nbsp;<\/strong><\/p>\n<h4><strong>INFORMACI\u00d3N SOBRE LOS V\u00cdNCULOS \u201cLINKS\u201d<\/strong><\/h4>\n<p><strong>GRUPO BIOERA<\/strong> no se hace responsable de las webs no propias o de terceros, a las cuales se puede acceder mediante v\u00ednculos \u201c<strong>links<\/strong>\u201d o de cualquier contenido puesto a disposici\u00f3n por terceros.<br>Cualquier uso de un v\u00ednculo o acceso a una Web no propia es realizado por voluntad y riesgo exclusivo del usuario, <strong>GRUPO BIOERA<\/strong> no recomienda ni garantiza ninguna informaci\u00f3n obtenida a trav\u00e9s de un v\u00ednculo ajeno a la web de <strong>bioera.es,<\/strong> ni se responsabiliza de ninguna p\u00e9rdida, reclamaci\u00f3n o perjuicio derivada del uso o mal uso de un v\u00ednculo, o de la informaci\u00f3n obtenida a trav\u00e9s de \u00e9l, incluyendo otros v\u00ednculos o webs, de la interrupci\u00f3n en el servicio o en el acceso, o del uso&nbsp; o mal uso de un v\u00ednculo, tanto al conectar al portal Web <strong>bioera.es<\/strong> c\u00f3mo al acceder a la informaci\u00f3n de otras webs desde el mismo portal Web.<\/p>\n<h4><br><strong>RENUNCIA Y LIMITACI\u00d3N DE LA RESPONSABILIDAD<\/strong><\/h4>\n<p>La informaci\u00f3n y servicios incluidos o disponibles a trav\u00e9s de las p\u00e1ginas Web pueden incluir incorrecciones o errores tipogr\u00e1ficos. De forma peri\u00f3dica se incorporan cambios a la informaci\u00f3n contenida. El <strong>GRUPO BIOERA<\/strong> puede introducir en cualquier momento mejoras y\/o cambios en los servicios o contenidos.<br>Tambi\u00e9n se advierte que los contenidos de esta web tienen la finalidad informativa en cuanto a la oferta de servicios y tarifas, seg\u00fan lo previsto en el presente aviso legal y en el resto de los textos legales del presente portal.<\/p>\n<p>&nbsp;<\/p>\n<h4><strong>INFORMACI\u00d3N SOBRE LA EXENCI\u00d3N DE TODA RESPONSABILIDAD DERIVADA DE UN FALLO T\u00c9CNICO Y DE CONTENIDO<\/strong><\/h4>\n<p><strong>GRUPO BIOERA<\/strong> declina cualquier responsabilidad en caso de que existan interrupciones o un mal funcionamiento de los servicios o contenidos ofrecidos en Internet, cualquiera que sea su causa.<br>As\u00ed mismo, el <strong>GRUPO BIOERA<\/strong> no se hace responsable de las ca\u00eddas de la red, p\u00e9rdidas de negocio a consecuencia de estas ca\u00eddas, suspensiones temporales del fluido el\u00e9ctrico o cualquiera otro tipo.<br><br>El<strong> GRUPO BIOERA <\/strong>no garantiza que los servicios o contenidos no sean interrumpidos o que est\u00e9n libres de errores, que los defectos sean corregidos, o que el servicio o el servidor que lo pone a su disposici\u00f3n est\u00e9n libre de virus u otros componentes nocivos, sin perjuicio de que <strong>GRUPO BIOERA<\/strong> realiza sus mejores esfuerzos a evitar este tipo de incidentes. En caso de que el usuario tomara determinadas decisiones o realizara acciones en base a la informaci\u00f3n incluida en cualquier de los \u201cwebsites\u201d, se recomienda la comprobaci\u00f3n de la informaci\u00f3n recibida con otras fuentes.<\/p>\n<p>&nbsp;<\/p>\n<h4><strong>PROPIEDAD INTELECTUAL E INDUSTRIAL, MARCAS REGISTRADAS<\/strong><\/h4>\n<p>La estructura, dise\u00f1o y forma de presentaci\u00f3n de los elementos (gr\u00e1ficos, im\u00e1genes, ficheros logotipos, combinaciones de colores y cualquier elemento susceptible de protecci\u00f3n) est\u00e1n protegidos por derechos de propiedad intelectual, titularidad del <strong>GRUPO BIOERA.<\/strong><br><br>Est\u00e1 prohibida la reproducci\u00f3n, la transformaci\u00f3n, la distribuci\u00f3n, la comunicaci\u00f3n p\u00fablica, y en general cualquier otra forma de explotaci\u00f3n, parcial o total de los elementos referidos en el apartado anterior. Estos actos de explotaci\u00f3n s\u00f3lo podr\u00e1n ser realizados en virtud de la autorizaci\u00f3n expresa de <strong>GRUPO BIOERA<\/strong> y que, en todo caso, tendr\u00e1n que hacer referencia expl\u00edcita a la titularidad de los citados derechos de propiedad intelectual de <strong>GRUPO BIOERA.<\/strong><br><br>S\u00f3lo est\u00e1 autorizado para el uso privado del material documental elaborado para <strong>GRUPO BIOERA.<\/strong> En ning\u00fan caso, podr\u00e1 suprimir, alterar, eludir o manipular cualquier dispositivo de protecci\u00f3n o sistemas de seguridad que pueda estar instalado.<br><br>Excepto autorizaci\u00f3n expresa de <strong>GRUPO BIOERA<\/strong> no se permite el enlace a \u201cp\u00e1ginas finales\u201d, el \u201cframe\u201d y cualquier otra manipulaci\u00f3n similar. Los enlaces tienen que ser siempre en la p\u00e1gina principal o \u201chome page\u201d de <strong>bioera.es<\/strong><br><br>Los signos distintivos (marcas, nombres comerciales) de <strong>GRUPO BIOERA<\/strong> est\u00e1n protegidos por derechos de propiedad industrial, quedando prohibida la utilizaci\u00f3n o manipulaci\u00f3n de cualquiera de estos, excepto autorizaci\u00f3n expresa y por escrito de <strong>GRUPO BIOERA.<\/strong><\/p>\n\n\t\t<\/div>\n\t\t\t\t\n<style>\n#col-480443070 > .col-inner {\n  padding: 52px 0px 0px 0px;\n}\n<\/style>\n\t<\/div>\n\n\t\n\n<\/div>\n","protected":false},"excerpt":{"rendered":"","protected":false},"author":1,"featured_media":0,"parent":0,"menu_order":0,"comment_status":"closed","ping_status":"closed","template":"page-blank.php","meta":{"footnotes":""},"class_list":["post-547","page","type-page","status-publish","hentry"],"_links":{"self":[{"href":"https:\/\/bioera.es\/en\/wp-json\/wp\/v2\/pages\/547","targetHints":{"allow":["GET"]}}],"collection":[{"href":"https:\/\/bioera.es\/en\/wp-json\/wp\/v2\/pages"}],"about":[{"href":"https:\/\/bioera.es\/en\/wp-json\/wp\/v2\/types\/page"}],"author":[{"embeddable":true,"href":"https:\/\/bioera.es\/en\/wp-json\/wp\/v2\/users\/1"}],"replies":[{"embeddable":true,"href":"https:\/\/bioera.es\/en\/wp-json\/wp\/v2\/comments?post=547"}],"version-history":[{"count":5,"href":"https:\/\/bioera.es\/en\/wp-json\/wp\/v2\/pages\/547\/revisions"}],"predecessor-version":[{"id":1992,"href":"https:\/\/bioera.es\/en\/wp-json\/wp\/v2\/pages\/547\/revisions\/1992"}],"wp:attachment":[{"href":"https:\/\/bioera.es\/en\/wp-json\/wp\/v2\/media?parent=547"}],"curies":[{"name":"wp","href":"https:\/\/api.w.org\/{rel}","templated":true}]}}