{"id":1489,"date":"2020-10-09T10:06:01","date_gmt":"2020-10-09T10:06:01","guid":{"rendered":"https:\/\/bioera.es\/?page_id=1489"},"modified":"2025-02-17T17:05:22","modified_gmt":"2025-02-17T17:05:22","slug":"politica-de-privacidad","status":"publish","type":"page","link":"https:\/\/bioera.es\/en\/politica-de-privacidad\/","title":{"rendered":"Privacy Policy"},"content":{"rendered":"\n<div class=\"row\"  id=\"row-296982387\">\n\n\n\t<div id=\"col-766985626\" class=\"col small-12 large-12\"  >\n\t\t\t\t<div class=\"col-inner\"  >\n\t\t\t\n\t\t\t\n\n<h4><strong>RESPONSABLE<\/strong><\/h4>\n<p>De conformidad con lo establecido por el <strong>Reglamento General (UE) 2016\/679 de Protecci\u00f3n de datos y la Ley Org\u00e1nica 3\/2018 de Protecci\u00f3n de Datos personales y garant\u00edas de los derechos digitales<\/strong>, le informamos que los datos personales facilitados a trav\u00e9s de los formularios, as\u00ed como su direcci\u00f3n de correo electr\u00f3nico, han sido incluidos en un tratamiento titularidad de <strong>BIOERA, S.L., [<\/strong>de ahora en adelante<strong> GRUPO BIOERA], <\/strong>con&nbsp; domicilio social en la C\/ Portugal, N\u00ba 12-B &#8211; 43120 CONSTANT\u00cd, NIF B64773864, Inscrita en el Registro Mercantil de Tarragona Tomo 40503, Folio 197, Hoja B365263, Inscripci\u00f3n 1\u00aa, es la encargada de la explotaci\u00f3n, gesti\u00f3n y funcionamiento del portal Web mencionado anteriormente.<br>E-mail <strong>compra@bioera.es<\/strong><strong>,<\/strong> con el fin de atender sus consultas y el env\u00edo de informaci\u00f3n relacionada con los servicios que ofrece el<strong> GRUPO BIOERA.<\/strong><\/p>\n<p>Se informa que los datos pueden ser utilizados para el env\u00edo de comunicaciones comerciales, por cualquier medio, relativo a actividades y servicios de nuestra empresa o grupo empresarial que puedan ser de su inter\u00e9s. Usted podr\u00e1 en cualquier momento oponerse a este tipo de comunicaciones, enviando un correo electr\u00f3nico a la direcci\u00f3n <strong>compra@bioera.es<\/strong> e indicando en el asunto <strong>&#8220;BAJA DE LA LISTA DE DISTRIBUCI\u00d3N&#8221;.<\/strong><\/p>\n<p>As\u00ed mismo, podr\u00e1 ejercer los derechos de <strong>a<\/strong>cceso, <strong>r<\/strong>ectificaci\u00f3n, <strong>s<\/strong>upresi\u00f3n,<strong> c<\/strong>ancelaci\u00f3n, <strong>o<\/strong>posici\u00f3n, <strong>p<\/strong>ortabilidad y <strong>l<\/strong>imitaci\u00f3n, enviando un escrito acompa\u00f1ado de una fotocopia del D.N.I o documento acreditativo equivalente a la siguiente direcci\u00f3n: <strong>C\/ Portugal, N\u00ba 12-B &#8211; 43120 CONSTANT\u00cd <\/strong>o envi\u00e1ndolo por correo electr\u00f3nico a <strong>pd@bioera.es<\/strong> indicando en el asunto &#8220;<strong>PROTECCI\u00d3N DE DATOS<\/strong>&#8220;.<br><br><\/p>\n<h4><strong>POL\u00cdTICA<\/strong><\/h4>\n<p><strong>GRUPO BIOERA<\/strong> est\u00e1 especialmente sensibilizado con la protecci\u00f3n de los datos de los usuarios de los servicios que acceden al sitio web. Mediante la presente Pol\u00edtica de Privacidad se informa a los usuarios de <strong>bioera.es<\/strong> del tratamiento y usos a los que se someten los datos personales que se recaban en la web mediante la <strong>informaci\u00f3n adicional<\/strong>, con el fin de que decidan, libre y voluntariamente, si desean facilitar la informaci\u00f3n solicitada.<\/p>\n<p><strong>&nbsp;<\/strong><\/p>\n<h4><strong>MEDIDAS DE SEGURIDAD<\/strong><strong>&nbsp;<\/strong><\/h4>\n<p>Finalmente se informa que el <strong>GRUPO BIOERA, <\/strong>ha adoptado en el sistema de informaci\u00f3n las medidas t\u00e9cnicas y organizativas adecuadas, con objeto de garantizar la seguridad y confidencialidad de los datos almacenados, evitando as\u00ed, su alteraci\u00f3n, p\u00e9rdida, tratamiento o acceso no autorizado; teniendo en cuenta el estado de la t\u00e9cnica, los costes de aplicaci\u00f3n, y la naturaleza, el alcance, el contexto y las finalidades del tratamiento, as\u00ed como riesgos de probabilidad y gravedad variables asociadas a cada uno de los tratamientos..<br><br><\/p>\n<h4><strong>DERECHOS DE LOS USUARIOS<\/strong><strong>&nbsp;<\/strong><\/h4>\n<p>El interesado de los datos personales podr\u00e1 ejercitar los derechos que le asisten, de acuerdo con el Reglamento General de Protecci\u00f3n de Datos y del Ley Org\u00e1nica 3\/2018 de Protecci\u00f3n de datos personales y garant\u00edas de los derechos digitales, y que son:<\/p>\n<p><strong>A<\/strong>.- El derecho de <strong>acceso<\/strong>, se podr\u00e1 ejercitar con periodicidad anual, excepto inter\u00e9s leg\u00edtimo acreditado. Al ejercitar este derecho, el interesado podr\u00e1 optar por los siguientes sistemas de consulta del fichero:<br><br>&#8211; Enviar un correo electr\u00f3nico a: <strong>pd@bioera.es.<\/strong><br>&#8211; Comunicaci\u00f3n por escrito dirigida a: <strong>GRUPO BIOERA<\/strong><strong>, <\/strong><strong>C\/ Portugal, N\u00ba 12-B &#8211; 43120 CONSTANT\u00cd<\/strong><strong>&nbsp;<\/strong><\/p>\n<p>El <strong>GRUPO BIOERA<\/strong><strong>, <\/strong>proceder\u00e1 a notificar su decisi\u00f3n en el plazo de un mes. Si fuera en sentido afirmativo, el interesado podr\u00e1 acceder a la referida informaci\u00f3n en el plazo de los 10 d\u00edas siguientes a su notificaci\u00f3n.<\/p>\n<p><strong>B<\/strong>.- Los derechos de <strong>rectificaci\u00f3n <\/strong>y <strong>supresi\u00f3n<\/strong> podr\u00e1n ser ejercitados, con arreglo a las siguientes previsiones, siempre que el interesado considere que los datos recogidos en nuestros tratamientos son <em>inexactos, incompletos, inadecuados o excesivos.<\/em> En este caso, podr\u00e1 ejercitarlos a trav\u00e9s de alguno de los medios anteriormente previstos.<br><strong>GRUPO BIOERA<\/strong><strong>, <\/strong>proceder\u00e1 a la rectificaci\u00f3n o supresi\u00f3n dentro de los 10 d\u00edas siguientes al de la recepci\u00f3n de la solicitud.<\/p>\n<p><strong>C<\/strong>.- El derecho de <strong>oposici\u00f3n <\/strong>podr\u00e1 ser ejercitado, con arreglo a las siguientes previsiones, siempre que el interesado quiera oponerse al tratamiento de sus datos personales tanto si los datos se tratan l\u00edcitamente por inter\u00e9s leg\u00edtimo o consentimiento relativo a fines publicitarios.<\/p>\n<p><strong>D<\/strong>.- El derecho de <strong>portabilidad<\/strong> podr\u00e1 ser ejercitado, con arreglo a las siguientes previsiones, siempre que el interesado considere que los datos recogidos en nuestros tratamientos tienen que ser devueltos al titular de los datos, o en su caso a un tercero (Encargado de tratamiento).<br><br><strong>E<\/strong>.- El derecho de <strong>limitaci\u00f3n del tratamiento <\/strong>podr\u00e1 ser ejercitado, previamente el derecho de oposici\u00f3n al tratamiento de sus datos, y que mientras no se resuelva el derecho de oposici\u00f3n, se limite el tratamiento de los datos.<\/p>\n<p>&nbsp;<\/p>\n<h4><strong>CAMBIO DE NORMATIVA<\/strong><\/h4>\n<p>El <strong>GRUPO BIOERA, <\/strong>se reserva el derecho de modificar la presente pol\u00edtica con el objeto de adaptarla a las novedades legislativas o jurisprudenciales. Tales cambios ser\u00e1n comunicados con la antelaci\u00f3n que sea necesaria en nuestra p\u00e1gina web, sin perjuicio de reclamar el consentimiento necesario de los afectados cuando este no se considere otorgado con arreglo a los t\u00e9rminos de la presente pol\u00edtica.<br><br>Cualquier duda, pregunta o comentario que pudiera tener en referencia a la presente normativa, no dude en consultarlo dirigiendo su comunicaci\u00f3n a: <strong>compra@bioera.es.<\/strong><\/p>\n\n\t\t<\/div>\n\t\t\t\t\n<style>\n#col-766985626 > .col-inner {\n  padding: 52px 0px 0px 0px;\n}\n<\/style>\n\t<\/div>\n\n\t\n\n<\/div>\n","protected":false},"excerpt":{"rendered":"","protected":false},"author":1,"featured_media":0,"parent":0,"menu_order":0,"comment_status":"closed","ping_status":"closed","template":"page-blank.php","meta":{"footnotes":""},"class_list":["post-1489","page","type-page","status-publish","hentry"],"_links":{"self":[{"href":"https:\/\/bioera.es\/en\/wp-json\/wp\/v2\/pages\/1489","targetHints":{"allow":["GET"]}}],"collection":[{"href":"https:\/\/bioera.es\/en\/wp-json\/wp\/v2\/pages"}],"about":[{"href":"https:\/\/bioera.es\/en\/wp-json\/wp\/v2\/types\/page"}],"author":[{"embeddable":true,"href":"https:\/\/bioera.es\/en\/wp-json\/wp\/v2\/users\/1"}],"replies":[{"embeddable":true,"href":"https:\/\/bioera.es\/en\/wp-json\/wp\/v2\/comments?post=1489"}],"version-history":[{"count":3,"href":"https:\/\/bioera.es\/en\/wp-json\/wp\/v2\/pages\/1489\/revisions"}],"predecessor-version":[{"id":4389,"href":"https:\/\/bioera.es\/en\/wp-json\/wp\/v2\/pages\/1489\/revisions\/4389"}],"wp:attachment":[{"href":"https:\/\/bioera.es\/en\/wp-json\/wp\/v2\/media?parent=1489"}],"curies":[{"name":"wp","href":"https:\/\/api.w.org\/{rel}","templated":true}]}}